{"id":14143,"date":"2018-04-09T15:22:01","date_gmt":"2018-04-09T13:22:01","guid":{"rendered":"https:\/\/mguide.eu\/produkt\/oreillette-em-305-25-unites\/"},"modified":"2024-07-24T12:57:47","modified_gmt":"2024-07-24T10:57:47","slug":"oreillette-em-305-25-unites","status":"publish","type":"product","link":"https:\/\/mguide.eu\/fr\/produkt\/oreillette-em-305-25-unites\/","title":{"rendered":"Oreillette EM-305 (25 unit\u00e9s)"},"content":{"rendered":"<p>Le mod\u00e8le EM-305 est une oreillette supra-auriculaire r\u00e9utilisable avec un crochet en plastique. Tr\u00e8s bonne qualit\u00e9 sonore et grande durabilit\u00e9.<br \/>\nNous recommandons des lingettes jetables pour la d\u00e9sinfection du mat\u00e9riel.<\/p>\n","protected":false},"excerpt":{"rendered":"<p>Le casque EM-305 est un casque supra-auriculaire r\u00e9utilisable dot\u00e9 d&#8217;un support en plastique rigide. Recommand\u00e9 pour une utilisation avec des lingettes jetables pour d\u00e9sinfecter le mat\u00e9riel. Compatibilit\u00e9 Okayo WT-300 G2, Okayo WT-350, mGuide DLR-01, mGuide Pellegrino, mGuide Pellegrino 2.<\/p>\n","protected":false},"featured_media":14144,"template":"","meta":{"_acf_changed":false},"product_brand":[],"product_cat":[808,2383],"product_tag":[],"class_list":{"0":"post-14143","1":"product","2":"type-product","3":"status-publish","4":"has-post-thumbnail","6":"product_cat-ecouteurs","7":"product_cat-ecouteurs-reutilisables","8":"pa_marka-okayo-fr","10":"first","11":"instock","12":"taxable","13":"shipping-taxable","14":"purchasable","15":"product-type-simple"},"acf":[],"_links":{"self":[{"href":"https:\/\/mguide.eu\/fr\/wp-json\/wp\/v2\/product\/14143","targetHints":{"allow":["GET"]}}],"collection":[{"href":"https:\/\/mguide.eu\/fr\/wp-json\/wp\/v2\/product"}],"about":[{"href":"https:\/\/mguide.eu\/fr\/wp-json\/wp\/v2\/types\/product"}],"wp:featuredmedia":[{"embeddable":true,"href":"https:\/\/mguide.eu\/fr\/wp-json\/wp\/v2\/media\/14144"}],"wp:attachment":[{"href":"https:\/\/mguide.eu\/fr\/wp-json\/wp\/v2\/media?parent=14143"}],"wp:term":[{"taxonomy":"product_brand","embeddable":true,"href":"https:\/\/mguide.eu\/fr\/wp-json\/wp\/v2\/product_brand?post=14143"},{"taxonomy":"product_cat","embeddable":true,"href":"https:\/\/mguide.eu\/fr\/wp-json\/wp\/v2\/product_cat?post=14143"},{"taxonomy":"product_tag","embeddable":true,"href":"https:\/\/mguide.eu\/fr\/wp-json\/wp\/v2\/product_tag?post=14143"}],"curies":[{"name":"wp","href":"https:\/\/api.w.org\/{rel}","templated":true}]}}