{"id":14168,"date":"2018-08-13T21:30:58","date_gmt":"2018-08-13T19:30:58","guid":{"rendered":"https:\/\/mguide.eu\/produkt\/cordons-tour-de-cou-25-unites\/"},"modified":"2024-08-29T12:56:32","modified_gmt":"2024-08-29T10:56:32","slug":"cordons-tour-de-cou-25-unites","status":"publish","type":"product","link":"https:\/\/mguide.eu\/fr\/produkt\/cordons-tour-de-cou-25-unites\/","title":{"rendered":"Cordons tour de cou (25 unit\u00e9s)"},"content":{"rendered":"<p>S\u00e9curit\u00e9<br \/>\nIls offrent une protection suppl\u00e9mentaire contre les chutes d&#8217;\u00e9quipement.<br \/>\nConfort<br \/>\nAugmenter le confort d&#8217;utilisation des \u00e9metteurs et r\u00e9cepteurs.<br \/>\nPublicit\u00e9<br \/>\nSur demande individuelle, les cordons tour de cou peuvent avoir le logo de votre entreprise.<\/p>\n","protected":false},"excerpt":{"rendered":"<p>S\u00e9curit\u00e9. Ils offrent une protection suppl\u00e9mentaire contre les chutes d&#8217;\u00e9quipement. Confort. Ils augmentent la commodit\u00e9 d&#8217;utilisation de l&#8217;\u00e9metteur\/r\u00e9cepteur. Sur demande individuelle, les cordons peuvent \u00eatre marqu\u00e9s du logo de votre entreprise.<\/p>\n","protected":false},"featured_media":42689,"template":"","meta":{"_acf_changed":false},"product_brand":[],"product_cat":[3238,3250],"product_tag":[],"class_list":{"0":"post-14168","1":"product","2":"type-product","3":"status-publish","4":"has-post-thumbnail","6":"product_cat-cordons-tour-de-cou","7":"product_cat-hygiene-fr","8":"pa_marka-mexpo-fr","10":"first","11":"instock","12":"taxable","13":"shipping-taxable","14":"purchasable","15":"product-type-variable"},"acf":[],"_links":{"self":[{"href":"https:\/\/mguide.eu\/fr\/wp-json\/wp\/v2\/product\/14168","targetHints":{"allow":["GET"]}}],"collection":[{"href":"https:\/\/mguide.eu\/fr\/wp-json\/wp\/v2\/product"}],"about":[{"href":"https:\/\/mguide.eu\/fr\/wp-json\/wp\/v2\/types\/product"}],"wp:featuredmedia":[{"embeddable":true,"href":"https:\/\/mguide.eu\/fr\/wp-json\/wp\/v2\/media\/42689"}],"wp:attachment":[{"href":"https:\/\/mguide.eu\/fr\/wp-json\/wp\/v2\/media?parent=14168"}],"wp:term":[{"taxonomy":"product_brand","embeddable":true,"href":"https:\/\/mguide.eu\/fr\/wp-json\/wp\/v2\/product_brand?post=14168"},{"taxonomy":"product_cat","embeddable":true,"href":"https:\/\/mguide.eu\/fr\/wp-json\/wp\/v2\/product_cat?post=14168"},{"taxonomy":"product_tag","embeddable":true,"href":"https:\/\/mguide.eu\/fr\/wp-json\/wp\/v2\/product_tag?post=14168"}],"curies":[{"name":"wp","href":"https:\/\/api.w.org\/{rel}","templated":true}]}}