{"id":20113,"date":"2019-09-17T16:49:46","date_gmt":"2019-09-17T14:49:46","guid":{"rendered":"https:\/\/mguide.eu\/produkt\/dch-24u-chargeur-pour-24-appareils-pour-le-modele-mguide-pellegrino-2\/"},"modified":"2024-07-24T13:03:11","modified_gmt":"2024-07-24T11:03:11","slug":"dch-24u-chargeur-pour-24-appareils-pour-le-modele-mguide-pellegrino-2","status":"publish","type":"product","link":"https:\/\/mguide.eu\/fr\/produkt\/dch-24u-chargeur-pour-24-appareils-pour-le-modele-mguide-pellegrino-2\/","title":{"rendered":"DCH-24U &#8211; Chargeur pour 24 appareils pour le mod\u00e8le mGuide Pellegrino 2"},"content":{"rendered":"<p>Chargeur l\u00e9ger et pratique pour 24 appareils tourguide mGuide Pellegrino 2. Temps de charge jusqu&#8217;\u00e0 4,5 heures (\u00e0 partir de z\u00e9ro). Utilisez avec des piles AA NiMH d&#8217;une capacit\u00e9 maximale de 2100mA.<br \/>\nLe chargeur peut \u00eatre facilement transport\u00e9 dans une valise avec des v\u00eatements ou dans une sacoche avec des documents. 2 chargeurs entrent parfaitement dans des sacs TBX1 et TBX2.<\/p>\n<p>Soyez \u00e9cologique et \u00e9conomisez:<br \/>\n&#8211; prot\u00e9gez l&#8217;environnement: utilisez un chargeur et des piles rechargeables au lieu de piles jetables!<br \/>\n&#8211; \u00e9conomisez de l&#8217;argent: m\u00eame dans Pellegrino 2, le mod\u00e8le le plus \u00e9conome en \u00e9nergie, les piles jetables s&#8217;\u00e9puisent apr\u00e8s environ 35 heures, tandis que les piles rechargeables serviront pendant des ann\u00e9es!<\/p>\n<p>Le co\u00fbt de 100 piles AA jetables pour alimenter 1 set de Pellegrino 2 (50 r\u00e9cepteurs) est d\u2019environ 90 PLN.<br \/>\nLe co\u00fbt de chargement de 100 piles rechargeables est inf\u00e9rieur \u00e0 1 PLN.<\/p>\n<p>Dimensions: 27x20x4 cm.<br \/>\nLe set comprend un bloc d&#8217;alimentation et des pieds en caoutchouc auto-adh\u00e9sifs.<\/p>\n","protected":false},"excerpt":{"rendered":"<p>Un chargeur pratique et l\u00e9ger pour les appareils de guide touristique mGuide Pellegrino 2 de 24 heures. Temps de charge jusqu&#8217;\u00e0 4,5 heures (\u00e0 partir de z\u00e9ro). \u00c0 utiliser avec des piles AA NiMH d&#8217;une capacit\u00e9 ne d\u00e9passant pas 2100 mA.<\/p>\n","protected":false},"featured_media":19878,"template":"","meta":{"_acf_changed":false},"product_brand":[],"product_cat":[1965],"product_tag":[],"class_list":{"0":"post-20113","1":"product","2":"type-product","3":"status-publish","4":"has-post-thumbnail","6":"product_cat-chargeurs","7":"pa_marka-mguide-fr","9":"first","10":"instock","11":"taxable","12":"shipping-taxable","13":"purchasable","14":"product-type-simple"},"acf":[],"_links":{"self":[{"href":"https:\/\/mguide.eu\/fr\/wp-json\/wp\/v2\/product\/20113","targetHints":{"allow":["GET"]}}],"collection":[{"href":"https:\/\/mguide.eu\/fr\/wp-json\/wp\/v2\/product"}],"about":[{"href":"https:\/\/mguide.eu\/fr\/wp-json\/wp\/v2\/types\/product"}],"wp:featuredmedia":[{"embeddable":true,"href":"https:\/\/mguide.eu\/fr\/wp-json\/wp\/v2\/media\/19878"}],"wp:attachment":[{"href":"https:\/\/mguide.eu\/fr\/wp-json\/wp\/v2\/media?parent=20113"}],"wp:term":[{"taxonomy":"product_brand","embeddable":true,"href":"https:\/\/mguide.eu\/fr\/wp-json\/wp\/v2\/product_brand?post=20113"},{"taxonomy":"product_cat","embeddable":true,"href":"https:\/\/mguide.eu\/fr\/wp-json\/wp\/v2\/product_cat?post=20113"},{"taxonomy":"product_tag","embeddable":true,"href":"https:\/\/mguide.eu\/fr\/wp-json\/wp\/v2\/product_tag?post=20113"}],"curies":[{"name":"wp","href":"https:\/\/api.w.org\/{rel}","templated":true}]}}