{"id":23020,"date":"2020-10-21T16:35:07","date_gmt":"2020-10-21T14:35:07","guid":{"rendered":"https:\/\/mguide.eu\/\/produkt\/oreillette-sh-3-25-unites\/"},"modified":"2024-07-24T12:58:16","modified_gmt":"2024-07-24T10:58:16","slug":"oreillette-sh-3-25-unites","status":"publish","type":"product","link":"https:\/\/mguide.eu\/fr\/produkt\/oreillette-sh-3-25-unites\/","title":{"rendered":"Oreillette SH-3 (25 unit\u00e9s)"},"content":{"rendered":"<p>Les \u00e9couteurs r\u00e9utilisables SH-3 sont \u00e9quip\u00e9s d&#8217;un crochet pliable et \u00e9lastique en caoutchouc gr\u00e2ce auquel ils s&#8217;adaptent \u00e0 diff\u00e9rentes tailles d&#8217;oreille. Le crochet souple et flexible ne provoque pas d&#8217;irritation ni de douleur aux oreilles, m\u00eame apr\u00e8s de longues heures d&#8217;utilisation.<\/p>\n<p>L\u2019\u00e9couteur SH-3 est l\u00e9ger et petit, ce qui en fait un choix id\u00e9al pour de longues visites ou des visites guid\u00e9es de plusieurs heures.<\/p>\n","protected":false},"excerpt":{"rendered":"<p>Les \u00e9couteurs r\u00e9utilisables SH-3 sont \u00e9quip\u00e9s d&#8217;un pendentif accord\u00e9on en caoutchouc, ce qui les rend adapt\u00e9s aux personnes ayant des oreilles de diff\u00e9rentes tailles. Le pendentif doux et flexible ne provoquera pas d&#8217;irritation ni de douleur aux oreilles, il est l\u00e9ger et petit.<\/p>\n","protected":false},"featured_media":32633,"template":"","meta":{"_acf_changed":false},"product_brand":[],"product_cat":[2383,808],"product_tag":[],"class_list":{"0":"post-23020","1":"product","2":"type-product","3":"status-publish","4":"has-post-thumbnail","6":"product_cat-ecouteurs-reutilisables","7":"product_cat-ecouteurs","8":"pa_marka-mexpo-fr","10":"first","11":"instock","12":"taxable","13":"shipping-taxable","14":"purchasable","15":"product-type-simple"},"acf":[],"_links":{"self":[{"href":"https:\/\/mguide.eu\/fr\/wp-json\/wp\/v2\/product\/23020","targetHints":{"allow":["GET"]}}],"collection":[{"href":"https:\/\/mguide.eu\/fr\/wp-json\/wp\/v2\/product"}],"about":[{"href":"https:\/\/mguide.eu\/fr\/wp-json\/wp\/v2\/types\/product"}],"wp:featuredmedia":[{"embeddable":true,"href":"https:\/\/mguide.eu\/fr\/wp-json\/wp\/v2\/media\/32633"}],"wp:attachment":[{"href":"https:\/\/mguide.eu\/fr\/wp-json\/wp\/v2\/media?parent=23020"}],"wp:term":[{"taxonomy":"product_brand","embeddable":true,"href":"https:\/\/mguide.eu\/fr\/wp-json\/wp\/v2\/product_brand?post=23020"},{"taxonomy":"product_cat","embeddable":true,"href":"https:\/\/mguide.eu\/fr\/wp-json\/wp\/v2\/product_cat?post=23020"},{"taxonomy":"product_tag","embeddable":true,"href":"https:\/\/mguide.eu\/fr\/wp-json\/wp\/v2\/product_tag?post=23020"}],"curies":[{"name":"wp","href":"https:\/\/api.w.org\/{rel}","templated":true}]}}