{"id":24252,"date":"2021-03-12T14:24:24","date_gmt":"2021-03-12T13:24:24","guid":{"rendered":"https:\/\/mguide.eu\/\/?post_type=product&#038;p=24252"},"modified":"2026-04-13T10:22:52","modified_gmt":"2026-04-13T08:22:52","slug":"systeme-de-visite-guidee-okayo-wt-300d-m-502hdc-300","status":"publish","type":"product","link":"https:\/\/mguide.eu\/fr\/produkt\/systeme-de-visite-guidee-okayo-wt-300d-m-502hdc-300\/","title":{"rendered":"Syst\u00e8me de visite guid\u00e9e &#8211; Okayo WT-300D | M+ (50+2+HDC-300)"},"content":{"rendered":"<div class=\"wpb-content-wrapper\"><p>[vc_row][vc_column][vc_column_text css=&#8221;&#8221;]<strong>W sk\u0142ad zestawu* wchodzi:<\/strong><br \/>\n&#8211; 50 odbiornik\u00f3w<br \/>\n&#8211; 2 nadajniki<br \/>\n&#8211; 50 szt. s\u0142uchawek SH<br \/>\n&#8211; 2 szt. mikrofonu LM<br \/>\n&#8211; zaczep do smyczy<br \/>\n&#8211; 50 smyczy higienicznych<br \/>\n&#8211; torba TBX-2 &#8211; 2 szt.<br \/>\n&#8211; 1 szt. walizo-\u0142adowarki HDC-300 do jednoczesnego \u0142adowania 24 szt. urz\u0105dze\u0144 WT-300<br \/>\n&#8211; komplet 104 akumulatorki NiMH<\/p>\n<p><strong>Cyfrowy model WT-300D (purpurowe odbiorniki, turkusowe nadajniki) nie jest kompatybilny ze starymi analogowymi generacjami tego modelu (czerwone odbiorniki, niebieskie nadajniki). <\/strong><br \/>\n<strong>Brak kompatybilno\u015bci nie jest podstaw\u0105 do reklamacji czy zwrotu towaru.<\/strong><\/p>\n<p><strong>Kolor torby na zdj\u0119ciu &#8211; przyk\u0142adowy. Zapytaj o dost\u0119pn\u0105 kolorystyk\u0119.<\/strong><\/p>\n<p>Modelu Okayo WT-300 nie spos\u00f3b okre\u015bli\u0107 inaczej, jak kultowy. Czerwone odbiorniki towarzysz\u0105 przewodnikom i turystom w ca\u0142ej Europie od ponad 10 lat. Zyska\u0142y rzesz\u0119 zagorza\u0142ych sympatyk\u00f3w dzi\u0119ki \u015bwietnym parametrom takim jak m.in. zasi\u0119g, czas pracy, odpornej obudowie czy prostej obs\u0142udze.<\/p>\n<p><strong>Wszystko, co dobre ko\u0144czy si\u0119&#8230; aby zrobi\u0107 miejsce dla lepszego!<\/strong><\/p>\n<p>Nowa cyfrowa generacja \u2013 model Okayo WT-300D (Digital).<\/p>\n<p>Dzi\u0119ki przej\u015bciu na cyfrow\u0105 transmisj\u0119 mo\u017cemy nie tylko zaproponowa\u0107 korzystniejsz\u0105 cen\u0119 od starszych analogowych wersji (cz\u0119\u015bci do analogowych system\u00f3w nie s\u0105 ju\u017c produkowane, a co za tym idzie ich ceny rosn\u0105), ale przede wszystkim now\u0105 &#8211; nieosi\u0105galn\u0105 do tej pory <strong>funkcj\u0119 zdalnej zmiany kana\u0142u w odbiornikach<\/strong>. Ponadto odbiorniki Okayo WT-300 D <strong>wyposa\u017cono w system HAC (Hearing Aid Compatible)<\/strong> co czyni je przyjaznymi dla os\u00f3b korzystaj\u0105cych z aparat\u00f3w s\u0142uchowych.<\/p>\n<p><strong>Mniej znaczy wi\u0119cej.<\/strong><\/p>\n<p>Okayo WT-300D posiada 25 kana\u0142\u00f3w&#8230; Jednak to tylko pozornie mniej ni\u017c w starszej generacji.<br \/>\nNowy cyfrowy Okayo WT-300 posiada wi\u0119cej kana\u0142\u00f3w mo\u017cliwych do u\u017cywania symultanicznie ni\u017c jego analogowy poprzednik. A\u017c 25 grup mo\u017ce by\u0107 jednocze\u015bnie oprowadzanych na osobnych kana\u0142ach w tym samym ograniczonym miejscu (w modelu analogowym &#8211; do 10). Oznacza to, \u017ce prawdopodobie\u0144stwo zak\u0142\u00f3ce\u0144 spowodowanych przez inne grupy z tym samym modelem w popularnych turystycznych miejscach jest jeszcze mniejsze.<\/p>\n<p><strong>Nowy model &#8211; znane przewagi.<\/strong><\/p>\n<p>Okayo WT-300D posiada znany ju\u017c \u2013 bardzo dobry zasi\u0119g oraz jeszcze d\u0142u\u017cszy czas pracy ni\u017c posiada\u0142 jego analogowy straszy brat. Na 1 \u0142adowaniu\/zmianie baterii odbiornik b\u0119dzie dzia\u0142a\u0142 powy\u017cej 35 godzin, czyli o 10 godzin wi\u0119cej.<\/p>\n<p>Obudowa WT-300D nie uleg\u0142a zmianie poza&#8230; kolorem. Nadal jest to sprawdzony materia\u0142 ABS odporny nie tylko na p\u0119kni\u0119cia, ale nawet drobne zarysowania, jednak tym razem wyr\u00f3\u017cnia si\u0119 nietuzinkow\u0105 i oryginaln\u0105 barw\u0105.<\/p>\n<p>Nadajnik posiada wbudowany mikrofon, na wypadek gdyby gdzie\u015b zapodzia\u0142 zewn\u0119trzny ulubiony mikrofon np. LM-90 lub HM-65.<\/p>\n<p><strong>Wszystkie dotychczasowe akcesoria, w tym \u0142adowarki Okayo HDC-300 wsp\u00f3\u0142pracuj\u0105 z nowym modelem Okayo WT-300D.<\/strong><\/p>\n<p><strong>Gwarancja &#8211; 3 lata.<\/strong><\/p>\n<p>* Zdj\u0119cie zestawu nie przedstawia rzeczywistych ilo\u015bci produkt\u00f3w.[\/vc_column_text][\/vc_column][\/vc_row]<\/p>\n<\/div>","protected":false},"excerpt":{"rendered":"<p>Okayo WT-300D &#8211; un nouveau syst\u00e8me de guidage touristique num\u00e9rique de Okayo Electronics. Une version num\u00e9rique contemporaine de la solution de guidage touristique l\u00e9gendaire avec de nouvelles fonctionnalit\u00e9s pratiques.<\/p>\n<p><a href=\"https:\/\/mguide.eu\/wp-content\/uploads\/2024\/08\/FR-Nano-Blitz-baner.png\"><img loading=\"lazy\" decoding=\"async\" class=\"alignnone size-full wp-image-45232\" src=\"https:\/\/mguide.eu\/wp-content\/uploads\/2024\/08\/FR-Nano-Blitz-baner.png\" alt=\"\" width=\"630\" height=\"120\" srcset=\"https:\/\/i0.wp.com\/mguide.eu\/wp-content\/uploads\/2024\/08\/FR-Nano-Blitz-baner.png?w=630&amp;ssl=1 630w, https:\/\/i0.wp.com\/mguide.eu\/wp-content\/uploads\/2024\/08\/FR-Nano-Blitz-baner.png?resize=600%2C114&amp;ssl=1 600w\" sizes=\"auto, (max-width: 630px) 100vw, 630px\" \/><\/a><\/p>\n<div id=\"gtx-trans\" style=\"position: absolute; left: -578px; top: -10px;\">\n<div class=\"gtx-trans-icon\"><\/div>\n<\/div>\n","protected":false},"featured_media":52817,"template":"","meta":{"_acf_changed":false},"product_brand":[],"product_cat":[803],"product_tag":[],"class_list":{"0":"post-24252","1":"product","2":"type-product","3":"status-publish","4":"has-post-thumbnail","6":"product_cat-sets-tour-guide","7":"pa_marka-okayo-fr","9":"first","10":"instock","11":"taxable","12":"shipping-taxable","13":"purchasable","14":"product-type-simple"},"acf":[],"_links":{"self":[{"href":"https:\/\/mguide.eu\/fr\/wp-json\/wp\/v2\/product\/24252","targetHints":{"allow":["GET"]}}],"collection":[{"href":"https:\/\/mguide.eu\/fr\/wp-json\/wp\/v2\/product"}],"about":[{"href":"https:\/\/mguide.eu\/fr\/wp-json\/wp\/v2\/types\/product"}],"wp:featuredmedia":[{"embeddable":true,"href":"https:\/\/mguide.eu\/fr\/wp-json\/wp\/v2\/media\/52817"}],"wp:attachment":[{"href":"https:\/\/mguide.eu\/fr\/wp-json\/wp\/v2\/media?parent=24252"}],"wp:term":[{"taxonomy":"product_brand","embeddable":true,"href":"https:\/\/mguide.eu\/fr\/wp-json\/wp\/v2\/product_brand?post=24252"},{"taxonomy":"product_cat","embeddable":true,"href":"https:\/\/mguide.eu\/fr\/wp-json\/wp\/v2\/product_cat?post=24252"},{"taxonomy":"product_tag","embeddable":true,"href":"https:\/\/mguide.eu\/fr\/wp-json\/wp\/v2\/product_tag?post=24252"}],"curies":[{"name":"wp","href":"https:\/\/api.w.org\/{rel}","templated":true}]}}