{"id":25225,"date":"2021-06-24T15:01:43","date_gmt":"2021-06-24T13:01:43","guid":{"rendered":"https:\/\/mguide.eu\/\/?post_type=product&#038;p=25225"},"modified":"2022-04-21T09:32:22","modified_gmt":"2022-04-21T07:32:22","slug":"systeme-dintercom-sans-fil-en-mode-full-duplex-okayo-freecom","status":"publish","type":"product","link":"https:\/\/mguide.eu\/fr\/produkt\/systeme-dintercom-sans-fil-en-mode-full-duplex-okayo-freecom\/","title":{"rendered":"Okayo FreeCom &#8211; interphone sans fil pour les entreprises, l&#8217;industrie ou l&#8217;\u00e9ducation"},"content":{"rendered":"<p>Okayo FreeCom est le choix id\u00e9al lorsque vous avez besoin d&#8217;une communication sans fil s\u00e9curis\u00e9e et fiable en mode mains libres et full duplex. Les \u00e9metteurs-r\u00e9cepteurs sans fil, l\u00e9gers et compacts, permettent \u00e0 six utilisateurs de parler simultan\u00e9ment et \u00e0 un nombre illimit\u00e9 d&#8217;utilisateurs d&#8217;\u00e9couter en groupe, avec un son cristallin. FreeCom est un syst\u00e8me num\u00e9rique bidirectionnel offrant un large \u00e9ventail d&#8217;applications qui repose sur quatre principes fondamentaux:<\/p>\n<p>Flexibilit\u00e9: chaque interphone peut \u00eatre configur\u00e9 comme unit\u00e9 principale (Master), unit\u00e9 secondaire (Sub-Master) ou simplement pour \u00e9couter le groupe (Listen).<br \/>\nContr\u00f4le: fonction prioritaire de l&#8217;unit\u00e9 Master sur les autres pour mettre de l&#8217;ordre dans le groupe.<br \/>\nS\u00e9curit\u00e9: cryptage du canal de communication du groupe. Pour les transmissions priv\u00e9es, le groupe ferm\u00e9 peut \u00eatre crypt\u00e9 pour emp\u00eacher les personnes ind\u00e9sirables d&#8217;\u00e9couter les conversations.<br \/>\nSans fil: sans station de base, le syst\u00e8me peut \u00eatre utilis\u00e9 aussi bien \u00e0 l&#8217;int\u00e9rieur qu&#8217;\u00e0 l&#8217;ext\u00e9rieur.<\/p>\n<p>Okayo FreeCom permet \u00e0 plusieurs groupes ind\u00e9pendants de fonctionner en parall\u00e8le sans interf\u00e9rence, et sa conception universelle permet \u00e0 n&#8217;importe quel FreeCom d&#8217;\u00eatre configur\u00e9 en tant qu&#8217;unit\u00e9 Master, Sub-Master ou Listen. Il n&#8217;y a pas de distinction entre les \u00e9metteurs et les r\u00e9cepteurs.<\/p>\n<p>FreeCom peut \u00e9galement servir de syst\u00e8me tourguide avec une unit\u00e9 Master et un groupe d&#8217;utilisateurs en configuration Listen.<\/p>\n<p>Il existe une large gamme d&#8217;\u00e9couteurs disponibles pour les syst\u00e8mes FreeCom qui fonctionneront dans n&#8217;importe quel environnement, d&#8217;une visite de la ville \u00e0 la visite d&#8217;un site industriel.<\/p>\n<p>Caract\u00e9ristiques d&#8217;Okayo FreeCom:<br \/>\n&#8211; Modulation de transmission num\u00e9rique 4GFSK avec technologie de r\u00e9duction du bruit<br \/>\n&#8211; Communication unidirectionnelle ou bidirectionnelle en duplex int\u00e9gral<br \/>\n&#8211; S\u00e9lection du cryptage des canaux pour des conversations priv\u00e9es et s\u00e9curis\u00e9es<br \/>\n&#8211; Chaque appareil peut \u00eatre configur\u00e9 comme Master, Sub-Master ou Listen<br \/>\n&#8211; Synchronisation des appareils sans fil<br \/>\n&#8211; 7 canaux pour la bande de fr\u00e9quence 863 ~ 865 MHz<br \/>\n&#8211; Aucune limitation sur la taille du groupe<br \/>\n&#8211; \u00c9cran OLED r\u00e9tro\u00e9clair\u00e9 \u00e0 contraste \u00e9lev\u00e9<br \/>\n&#8211; Syst\u00e8me enti\u00e8rement sans fil sans station de base ni installation<br \/>\n&#8211; Port\u00e9e de plus de 100 m\u00e8tres en ligne de mire<br \/>\n&#8211; Fonctionnement toute la journ\u00e9e avec un jeu de piles<br \/>\n&#8211; Trois fonctions de bouton de conversation: PTB, PTT, PTM<br \/>\n&#8211; Sensibilit\u00e9 du microphone et puissance RF r\u00e9glables<br \/>\n&#8211; Prise \u00e9couteurs compatible avec les aides auditives (HAC)<br \/>\n&#8211; Prise d&#8217;entr\u00e9e auxiliaire suppl\u00e9mentaire sur l&#8217;appareil<br \/>\n&#8211; Large gamme d&#8217;accessoires disponibles<\/p>\n<p>Applications:<br \/>\n&#8211; visites guid\u00e9es\/ communication en milieu bruyant (industrie)<br \/>\n&#8211; communication en petits groupes, par exemple r\u00e9alisation audio<br \/>\n&#8211; service d&#8217;h\u00f4tels, de restaurants, de bateaux, de mus\u00e9es, d&#8217;attractions touristiques<br \/>\n&#8211; sport, entra\u00eenement sportif, arbitrage, \u00e9v\u00e9nements sportifs<br \/>\n&#8211; syst\u00e8me tourguide bidirectionnel<\/p>\n","protected":false},"excerpt":{"rendered":"<p>Okayo FreeCom est le choix id\u00e9al lorsque vous avez besoin d&#8217;une communication sans fil s\u00e9curis\u00e9e et fiable en mode mains libres et full duplex. Les \u00e9metteurs-r\u00e9cepteurs sans fil, l\u00e9gers et compacts, permettent \u00e0 six utilisateurs de parler simultan\u00e9ment et \u00e0 un nombre illimit\u00e9 d&#8217;utilisateurs d&#8217;\u00e9couter en groupe, avec un son cristallin.<\/p>\n","protected":false},"featured_media":25247,"template":"","meta":{"_acf_changed":false},"product_brand":[],"product_cat":[3247,2551],"product_tag":[],"class_list":{"0":"post-25225","1":"product","2":"type-product","3":"status-publish","4":"has-post-thumbnail","6":"product_cat-postes-dinterphone","7":"product_cat-systemes-dinterphone","8":"pa_marka-okayo-fr","10":"first","11":"instock","12":"taxable","13":"shipping-taxable","14":"purchasable","15":"product-type-simple"},"acf":[],"_links":{"self":[{"href":"https:\/\/mguide.eu\/fr\/wp-json\/wp\/v2\/product\/25225","targetHints":{"allow":["GET"]}}],"collection":[{"href":"https:\/\/mguide.eu\/fr\/wp-json\/wp\/v2\/product"}],"about":[{"href":"https:\/\/mguide.eu\/fr\/wp-json\/wp\/v2\/types\/product"}],"wp:featuredmedia":[{"embeddable":true,"href":"https:\/\/mguide.eu\/fr\/wp-json\/wp\/v2\/media\/25247"}],"wp:attachment":[{"href":"https:\/\/mguide.eu\/fr\/wp-json\/wp\/v2\/media?parent=25225"}],"wp:term":[{"taxonomy":"product_brand","embeddable":true,"href":"https:\/\/mguide.eu\/fr\/wp-json\/wp\/v2\/product_brand?post=25225"},{"taxonomy":"product_cat","embeddable":true,"href":"https:\/\/mguide.eu\/fr\/wp-json\/wp\/v2\/product_cat?post=25225"},{"taxonomy":"product_tag","embeddable":true,"href":"https:\/\/mguide.eu\/fr\/wp-json\/wp\/v2\/product_tag?post=25225"}],"curies":[{"name":"wp","href":"https:\/\/api.w.org\/{rel}","templated":true}]}}