{"id":27413,"date":"2021-11-23T12:54:23","date_gmt":"2021-11-23T11:54:23","guid":{"rendered":"https:\/\/mguide.eu\/produkt\/microphone-a-main-sans-fil-ej-501tg-40ch\/"},"modified":"2022-01-17T16:41:16","modified_gmt":"2022-01-17T15:41:16","slug":"microphone-a-main-sans-fil-ej-501tg-40ch","status":"publish","type":"product","link":"https:\/\/mguide.eu\/fr\/produkt\/microphone-a-main-sans-fil-ej-501tg-40ch\/","title":{"rendered":"Microphone \u00e0 main sans fil EJ-501TG-40CH"},"content":{"rendered":"<p>L&#8217;EJ-501TG-40CH est un \u00e9metteur sans fil sous la forme d&#8217;un microphone \u00e0 main pour la diffusion vocale pour un groupe de destinataires avec des r\u00e9cepteurs Okayo WT-300R. Avec cet \u00e9metteur, une r\u00e9union\/conf\u00e9rence organis\u00e9e ou une visite de groupe devient plus interactive car le microphone peut \u00eatre librement transmis \u00e0 d&#8217;autres personnes. Le microphone a \u00e9t\u00e9 con\u00e7u pour \u00eatre aussi confortable que possible \u00e0 utiliser, son poids avec les piles n&#8217;est donc que de 140g !<\/p>\n<p>Application:<br \/>\n&#8211; visites de groupe interactives<br \/>\n&#8211; conf\u00e9rences \/ formations<br \/>\n&#8211; traductions simultan\u00e9es<br \/>\n&#8211; description audio en direct<br \/>\n&#8211; \u00e9v\u00e9nements \/ foires<\/p>\n<p>Caract\u00e9ristiques du microphone sans fil EJ-501TG-40CH:<br \/>\n&#8211; jusqu&#8217;\u00e0 40 canaux disponibles dans la bande 863 MHz ~ 865 MHz<br \/>\n&#8211; capsule capacitive int\u00e9gr\u00e9e s\u00e9curis\u00e9e par un maillage maill\u00e9<br \/>\n&#8211; affichage LCD<br \/>\n&#8211; aliment\u00e9 par des piles alcalines ou des piles Ni-MH (chargeur de bureau d\u00e9di\u00e9 disponible)<br \/>\n&#8211; 2 modes de microphone disponibles (Push-To-Bolt et Push-To-Talk)<br \/>\n&#8211; extr\u00eamement l\u00e9ger et confortable \u00e0 utiliser<\/p>\n","protected":false},"excerpt":{"rendered":"<p>\u00c9metteur \u00e0 main l\u00e9ger et confortable pour le syst\u00e8me Okayo WT-300.<\/p>\n","protected":false},"featured_media":27407,"template":"","meta":{"_acf_changed":false},"product_brand":[],"product_cat":[5816],"product_tag":[],"class_list":{"0":"post-27413","1":"product","2":"type-product","3":"status-publish","4":"has-post-thumbnail","6":"product_cat-dispositifs-sur-inscription","8":"first","9":"instock","10":"taxable","11":"shipping-taxable","12":"purchasable","13":"product-type-simple"},"acf":[],"_links":{"self":[{"href":"https:\/\/mguide.eu\/fr\/wp-json\/wp\/v2\/product\/27413","targetHints":{"allow":["GET"]}}],"collection":[{"href":"https:\/\/mguide.eu\/fr\/wp-json\/wp\/v2\/product"}],"about":[{"href":"https:\/\/mguide.eu\/fr\/wp-json\/wp\/v2\/types\/product"}],"wp:featuredmedia":[{"embeddable":true,"href":"https:\/\/mguide.eu\/fr\/wp-json\/wp\/v2\/media\/27407"}],"wp:attachment":[{"href":"https:\/\/mguide.eu\/fr\/wp-json\/wp\/v2\/media?parent=27413"}],"wp:term":[{"taxonomy":"product_brand","embeddable":true,"href":"https:\/\/mguide.eu\/fr\/wp-json\/wp\/v2\/product_brand?post=27413"},{"taxonomy":"product_cat","embeddable":true,"href":"https:\/\/mguide.eu\/fr\/wp-json\/wp\/v2\/product_cat?post=27413"},{"taxonomy":"product_tag","embeddable":true,"href":"https:\/\/mguide.eu\/fr\/wp-json\/wp\/v2\/product_tag?post=27413"}],"curies":[{"name":"wp","href":"https:\/\/api.w.org\/{rel}","templated":true}]}}