{"id":27444,"date":"2021-11-25T14:34:16","date_gmt":"2021-11-25T13:34:16","guid":{"rendered":"https:\/\/mguide.eu\/?post_type=product&#038;p=27444"},"modified":"2024-07-24T13:14:36","modified_gmt":"2024-07-24T11:14:36","slug":"headset-jeu-micro-casque-lmr-12","status":"publish","type":"product","link":"https:\/\/mguide.eu\/fr\/produkt\/headset-jeu-micro-casque-lmr-12\/","title":{"rendered":"Headset (jeu micro-casque) LMR-12"},"content":{"rendered":"<p>Un micro-cravate avec un \u00e9couteur sur un support \u00e9lastique en caoutchouc. Il dispose d&#8217;un r\u00e9glage de la sensibilit\u00e9 du microphone, d&#8217;un bouton de sourdine et d&#8217;une entr\u00e9e auxiliaire de 3,5 mm.<\/p>\n","protected":false},"excerpt":{"rendered":"<p>Casque (\u00e9couteur et microphone) LMR-12. Microphone cravate avec \u00e9couteur sur pendentif flexible en caoutchouc. R\u00e9glage de la sensibilit\u00e9 du microphone, bouton muet et entr\u00e9e auxiliaire 3,5 mm. Compatibilit\u00e9 mGuide DLR-01.<\/p>\n","protected":false},"featured_media":27448,"template":"","meta":{"_acf_changed":false},"product_brand":[],"product_cat":[4464],"product_tag":[],"class_list":{"0":"post-27444","1":"product","2":"type-product","3":"status-publish","4":"has-post-thumbnail","6":"product_cat-headsets-fr","7":"pa_marka-linkx-fr","9":"first","10":"instock","11":"taxable","12":"shipping-taxable","13":"purchasable","14":"product-type-simple"},"acf":[],"_links":{"self":[{"href":"https:\/\/mguide.eu\/fr\/wp-json\/wp\/v2\/product\/27444","targetHints":{"allow":["GET"]}}],"collection":[{"href":"https:\/\/mguide.eu\/fr\/wp-json\/wp\/v2\/product"}],"about":[{"href":"https:\/\/mguide.eu\/fr\/wp-json\/wp\/v2\/types\/product"}],"wp:featuredmedia":[{"embeddable":true,"href":"https:\/\/mguide.eu\/fr\/wp-json\/wp\/v2\/media\/27448"}],"wp:attachment":[{"href":"https:\/\/mguide.eu\/fr\/wp-json\/wp\/v2\/media?parent=27444"}],"wp:term":[{"taxonomy":"product_brand","embeddable":true,"href":"https:\/\/mguide.eu\/fr\/wp-json\/wp\/v2\/product_brand?post=27444"},{"taxonomy":"product_cat","embeddable":true,"href":"https:\/\/mguide.eu\/fr\/wp-json\/wp\/v2\/product_cat?post=27444"},{"taxonomy":"product_tag","embeddable":true,"href":"https:\/\/mguide.eu\/fr\/wp-json\/wp\/v2\/product_tag?post=27444"}],"curies":[{"name":"wp","href":"https:\/\/api.w.org\/{rel}","templated":true}]}}