{"id":27602,"date":"2021-12-02T11:56:50","date_gmt":"2021-12-02T10:56:50","guid":{"rendered":"https:\/\/mguide.eu\/?post_type=product&#038;p=27602"},"modified":"2024-07-24T13:14:17","modified_gmt":"2024-07-24T11:14:17","slug":"headset-jeu-micro-casque-hmr-13","status":"publish","type":"product","link":"https:\/\/mguide.eu\/fr\/produkt\/headset-jeu-micro-casque-hmr-13\/","title":{"rendered":"Headset (jeu micro-casque) HMR-13"},"content":{"rendered":"<p>Convient pour une utilisation toute la journ\u00e9e, ce casque monophonique est livr\u00e9 avec un serre-t\u00eate et une oreillette en \u00e9ponge douce pour plus de confort. La structure extr\u00eamement l\u00e9g\u00e8re sera parfaite pour la communication dans la circulation. La perche de microphone flexible vous permet d&#8217;ajuster et d&#8217;optimiser la position du microphone.<\/p>\n","protected":false},"excerpt":{"rendered":"<p>Casque (\u00e9couteur et microphone) HMR-13. Le casque mono est \u00e9quip\u00e9 d&#8217;un arceau et de coussinets d&#8217;oreille en \u00e9ponge douce qui assurent le confort. Construction l\u00e9g\u00e8re. Perche de microphone flexible et r\u00e9glable. Compatibilit\u00e9 Axiwi, Okayo FreeCom.<\/p>\n","protected":false},"featured_media":27606,"template":"","meta":{"_acf_changed":false},"product_brand":[],"product_cat":[4464],"product_tag":[],"class_list":{"0":"post-27602","1":"product","2":"type-product","3":"status-publish","4":"has-post-thumbnail","6":"product_cat-headsets-fr","7":"pa_marka-linkx-fr","9":"first","10":"instock","11":"taxable","12":"shipping-taxable","13":"purchasable","14":"product-type-simple"},"acf":[],"_links":{"self":[{"href":"https:\/\/mguide.eu\/fr\/wp-json\/wp\/v2\/product\/27602","targetHints":{"allow":["GET"]}}],"collection":[{"href":"https:\/\/mguide.eu\/fr\/wp-json\/wp\/v2\/product"}],"about":[{"href":"https:\/\/mguide.eu\/fr\/wp-json\/wp\/v2\/types\/product"}],"wp:featuredmedia":[{"embeddable":true,"href":"https:\/\/mguide.eu\/fr\/wp-json\/wp\/v2\/media\/27606"}],"wp:attachment":[{"href":"https:\/\/mguide.eu\/fr\/wp-json\/wp\/v2\/media?parent=27602"}],"wp:term":[{"taxonomy":"product_brand","embeddable":true,"href":"https:\/\/mguide.eu\/fr\/wp-json\/wp\/v2\/product_brand?post=27602"},{"taxonomy":"product_cat","embeddable":true,"href":"https:\/\/mguide.eu\/fr\/wp-json\/wp\/v2\/product_cat?post=27602"},{"taxonomy":"product_tag","embeddable":true,"href":"https:\/\/mguide.eu\/fr\/wp-json\/wp\/v2\/product_tag?post=27602"}],"curies":[{"name":"wp","href":"https:\/\/api.w.org\/{rel}","templated":true}]}}