{"id":27632,"date":"2021-12-03T12:55:37","date_gmt":"2021-12-03T11:55:37","guid":{"rendered":"https:\/\/mguide.eu\/?post_type=product&#038;p=27632"},"modified":"2024-07-24T13:12:31","modified_gmt":"2024-07-24T11:12:31","slug":"headset-jeu-micro-casque-hem-20","status":"publish","type":"product","link":"https:\/\/mguide.eu\/fr\/produkt\/headset-jeu-micro-casque-hem-20\/","title":{"rendered":"Headset (jeu micro-casque) HEM-20"},"content":{"rendered":"<p>Casque mono l\u00e9ger et professionnel. Il offre des conditions de travail confortables et une qualit\u00e9 de r\u00e9ception de transmission \u00e9lev\u00e9e.<\/p>\n","protected":false},"excerpt":{"rendered":"<p>Casque (\u00e9couteur et microphone) HEM-20. Casque mono l\u00e9ger et professionnel. Casque. Il garantit des conditions de travail confortables et une haute qualit\u00e9 de r\u00e9ception des transmissions.<\/p>\n","protected":false},"featured_media":27636,"template":"","meta":{"_acf_changed":false},"product_brand":[],"product_cat":[4464],"product_tag":[],"class_list":{"0":"post-27632","1":"product","2":"type-product","3":"status-publish","4":"has-post-thumbnail","6":"product_cat-headsets-fr","7":"pa_marka-okayo-fr","9":"first","10":"instock","11":"taxable","12":"shipping-taxable","13":"purchasable","14":"product-type-simple"},"acf":[],"_links":{"self":[{"href":"https:\/\/mguide.eu\/fr\/wp-json\/wp\/v2\/product\/27632","targetHints":{"allow":["GET"]}}],"collection":[{"href":"https:\/\/mguide.eu\/fr\/wp-json\/wp\/v2\/product"}],"about":[{"href":"https:\/\/mguide.eu\/fr\/wp-json\/wp\/v2\/types\/product"}],"wp:featuredmedia":[{"embeddable":true,"href":"https:\/\/mguide.eu\/fr\/wp-json\/wp\/v2\/media\/27636"}],"wp:attachment":[{"href":"https:\/\/mguide.eu\/fr\/wp-json\/wp\/v2\/media?parent=27632"}],"wp:term":[{"taxonomy":"product_brand","embeddable":true,"href":"https:\/\/mguide.eu\/fr\/wp-json\/wp\/v2\/product_brand?post=27632"},{"taxonomy":"product_cat","embeddable":true,"href":"https:\/\/mguide.eu\/fr\/wp-json\/wp\/v2\/product_cat?post=27632"},{"taxonomy":"product_tag","embeddable":true,"href":"https:\/\/mguide.eu\/fr\/wp-json\/wp\/v2\/product_tag?post=27632"}],"curies":[{"name":"wp","href":"https:\/\/api.w.org\/{rel}","templated":true}]}}