{"id":27650,"date":"2021-12-07T11:46:04","date_gmt":"2021-12-07T10:46:04","guid":{"rendered":"https:\/\/mguide.eu\/?post_type=product&#038;p=27650"},"modified":"2024-07-24T13:13:59","modified_gmt":"2024-07-24T11:13:59","slug":"headset-jeu-micro-casque-hem-30","status":"publish","type":"product","link":"https:\/\/mguide.eu\/fr\/produkt\/headset-jeu-micro-casque-hem-30\/","title":{"rendered":"Headset (jeu micro-casque) HEM-30"},"content":{"rendered":"<p>Casque mono l\u00e9ger et professionnel. Bandeau avec un \u00e9couteur sur un c\u00e2ble. Il s&#8217;adapte \u00e0 chaque utilisateur individuellement. L&#8217;\u00e9couteur offre une plus grande r\u00e9duction du bruit de l&#8217;environnement, et donc une meilleure r\u00e9ception de la transmission.<\/p>\n","protected":false},"excerpt":{"rendered":"<p>Casque (\u00e9couteur et microphone) HEM-30. Casque mono l\u00e9ger et professionnel. Bandeau avec \u00e9couteur sur c\u00e2ble. Il s&#8217;adapte \u00e0 chaque utilisateur individuellement. L&#8217;\u00e9couteur offre une plus grande r\u00e9duction du bruit ambiant.<\/p>\n","protected":false},"featured_media":27654,"template":"","meta":{"_acf_changed":false},"product_brand":[],"product_cat":[4464],"product_tag":[],"class_list":{"0":"post-27650","1":"product","2":"type-product","3":"status-publish","4":"has-post-thumbnail","6":"product_cat-headsets-fr","7":"pa_marka-okayo-fr","9":"first","10":"instock","11":"taxable","12":"shipping-taxable","13":"purchasable","14":"product-type-simple"},"acf":[],"_links":{"self":[{"href":"https:\/\/mguide.eu\/fr\/wp-json\/wp\/v2\/product\/27650","targetHints":{"allow":["GET"]}}],"collection":[{"href":"https:\/\/mguide.eu\/fr\/wp-json\/wp\/v2\/product"}],"about":[{"href":"https:\/\/mguide.eu\/fr\/wp-json\/wp\/v2\/types\/product"}],"wp:featuredmedia":[{"embeddable":true,"href":"https:\/\/mguide.eu\/fr\/wp-json\/wp\/v2\/media\/27654"}],"wp:attachment":[{"href":"https:\/\/mguide.eu\/fr\/wp-json\/wp\/v2\/media?parent=27650"}],"wp:term":[{"taxonomy":"product_brand","embeddable":true,"href":"https:\/\/mguide.eu\/fr\/wp-json\/wp\/v2\/product_brand?post=27650"},{"taxonomy":"product_cat","embeddable":true,"href":"https:\/\/mguide.eu\/fr\/wp-json\/wp\/v2\/product_cat?post=27650"},{"taxonomy":"product_tag","embeddable":true,"href":"https:\/\/mguide.eu\/fr\/wp-json\/wp\/v2\/product_tag?post=27650"}],"curies":[{"name":"wp","href":"https:\/\/api.w.org\/{rel}","templated":true}]}}