{"id":27664,"date":"2021-12-07T12:28:06","date_gmt":"2021-12-07T11:28:06","guid":{"rendered":"https:\/\/mguide.eu\/?post_type=product&#038;p=27664"},"modified":"2024-07-24T13:10:15","modified_gmt":"2024-07-24T11:10:15","slug":"headset-jeu-micro-casque-hdb-02g","status":"publish","type":"product","link":"https:\/\/mguide.eu\/fr\/produkt\/headset-jeu-micro-casque-hdb-02g\/","title":{"rendered":"Headset (jeu micro-casque) HDB-02G"},"content":{"rendered":"<p>Un casque durable qui r\u00e9duit consid\u00e9rablement le bruit ambiant, id\u00e9al pour travailler dans un environnement avec des niveaux de bruit \u00e9lev\u00e9s. L&#8217;utilisateur dispose d&#8217;un potentiom\u00e8tre de volume micro et d&#8217;un bouton \u00ab mute \u00bb sur le c\u00e2ble.<\/p>\n","protected":false},"excerpt":{"rendered":"<p>Casque (\u00e9couteur et microphone) HDB-02G. Casque r\u00e9sistant assurant une r\u00e9duction significative du bruit ambiant. Potentiom\u00e8tre de volume du microphone et bouton mute. Marc Maytel. Compatibilit\u00e9 Maytel Grand Multicom.<\/p>\n","protected":false},"featured_media":27668,"template":"","meta":{"_acf_changed":false},"product_brand":[],"product_cat":[4464],"product_tag":[],"class_list":{"0":"post-27664","1":"product","2":"type-product","3":"status-publish","4":"has-post-thumbnail","6":"product_cat-headsets-fr","7":"pa_marka-maytel-fr","9":"first","10":"instock","11":"taxable","12":"shipping-taxable","13":"purchasable","14":"product-type-simple"},"acf":[],"_links":{"self":[{"href":"https:\/\/mguide.eu\/fr\/wp-json\/wp\/v2\/product\/27664","targetHints":{"allow":["GET"]}}],"collection":[{"href":"https:\/\/mguide.eu\/fr\/wp-json\/wp\/v2\/product"}],"about":[{"href":"https:\/\/mguide.eu\/fr\/wp-json\/wp\/v2\/types\/product"}],"wp:featuredmedia":[{"embeddable":true,"href":"https:\/\/mguide.eu\/fr\/wp-json\/wp\/v2\/media\/27668"}],"wp:attachment":[{"href":"https:\/\/mguide.eu\/fr\/wp-json\/wp\/v2\/media?parent=27664"}],"wp:term":[{"taxonomy":"product_brand","embeddable":true,"href":"https:\/\/mguide.eu\/fr\/wp-json\/wp\/v2\/product_brand?post=27664"},{"taxonomy":"product_cat","embeddable":true,"href":"https:\/\/mguide.eu\/fr\/wp-json\/wp\/v2\/product_cat?post=27664"},{"taxonomy":"product_tag","embeddable":true,"href":"https:\/\/mguide.eu\/fr\/wp-json\/wp\/v2\/product_tag?post=27664"}],"curies":[{"name":"wp","href":"https:\/\/api.w.org\/{rel}","templated":true}]}}