{"id":27790,"date":"2021-12-09T12:01:16","date_gmt":"2021-12-09T11:01:16","guid":{"rendered":"https:\/\/mguide.eu\/?post_type=product&#038;p=27790"},"modified":"2024-07-24T13:15:22","modified_gmt":"2024-07-24T11:15:22","slug":"headset-jeu-micro-casque-tem-01pg","status":"publish","type":"product","link":"https:\/\/mguide.eu\/fr\/produkt\/headset-jeu-micro-casque-tem-01pg\/","title":{"rendered":"Headset (jeu micro-casque) TEM-01PG"},"content":{"rendered":"<p>Un casque con\u00e7u pour les personnes travaillant dans la s\u00e9curit\u00e9, la gastronomie ou qui souhaitent communiquer sans \u00e9couteurs accrocheurs. Oreillette transparente, de type tube \u00e0 air, avec un microphone \u00e0 pince tr\u00e8s sensible qui peut \u00eatre allum\u00e9 au moyen du bouton PTT (Push-To-Talk).<\/p>\n","protected":false},"excerpt":{"rendered":"<p>Casque (\u00e9couteur et microphone) TEM-01G. \u00c9couteur transparent \u00e0 tube d&#8217;air avec un microphone lavalier haute sensibilit\u00e9 activ\u00e9 par le bouton PTT (Push-To-Talk). Casque discret. Marc Maytel. Compatibilit\u00e9 Maytel Grand Multicom.<\/p>\n","protected":false},"featured_media":27794,"template":"","meta":{"_acf_changed":false},"product_brand":[],"product_cat":[4464],"product_tag":[],"class_list":{"0":"post-27790","1":"product","2":"type-product","3":"status-publish","4":"has-post-thumbnail","6":"product_cat-headsets-fr","7":"pa_marka-maytel-fr","9":"first","10":"instock","11":"taxable","12":"shipping-taxable","13":"purchasable","14":"product-type-simple"},"acf":[],"_links":{"self":[{"href":"https:\/\/mguide.eu\/fr\/wp-json\/wp\/v2\/product\/27790","targetHints":{"allow":["GET"]}}],"collection":[{"href":"https:\/\/mguide.eu\/fr\/wp-json\/wp\/v2\/product"}],"about":[{"href":"https:\/\/mguide.eu\/fr\/wp-json\/wp\/v2\/types\/product"}],"wp:featuredmedia":[{"embeddable":true,"href":"https:\/\/mguide.eu\/fr\/wp-json\/wp\/v2\/media\/27794"}],"wp:attachment":[{"href":"https:\/\/mguide.eu\/fr\/wp-json\/wp\/v2\/media?parent=27790"}],"wp:term":[{"taxonomy":"product_brand","embeddable":true,"href":"https:\/\/mguide.eu\/fr\/wp-json\/wp\/v2\/product_brand?post=27790"},{"taxonomy":"product_cat","embeddable":true,"href":"https:\/\/mguide.eu\/fr\/wp-json\/wp\/v2\/product_cat?post=27790"},{"taxonomy":"product_tag","embeddable":true,"href":"https:\/\/mguide.eu\/fr\/wp-json\/wp\/v2\/product_tag?post=27790"}],"curies":[{"name":"wp","href":"https:\/\/api.w.org\/{rel}","templated":true}]}}