{"id":27856,"date":"2021-12-14T13:08:31","date_gmt":"2021-12-14T12:08:31","guid":{"rendered":"https:\/\/mguide.eu\/?post_type=product&#038;p=27856"},"modified":"2024-07-24T13:09:36","modified_gmt":"2024-07-24T11:09:36","slug":"headset-jeu-micro-casque-ehr-03g","status":"publish","type":"product","link":"https:\/\/mguide.eu\/fr\/produkt\/headset-jeu-micro-casque-ehr-03g\/","title":{"rendered":"Headset (jeu micro-casque) EHR-03G"},"content":{"rendered":"<p>Ensemble casque-micro pour l&#8217;oreille gauche. Il est l\u00e9ger, flexible et dispose d&#8217;un microphone r\u00e9glable. Parfait pour les entra\u00eenements, les \u00e9v\u00e9nements sportifs et les visites de groupe.<\/p>\n","protected":false},"excerpt":{"rendered":"<p>Casque (casque et microphone) EHR-03G, casque et microphone pour l&#8217;oreille gauche. L\u00e9ger, flexible, avec un microphone r\u00e9glable. Parfait pour les entra\u00eenements, les \u00e9v\u00e9nements sportifs et les groupes de guidage. Marque Maytel Compatibilit\u00e9 Maytel Grand Multicom.<\/p>\n","protected":false},"featured_media":27861,"template":"","meta":{"_acf_changed":false},"product_brand":[],"product_cat":[4464],"product_tag":[],"class_list":{"0":"post-27856","1":"product","2":"type-product","3":"status-publish","4":"has-post-thumbnail","6":"product_cat-headsets-fr","7":"pa_marka-maytel-fr","9":"first","10":"instock","11":"taxable","12":"shipping-taxable","13":"purchasable","14":"product-type-simple"},"acf":[],"_links":{"self":[{"href":"https:\/\/mguide.eu\/fr\/wp-json\/wp\/v2\/product\/27856","targetHints":{"allow":["GET"]}}],"collection":[{"href":"https:\/\/mguide.eu\/fr\/wp-json\/wp\/v2\/product"}],"about":[{"href":"https:\/\/mguide.eu\/fr\/wp-json\/wp\/v2\/types\/product"}],"wp:featuredmedia":[{"embeddable":true,"href":"https:\/\/mguide.eu\/fr\/wp-json\/wp\/v2\/media\/27861"}],"wp:attachment":[{"href":"https:\/\/mguide.eu\/fr\/wp-json\/wp\/v2\/media?parent=27856"}],"wp:term":[{"taxonomy":"product_brand","embeddable":true,"href":"https:\/\/mguide.eu\/fr\/wp-json\/wp\/v2\/product_brand?post=27856"},{"taxonomy":"product_cat","embeddable":true,"href":"https:\/\/mguide.eu\/fr\/wp-json\/wp\/v2\/product_cat?post=27856"},{"taxonomy":"product_tag","embeddable":true,"href":"https:\/\/mguide.eu\/fr\/wp-json\/wp\/v2\/product_tag?post=27856"}],"curies":[{"name":"wp","href":"https:\/\/api.w.org\/{rel}","templated":true}]}}