{"id":29970,"date":"2022-06-07T12:33:54","date_gmt":"2022-06-07T10:33:54","guid":{"rendered":"https:\/\/mguide.eu\/produkt\/universels-coussins-doreille-remplacables-ugm\/"},"modified":"2022-06-07T12:33:54","modified_gmt":"2022-06-07T10:33:54","slug":"universels-coussins-doreille-remplacables-ugm","status":"publish","type":"product","link":"https:\/\/mguide.eu\/fr\/produkt\/universels-coussins-doreille-remplacables-ugm\/","title":{"rendered":"Universels coussins d&#8217;oreille rempla\u00e7ables UGM"},"content":{"rendered":"<p>Fabriqu\u00e9 en caoutchouc souple qui ne provoque pas d&#8217;irritation de l&#8217;oreille. D\u00e9di\u00e9 aux \u00e9couteurs EM-100 et aux casques EMC-100, HEM-30.<\/p>\n","protected":false},"excerpt":{"rendered":"<p>Fabriqu\u00e9 en caoutchouc souple qui ne provoque pas d&#8217;irritation de l&#8217;oreille. D\u00e9di\u00e9 aux \u00e9couteurs EM-100 et aux casques EMC-100, HEM-30.<\/p>\n","protected":false},"featured_media":29954,"template":"","meta":{"_acf_changed":false},"product_brand":[],"product_cat":[3250],"product_tag":[],"class_list":{"0":"post-29970","1":"product","2":"type-product","3":"status-publish","4":"has-post-thumbnail","6":"product_cat-hygiene-fr","8":"first","9":"instock","10":"taxable","11":"shipping-taxable","12":"purchasable","13":"product-type-variable"},"acf":[],"_links":{"self":[{"href":"https:\/\/mguide.eu\/fr\/wp-json\/wp\/v2\/product\/29970","targetHints":{"allow":["GET"]}}],"collection":[{"href":"https:\/\/mguide.eu\/fr\/wp-json\/wp\/v2\/product"}],"about":[{"href":"https:\/\/mguide.eu\/fr\/wp-json\/wp\/v2\/types\/product"}],"wp:featuredmedia":[{"embeddable":true,"href":"https:\/\/mguide.eu\/fr\/wp-json\/wp\/v2\/media\/29954"}],"wp:attachment":[{"href":"https:\/\/mguide.eu\/fr\/wp-json\/wp\/v2\/media?parent=29970"}],"wp:term":[{"taxonomy":"product_brand","embeddable":true,"href":"https:\/\/mguide.eu\/fr\/wp-json\/wp\/v2\/product_brand?post=29970"},{"taxonomy":"product_cat","embeddable":true,"href":"https:\/\/mguide.eu\/fr\/wp-json\/wp\/v2\/product_cat?post=29970"},{"taxonomy":"product_tag","embeddable":true,"href":"https:\/\/mguide.eu\/fr\/wp-json\/wp\/v2\/product_tag?post=29970"}],"curies":[{"name":"wp","href":"https:\/\/api.w.org\/{rel}","templated":true}]}}