{"id":30525,"date":"2022-06-27T16:15:57","date_gmt":"2022-06-27T14:15:57","guid":{"rendered":"https:\/\/mguide.eu\/?post_type=product&#038;p=30525"},"modified":"2022-06-27T16:34:21","modified_gmt":"2022-06-27T14:34:21","slug":"systeme-de-conference-sans-fil-microphone-recepteur-multifrequence-srx-800-ceinture-dl-8t","status":"publish","type":"product","link":"https:\/\/mguide.eu\/fr\/produkt\/systeme-de-conference-sans-fil-microphone-recepteur-multifrequence-srx-800-ceinture-dl-8t\/","title":{"rendered":"Syst\u00e8me de conf\u00e9rence sans fil \/ microphone \/ r\u00e9cepteur multifr\u00e9quence SRX-800 + ceinture DL-8T"},"content":{"rendered":"<p>La p\u00e9riode de garantie est de 3 ans.<br \/>\nNous vous offrons une assistance technique compl\u00e8te, des mises \u00e0 jour et un service du syst\u00e8me m\u00eame apr\u00e8s l&#8217;expiration de la p\u00e9riode de garantie.<\/p>\n<p>L&#8217;ensemble se compose d&#8217;un petit r\u00e9cepteur fixe \u00e0 deux canaux et d&#8217;un \u00e9metteur de poche ultra-l\u00e9ger de poche avec un microphone cravate.<\/p>\n<p>Le syst\u00e8me Okayo SRX-800 avec l&#8217;\u00e9metteur sans fil DL-8 est une excellente entr\u00e9e dans le monde de la transmission audio sans fil.<br \/>\nPourquoi choisir ce syst\u00e8me?<br \/>\nLe syst\u00e8me SRX-800 transmet dans la bande num\u00e9rique 823 MHz ~ 832 MHz et 863 MHz ~ 865 MHz. Ces deux bandes sont \u00e9loign\u00e9es des bandes utilis\u00e9es par les microphones et les syst\u00e8mes Wi-Fi populaires. Le r\u00e9sultat est un syst\u00e8me de microphone s\u00fbr, libres d&#8217;interf\u00e9rences et de gr\u00e9sillements qui affectent souvent les syst\u00e8mes sans fil UHF standard.<\/p>\n<p>Okayo propose la derni\u00e8re bande UHF sans fil en technologie num\u00e9rique et offre un son de haute qualit\u00e9 combin\u00e9 \u00e0 une faible latence et une fonction de distorsion du son. Le syst\u00e8me dispose \u00e9galement d&#8217;un \u00e9cran LCD tr\u00e8s lisible avec les informations les plus importantes pour l&#8217;utilisateur. De plus, la fonction SYNC permet de s\u00e9lectionner facilement un canal sans interf\u00e9rence et de synchroniser les microphones. De m\u00eame, la petite taille des appareils ne pose aucun probl\u00e8me lorsqu&#8217;il s&#8217;agit de trouver un endroit pour les ranger.<\/p>\n<p>Ce syst\u00e8me offre un fonctionnement extr\u00eamement simple et une s\u00e9lection imm\u00e9diate des canaux. Il est possible d&#8217;utiliser jusqu&#8217;\u00e0 deux jeux de microphones en m\u00eame temps sans avoir \u00e0 r\u00e9gler la fr\u00e9quence ou le canal de groupe. Vous n&#8217;avez pas \u00e0 vous soucier des interf\u00e9rences entre les microphones. Il est possible d&#8217;utiliser jusqu&#8217;\u00e0 20 microphones sans fil (10 r\u00e9cepteurs) dans la m\u00eame zone sans se soucier des interf\u00e9rences mutuelles dans la transmission du son.<\/p>\n<p>L&#8217;ensemble contient:<br \/>\n&#8211; r\u00e9cepteur fixe \u00e0 deux canaux SRX-800 avec c\u00e2ble audio jack 6,3 mm &#8211; jack 6,3 mm et accessoires pour le montage dans un syst\u00e8me d&#8217;armoire rack.<br \/>\n&#8211; \u00e9metteur sans fil DL-8T avec c\u00e2ble de charge USB-C et un tour du cou<br \/>\n&#8211; microphone de cravate LM-50A<\/p>\n<p>Caract\u00e9ristiques du r\u00e9cepteur Okayo SRX-800:<br \/>\n&#8211; balayage automatique des canaux et mode de synchronisation du r\u00e9cepteur avec l&#8217;\u00e9metteur<br \/>\n&#8211; un r\u00e9cepteur prend en charge deux microphones<br \/>\n&#8211; deux bandes de fr\u00e9quences UHF combin\u00e9es 823 MHz ~ 832 MHz et 863 MHz ~ 865 MHz, 42 canaux au choix<br \/>\n&#8211; 2 prises de sortie audio: XLR vers l&#8217;amplificateur \/ jack 6,3 mm vers la table de mixage<br \/>\n&#8211; bo\u00eetier m\u00e9tallique 1\/4 avec deux antennes<br \/>\n&#8211; \u00e9cran LCD r\u00e9tro\u00e9clair\u00e9 pour une lecture facile des informations n\u00e9cessaires<br \/>\n&#8211; indicateur de puissance du signal<br \/>\n&#8211; indicateur d&#8217;\u00e9tat de la batterie de l&#8217;\u00e9metteur<br \/>\n&#8211; r\u00e9cepteur ind\u00e9pendant avec possibilit\u00e9 de montage dans un syst\u00e8me d&#8217;armoire rack<\/p>\n<p>Caract\u00e9ristiques de l&#8217;\u00e9metteur Okayo DL-8T:<br \/>\npetit et tr\u00e8s l\u00e9ger: il ne p\u00e8se que 55 g!<br \/>\ndeux bandes de fr\u00e9quences UHF combin\u00e9es 823 MHz ~ 832 MHz et 863 MHz ~ 865 MHz, 42 canaux radio au choix<br \/>\nbatterie rechargeable int\u00e9gr\u00e9e assure une transmission stable du signal<br \/>\nplus de 20 heures de fonctionnement continu<br \/>\n2 \u00e0 4 heures de charge via le port USB-C<br \/>\nmini-jack universel de 3,5 mm<\/p>\n<p>Sp\u00e9cification technique Okayo SRX-800:<br \/>\nBande de fr\u00e9quences : 823 ~ 832 MHz &amp; 863~ 865 MHz<br \/>\nNombre de canaux: 42<br \/>\nModulation: 4 GFSK<br \/>\nT.H.D.(distorsion harmonique totale): &lt; 3 % SNR (rapport signal sur bruit) &gt;75 dB<br \/>\nR\u00e9ponse en fr\u00e9quence: 100 ~ 8000 Hz<br \/>\nLatence: &lt;10 ms<br \/>\nSortie asym\u00e9trique 6,3 mm: Hi (High): 1250\u00b1100 mV \/ Low: 50\u00b1100 mV<br \/>\nSortie sym\u00e9trique XLR: 650\u00b150 mV<br \/>\nPort\u00e9e de transmission: Hi: 70+ m\u00e8tres \/ Lo: 50+ m\u00e8tres<br \/>\nPlage de temp\u00e9rature de fonctionnement: -10\u00b0C ~ 60\u00b0C<br \/>\nDimensions: (W x D x H): 117 x 190 x 50 mm (sans antennes)<br \/>\nPoids: 640\u00b130 g<\/p>\n<p>Sp\u00e9cification technique Okayo DL-8T:<br \/>\nBande de fr\u00e9quences : 823 ~ 832 MHz &amp; 863~ 865 MHz<br \/>\nNombre de canaux: 42<br \/>\nModulation: 4 GFSK<br \/>\nT.H.D. pour 1 kHz (distorsion harmonique totale): &lt; 1,5 % \u00c9chantillonnage audio: 24 kHz Gamme dynamique: &gt;80 dB<br \/>\nR\u00e9ponse en fr\u00e9quence: 100 ~ 10000 Hz<br \/>\nLatence &lt;11 ms<br \/>\nIntensit\u00e9 de sortie du signal: 10 mW \/ 20 mW<br \/>\n\u00c9cran LCD: 0,66\u201d TN<br \/>\nPrise microphone: jack 3,5 mm TS<br \/>\nType de connecteur de charge: USB-C \/ 800 mA<br \/>\nAlimentation: Batterie Li-Poly 3,7 V \/ 1300 mAh<br \/>\nDur\u00e9e de fonctionnement: jusqu&#8217;\u00e0 25 heures<br \/>\nPort\u00e9e de transmission: Hi: 70+ m\u00e8tres \/ Lo: 50+ m\u00e8tres<br \/>\nPlage de temp\u00e9rature de fonctionnement: -10\u00b0C ~ 60\u00b0C<br \/>\nDimensions (W x D x H): 44 x 81 x 15 mm (sans antenne)<br \/>\nPoids: 55 g<\/p>\n","protected":false},"excerpt":{"rendered":"<p>Ensemble avec 1 \u00e9metteur de poche sans fil (microport) et r\u00e9cepteur pour la sc\u00e8ne et les productions sc\u00e9niques.<\/p>\n","protected":false},"featured_media":38137,"template":"","meta":{"_acf_changed":false},"product_brand":[],"product_cat":[5172],"product_tag":[],"class_list":{"0":"post-30525","1":"product","2":"type-product","3":"status-publish","4":"has-post-thumbnail","6":"product_cat-ensembles-de-microphones-sans-fil","7":"pa_marka-okayo-fr","9":"first","10":"instock","11":"taxable","12":"shipping-taxable","13":"purchasable","14":"product-type-simple"},"acf":[],"_links":{"self":[{"href":"https:\/\/mguide.eu\/fr\/wp-json\/wp\/v2\/product\/30525","targetHints":{"allow":["GET"]}}],"collection":[{"href":"https:\/\/mguide.eu\/fr\/wp-json\/wp\/v2\/product"}],"about":[{"href":"https:\/\/mguide.eu\/fr\/wp-json\/wp\/v2\/types\/product"}],"wp:featuredmedia":[{"embeddable":true,"href":"https:\/\/mguide.eu\/fr\/wp-json\/wp\/v2\/media\/38137"}],"wp:attachment":[{"href":"https:\/\/mguide.eu\/fr\/wp-json\/wp\/v2\/media?parent=30525"}],"wp:term":[{"taxonomy":"product_brand","embeddable":true,"href":"https:\/\/mguide.eu\/fr\/wp-json\/wp\/v2\/product_brand?post=30525"},{"taxonomy":"product_cat","embeddable":true,"href":"https:\/\/mguide.eu\/fr\/wp-json\/wp\/v2\/product_cat?post=30525"},{"taxonomy":"product_tag","embeddable":true,"href":"https:\/\/mguide.eu\/fr\/wp-json\/wp\/v2\/product_tag?post=30525"}],"curies":[{"name":"wp","href":"https:\/\/api.w.org\/{rel}","templated":true}]}}