{"id":33004,"date":"2022-11-23T11:21:46","date_gmt":"2022-11-23T10:21:46","guid":{"rendered":"https:\/\/mguide.eu\/?post_type=product&#038;p=33004"},"modified":"2022-11-23T11:51:59","modified_gmt":"2022-11-23T10:51:59","slug":"cable-usb-c-everactive-cbb-1cb","status":"publish","type":"product","link":"https:\/\/mguide.eu\/fr\/produkt\/cable-usb-c-everactive-cbb-1cb\/","title":{"rendered":"C\u00e2ble USB-C everActive CBB-1CB"},"content":{"rendered":"<p>C\u00e2ble USB-C tress\u00e9 en nylon avec prise en charge de la charge rapide.<\/p>\n","protected":false},"excerpt":{"rendered":"<p>C\u00e2ble USB-C tress\u00e9 en nylon avec prise en charge de la charge rapide.<\/p>\n","protected":false},"featured_media":33009,"template":"","meta":{"_acf_changed":false},"product_brand":[],"product_cat":[5162],"product_tag":[],"class_list":{"0":"post-33004","1":"product","2":"type-product","3":"status-publish","4":"has-post-thumbnail","6":"product_cat-chargeurs-pour-systemes-dinterphonie","7":"pa_marka-everactive-fr","9":"first","10":"instock","11":"taxable","12":"shipping-taxable","13":"purchasable","14":"product-type-simple"},"acf":[],"_links":{"self":[{"href":"https:\/\/mguide.eu\/fr\/wp-json\/wp\/v2\/product\/33004","targetHints":{"allow":["GET"]}}],"collection":[{"href":"https:\/\/mguide.eu\/fr\/wp-json\/wp\/v2\/product"}],"about":[{"href":"https:\/\/mguide.eu\/fr\/wp-json\/wp\/v2\/types\/product"}],"wp:featuredmedia":[{"embeddable":true,"href":"https:\/\/mguide.eu\/fr\/wp-json\/wp\/v2\/media\/33009"}],"wp:attachment":[{"href":"https:\/\/mguide.eu\/fr\/wp-json\/wp\/v2\/media?parent=33004"}],"wp:term":[{"taxonomy":"product_brand","embeddable":true,"href":"https:\/\/mguide.eu\/fr\/wp-json\/wp\/v2\/product_brand?post=33004"},{"taxonomy":"product_cat","embeddable":true,"href":"https:\/\/mguide.eu\/fr\/wp-json\/wp\/v2\/product_cat?post=33004"},{"taxonomy":"product_tag","embeddable":true,"href":"https:\/\/mguide.eu\/fr\/wp-json\/wp\/v2\/product_tag?post=33004"}],"curies":[{"name":"wp","href":"https:\/\/api.w.org\/{rel}","templated":true}]}}