{"id":34626,"date":"2022-09-01T13:03:15","date_gmt":"2022-09-01T11:03:15","guid":{"rendered":"https:\/\/mguide.eu\/produkt\/ref-2-jeu-de-deux-intercoms-pour-arbitres-avec-accessoires\/"},"modified":"2022-09-01T13:03:15","modified_gmt":"2022-09-01T11:03:15","slug":"ref-2-jeu-de-deux-intercoms-pour-arbitres-avec-accessoires","status":"publish","type":"product","link":"https:\/\/mguide.eu\/fr\/produkt\/ref-2-jeu-de-deux-intercoms-pour-arbitres-avec-accessoires\/","title":{"rendered":"REF-2 &#8211; jeu de deux intercoms pour arbitres, avec accessoires"},"content":{"rendered":"<p>L&#8217;ensemble contient:<br \/>\n&#8211; intercom sans fil AT-320: 2 unit\u00e9s<br \/>\n&#8211; headset HE-009: 2 unit\u00e9s<br \/>\n&#8211; brassard OT-008: 2 unit\u00e9s<br \/>\n&#8211; mallette de transport \u00e0 roulettes TR-003: 1 unit\u00e9<br \/>\n&#8211; chargeur r\u00e9seau 1x USB CR-009: 1 unit\u00e9<br \/>\n&#8211; c\u00e2ble USB pour 2x micro USB CA-006: 1 unit\u00e9<\/p>\n<p>Les syst\u00e8mes de communication bidirectionnelle AXIWI sont r\u00e9pertori\u00e9s sur la liste des syst\u00e8mes de communication des arbitres de la F\u00e9d\u00e9ration Internationale de Football Association. AXIWI sont des syst\u00e8mes professionnels pour les arbitres sportifs et sont utilis\u00e9s par les organisations de football et les arbitres du monde entier (ainsi que par d\u2019autres utilisateurs).<\/p>\n<p>Qu&#8217;est-ce que le syst\u00e8me d&#8217;intercom AXIWI ?<br \/>\nAXIWI est un syst\u00e8me de communication miniature, bidirectionnel, en mode full-duplex et mains libres. Six personnes peuvent communiquer entre elles simultan\u00e9ment en mode conf\u00e9rence, comme lors d&#8217;un appel t\u00e9l\u00e9phonique. Le mod\u00e8le AT-320 dispose de 4 canaux radio pour la communication, jusqu&#8217;\u00e0 250 personnes peuvent utiliser chaque canal. De plus, l&#8217;intercom est \u00e9quip\u00e9 d&#8217;un clip et d&#8217;un support de cordon de cou.<br \/>\nAxiwi AT-320 est le plus petit et le plus l\u00e9ger intercom pour arbitres disponible sur le march\u00e9! L&#8217;appareil mesure 32 x 65 x 22 mm et ne p\u00e8se que 39 g avec la batterie.<\/p>\n<p>Le syst\u00e8me de communication AXIWI a \u00e9t\u00e9 con\u00e7u pour les arbitres sportifs, les entra\u00eeneurs et les moniteurs dans la plupart des disciplines sportives, telles que:<br \/>\n&#8211; handball,<br \/>\n&#8211; korfball,<br \/>\n&#8211; basket-ball,<br \/>\n&#8211; football,<br \/>\n&#8211; hockey sur gazon,<br \/>\n&#8211; volley-ball,<br \/>\n&#8211; baseball,<br \/>\n&#8211; water-polo,<br \/>\n&#8211; rugby,<br \/>\n&#8211; floorball,<br \/>\n&#8211; sports de plage,<br \/>\n&#8211; football en salle,<br \/>\n&#8211; \u00e9quitation.<\/p>\n<p>Pour en savoir plus sur les avantages des syst\u00e8mes Axiwi pour le sport, consultez ce lien sur notre site Web.<\/p>\n<p>Le d\u00e9lai de livraison est de 7 \u00e0 10 jours ouvrables.<\/p>\n<p>La p\u00e9riode de garantie est de 2 ans.<\/p>\n<p>Nous vous offrons une assistance technique compl\u00e8te, des mises \u00e0 jour et un service du syst\u00e8me m\u00eame apr\u00e8s l&#8217;expiration de la p\u00e9riode de garantie.<\/p>\n<p>Caract\u00e9ristiques du syst\u00e8me AXIWI AT-320<br \/>\n\u2013 syst\u00e8me enti\u00e8rement sans fil, sans station de base ni installation<br \/>\n\u2013 communication bidirectionnel en duplex int\u00e9gral jusqu&#8217;\u00e0 6 personnes<br \/>\n\u2013 r\u00e9ception audio en temps r\u00e9el de haute qualit\u00e9 sans retard (latence &lt; 1 ms)<br \/>\n\u2013 jusqu&#8217;\u00e0 250 appareils par canal pouvant participer \u00e0 une conversation en mode conf\u00e9rence<br \/>\n\u2013 bande de fr\u00e9quences radio universelle: 2,4 GHz<br \/>\n\u2013 port\u00e9e de plus de 200 m\u00e8tres en ligne de mire<br \/>\n\u2013 4 canaux radio simultan\u00e9s<br \/>\n\u2013 petit et ultral\u00e9ger: 32 x 65 x 22 mm \/ 39 g<br \/>\n\u2013 charge individuelle via une prise micro USB ou collectivement dans un chargeur de bureau d\u00e9di\u00e9<br \/>\n\u2013 temps de travail: 6 heures, temps de charge: +\/- 2 heures<br \/>\n\u2013 prise \u00e9couteur\/microphone jack 3.5 mm TRRS<\/p>\n<p>Comparaison des syst\u00e8mes Axiwi AT-320 et AT-350.<\/p>\n","protected":false},"excerpt":{"rendered":"<p>Jeu de 2 intercoms Axiwi AT-320, simples et en mode full duplex, avec accessoires, pour la communication sans fil des arbitres de football, volley-ball, basket-ball et d\u2019autres disciplines sportives.<\/p>\n","protected":false},"featured_media":46187,"template":"","meta":{"_acf_changed":false},"product_brand":[],"product_cat":[5638],"product_tag":[],"class_list":{"0":"post-34626","1":"product","2":"type-product","3":"status-publish","4":"has-post-thumbnail","6":"product_cat-interphones-pour-arbitres-sportifs","7":"pa_marka-axiwi-fr","9":"first","10":"outofstock","11":"taxable","12":"shipping-taxable","13":"purchasable","14":"product-type-simple"},"acf":[],"_links":{"self":[{"href":"https:\/\/mguide.eu\/fr\/wp-json\/wp\/v2\/product\/34626","targetHints":{"allow":["GET"]}}],"collection":[{"href":"https:\/\/mguide.eu\/fr\/wp-json\/wp\/v2\/product"}],"about":[{"href":"https:\/\/mguide.eu\/fr\/wp-json\/wp\/v2\/types\/product"}],"wp:featuredmedia":[{"embeddable":true,"href":"https:\/\/mguide.eu\/fr\/wp-json\/wp\/v2\/media\/46187"}],"wp:attachment":[{"href":"https:\/\/mguide.eu\/fr\/wp-json\/wp\/v2\/media?parent=34626"}],"wp:term":[{"taxonomy":"product_brand","embeddable":true,"href":"https:\/\/mguide.eu\/fr\/wp-json\/wp\/v2\/product_brand?post=34626"},{"taxonomy":"product_cat","embeddable":true,"href":"https:\/\/mguide.eu\/fr\/wp-json\/wp\/v2\/product_cat?post=34626"},{"taxonomy":"product_tag","embeddable":true,"href":"https:\/\/mguide.eu\/fr\/wp-json\/wp\/v2\/product_tag?post=34626"}],"curies":[{"name":"wp","href":"https:\/\/api.w.org\/{rel}","templated":true}]}}