{"id":34627,"date":"2022-09-01T13:26:28","date_gmt":"2022-09-01T11:26:28","guid":{"rendered":"https:\/\/mguide.eu\/produkt\/ref-3-jeu-de-3-intercoms-pour-arbitres-avec-accessoires\/"},"modified":"2026-02-23T10:59:07","modified_gmt":"2026-02-23T09:59:07","slug":"ref-3-jeu-de-3-intercoms-pour-arbitres-avec-accessoires","status":"publish","type":"product","link":"https:\/\/mguide.eu\/fr\/produkt\/ref-3-jeu-de-3-intercoms-pour-arbitres-avec-accessoires\/","title":{"rendered":"REF-3: jeu de 3 intercoms pour arbitres, avec accessoires"},"content":{"rendered":"<div class=\"wpb-content-wrapper\"><p>[vc_row][vc_column][vc_column_text css=&#8221;&#8221;]L&#8217;ensemble contient:<\/p>\n<ul>\n<li>\n<p data-path-to-node=\"7,0,0\"><b data-path-to-node=\"7,0,0\" data-index-in-node=\"0\">Intercom sans fil AT-320<\/b> \u2013 3 pcs.<\/p>\n<\/li>\n<li>\n<p data-path-to-node=\"7,1,0\"><b data-path-to-node=\"7,1,0\" data-index-in-node=\"0\">Micro-casque avec microphone HE-009<\/b> \u2013 3 pcs.<\/p>\n<\/li>\n<li>\n<p data-path-to-node=\"7,2,0\"><b data-path-to-node=\"7,2,0\" data-index-in-node=\"0\">Bandouli\u00e8re AT-320 OSFA (ou SP-1)<\/b> \u2013 3 pcs.<\/p>\n<\/li>\n<li>\n<p data-path-to-node=\"7,3,0\"><b data-path-to-node=\"7,3,0\" data-index-in-node=\"0\">\u00c9tui de transport pour 3 appareils<\/b> \u2013 1 pc.<\/p>\n<\/li>\n<li>\n<p data-path-to-node=\"7,4,0\"><b data-path-to-node=\"7,4,0\" data-index-in-node=\"0\">Chargeur secteur SC-300<\/b> \u2013 1 pc.<\/p>\n<\/li>\n<li>\n<p data-path-to-node=\"7,5,0\"><b data-path-to-node=\"7,5,0\" data-index-in-node=\"0\">C\u00e2ble USB-C<\/b> \u2013 3 pcs.<\/p>\n<\/li>\n<\/ul>\n<p>Les syst\u00e8mes de communication bidirectionnelle AXIWI sont r\u00e9pertori\u00e9s sur <a href=\"https:\/\/www.fifa.com\/en\/technical\/football-technology\/standards\/video-assistant-referee\/var-iaap-technology\">la liste des syst\u00e8mes de communication des arbitres de la F\u00e9d\u00e9ration Internationale de Football Association. <\/a>AXIWI sont des syst\u00e8mes professionnels pour les arbitres sportifs et sont utilis\u00e9s par les organisations de football et les arbitres du monde entier (ainsi que par d\u2019autres utilisateurs).<\/p>\n<p>Qu&#8217;est-ce que le syst\u00e8me d&#8217;intercom AXIWI ?<br \/>\nAXIWI est un syst\u00e8me de communication miniature, bidirectionnel, en mode full-duplex et mains libres. Six personnes peuvent communiquer entre elles simultan\u00e9ment en mode conf\u00e9rence, comme lors d&#8217;un appel t\u00e9l\u00e9phonique. Le mod\u00e8le AT-320 dispose de 4 canaux radio pour la communication, jusqu&#8217;\u00e0 250 personnes peuvent utiliser chaque canal. De plus, l&#8217;intercom est \u00e9quip\u00e9 d&#8217;un clip et d&#8217;un support de cordon de cou.<br \/>\nAxiwi AT-320 est le plus petit et le plus l\u00e9ger intercom pour arbitres disponible sur le march\u00e9! L&#8217;appareil mesure 32 x 65 x 22 mm et ne p\u00e8se que 39 g avec la batterie.<\/p>\n<p><iframe loading=\"lazy\" title=\"Possibilities of the AXIWI communication system in sports for referees, coaches and sports officials\" width=\"1170\" height=\"658\" src=\"https:\/\/www.youtube.com\/embed\/noPTV-e9ddU?feature=oembed\" frameborder=\"0\" allow=\"accelerometer; autoplay; clipboard-write; encrypted-media; gyroscope; picture-in-picture; web-share\" allowfullscreen><\/iframe><\/p>\n<p>Le syst\u00e8me de communication AXIWI a \u00e9t\u00e9 con\u00e7u pour les arbitres sportifs, les entra\u00eeneurs et les moniteurs dans la plupart des disciplines sportives, telles que:<br \/>\n&#8211; handball,<br \/>\n&#8211; korfball,<br \/>\n&#8211; basket-ball,<br \/>\n&#8211; football,<br \/>\n&#8211; hockey sur gazon,<br \/>\n&#8211; volley-ball,<br \/>\n&#8211; baseball,<br \/>\n&#8211; water-polo,<br \/>\n&#8211; rugby,<br \/>\n&#8211; floorball,<br \/>\n&#8211; sports de plage,<br \/>\n&#8211; football en salle,<br \/>\n&#8211; \u00e9quitation.<\/p>\n<p><a href=\"https:\/\/systemtourguide.com\/system-komunikacji-sedziowskiej\/\">Pour en savoir plus sur les avantages des syst\u00e8mes Axiwi pour le sport, consultez ce lien sur notre site Web.<\/a><\/p>\n<p>Le d\u00e9lai de livraison est de 7 \u00e0 10 jours ouvrables.<\/p>\n<p>La p\u00e9riode de garantie est de 2 ans.<\/p>\n<p>Nous vous offrons une assistance technique compl\u00e8te, des mises \u00e0 jour et un service du syst\u00e8me m\u00eame apr\u00e8s l&#8217;expiration de la p\u00e9riode de garantie.<\/p>\n<p>Caract\u00e9ristiques du syst\u00e8me AXIWI AT-320<br \/>\n\u2013 syst\u00e8me enti\u00e8rement sans fil, sans station de base ni installation<br \/>\n\u2013 communication bidirectionnel en duplex int\u00e9gral jusqu&#8217;\u00e0 6 personnes<br \/>\n\u2013 r\u00e9ception audio en temps r\u00e9el de haute qualit\u00e9 sans retard (latence &lt; 1 ms)<br \/>\n\u2013 jusqu&#8217;\u00e0 250 appareils par canal pouvant participer \u00e0 une conversation en mode conf\u00e9rence<br \/>\n\u2013 bande de fr\u00e9quences radio universelle: 2,4 GHz<br \/>\n\u2013 port\u00e9e de plus de 200 m\u00e8tres en ligne de mire<br \/>\n\u2013 4 canaux radio simultan\u00e9s<br \/>\n\u2013 petit et ultral\u00e9ger: 32 x 65 x 22 mm \/ 39 g<br \/>\n\u2013 charge individuelle via une prise micro USB ou collectivement dans un chargeur de bureau d\u00e9di\u00e9<br \/>\n\u2013 temps de travail: 6 heures, temps de charge: +\/- 2 heures<br \/>\n\u2013 prise \u00e9couteur\/microphone jack 3.5 mm TRRS<\/p>\n<p><a href=\"https:\/\/mguide.eu\/wp-content\/uploads\/2022\/08\/Porownanie-bezprzewodowych-systemow-komunikacji-AXIWI-Axiwi-PL.pdf\">Comparaison des syst\u00e8mes Axiwi AT-320 et AT-350.<\/a><\/p>\n<p>https:\/\/www.youtube.com\/watch?v=0R6cRTS43eI[\/vc_column_text][\/vc_column][\/vc_row]<\/p>\n<\/div>","protected":false},"excerpt":{"rendered":"<p>REF-3 est un ensemble de 3 intercoms Axiwi At-320 pour la communication sans fil des arbitres de football, volley-ball, basket-ball et d&#8217;autres disciplines sportives. L\u2019ensemble comprend des accessoires.<\/p>\n","protected":false},"featured_media":46208,"template":"","meta":{"_acf_changed":false},"product_brand":[],"product_cat":[5638],"product_tag":[],"class_list":{"0":"post-34627","1":"product","2":"type-product","3":"status-publish","4":"has-post-thumbnail","6":"product_cat-interphones-pour-arbitres-sportifs","7":"pa_marka-axiwi-fr","9":"first","10":"instock","11":"taxable","12":"shipping-taxable","13":"purchasable","14":"product-type-simple"},"acf":[],"_links":{"self":[{"href":"https:\/\/mguide.eu\/fr\/wp-json\/wp\/v2\/product\/34627","targetHints":{"allow":["GET"]}}],"collection":[{"href":"https:\/\/mguide.eu\/fr\/wp-json\/wp\/v2\/product"}],"about":[{"href":"https:\/\/mguide.eu\/fr\/wp-json\/wp\/v2\/types\/product"}],"wp:featuredmedia":[{"embeddable":true,"href":"https:\/\/mguide.eu\/fr\/wp-json\/wp\/v2\/media\/46208"}],"wp:attachment":[{"href":"https:\/\/mguide.eu\/fr\/wp-json\/wp\/v2\/media?parent=34627"}],"wp:term":[{"taxonomy":"product_brand","embeddable":true,"href":"https:\/\/mguide.eu\/fr\/wp-json\/wp\/v2\/product_brand?post=34627"},{"taxonomy":"product_cat","embeddable":true,"href":"https:\/\/mguide.eu\/fr\/wp-json\/wp\/v2\/product_cat?post=34627"},{"taxonomy":"product_tag","embeddable":true,"href":"https:\/\/mguide.eu\/fr\/wp-json\/wp\/v2\/product_tag?post=34627"}],"curies":[{"name":"wp","href":"https:\/\/api.w.org\/{rel}","templated":true}]}}