{"id":34630,"date":"2022-09-05T12:12:04","date_gmt":"2022-09-05T10:12:04","guid":{"rendered":"https:\/\/mguide.eu\/produkt\/axiwi-at-350-1-intercom-supplementaire-pour-arbitres-sportifs-pour-systeme-ref-x\/"},"modified":"2024-06-11T14:05:32","modified_gmt":"2024-06-11T12:05:32","slug":"axiwi-at-350-1-intercom-supplementaire-pour-arbitres-sportifs-pour-systeme-ref-x","status":"publish","type":"product","link":"https:\/\/mguide.eu\/fr\/produkt\/axiwi-at-350-1-intercom-supplementaire-pour-arbitres-sportifs-pour-systeme-ref-x\/","title":{"rendered":"Axiwi AT-350: 1 intercom suppl\u00e9mentaire pour arbitres sportifs, pour syst\u00e8me REF- X"},"content":{"rendered":"<p>Les syst\u00e8mes de communication bidirectionnelle AXIWI sont r\u00e9pertori\u00e9s sur <a href=\"https:\/\/www.fifa.com\/en\/technical\/football-technology\/standards\/video-assistant-referee\/var-iaap-technology\">la liste des syst\u00e8mes de communication des arbitres de la F\u00e9d\u00e9ration Internationale de Football Association. <\/a>AXIWI sont des syst\u00e8mes professionnels pour les arbitres sportifs et sont utilis\u00e9s par les organisations de football et les arbitres du monde entier (ainsi que par d\u2019autres utilisateurs).<\/p>\n<p>Qu&#8217;est-ce que le syst\u00e8me d&#8217;intercom AXIWI ?<br \/>\nAXIWI est un syst\u00e8me de communication miniature, bidirectionnel, en mode full-duplex et mains libres. Six personnes peuvent communiquer entre elles simultan\u00e9ment en mode conf\u00e9rence, comme lors d&#8217;un appel t\u00e9l\u00e9phonique. Le mod\u00e8le AT-320 dispose de 4 canaux radio pour la communication, jusqu&#8217;\u00e0 250 personnes peuvent utiliser chaque canal. De plus, l&#8217;intercom est \u00e9quip\u00e9 d&#8217;un clip et d&#8217;un support de cordon de cou.<br \/>\nAxiwi AT-320 est le plus petit et le plus l\u00e9ger intercom pour arbitres disponible sur le march\u00e9! L&#8217;appareil mesure 32 x 65 x 22 mm et ne p\u00e8se que 39 g avec la batterie.<\/p>\n<p><iframe loading=\"lazy\" title=\"Possibilities of the AXIWI communication system in sports for referees, coaches and sports officials\" width=\"1170\" height=\"658\" src=\"https:\/\/www.youtube.com\/embed\/noPTV-e9ddU?feature=oembed\" frameborder=\"0\" allow=\"accelerometer; autoplay; clipboard-write; encrypted-media; gyroscope; picture-in-picture; web-share\" allowfullscreen><\/iframe><\/p>\n<p>Le syst\u00e8me de communication AXIWI a \u00e9t\u00e9 con\u00e7u pour les arbitres sportifs, les entra\u00eeneurs et les moniteurs dans la plupart des disciplines sportives, telles que:<br \/>\n&#8211; handball,<br \/>\n&#8211; korfball,<br \/>\n&#8211; basket-ball,<br \/>\n&#8211; football,<br \/>\n&#8211; hockey sur gazon,<br \/>\n&#8211; volley-ball,<br \/>\n&#8211; baseball,<br \/>\n&#8211; water-polo,<br \/>\n&#8211; rugby,<br \/>\n&#8211; floorball,<br \/>\n&#8211; sports de plage,<br \/>\n&#8211; football en salle,<br \/>\n&#8211; \u00e9quitation.<\/p>\n<p><a href=\"https:\/\/systemtourguide.com\/system-komunikacji-sedziowskiej\/\">Pour en savoir plus sur les avantages des syst\u00e8mes Axiwi pour le sport, consultez ce lien sur notre site Web.<\/a><\/p>\n<p>Le d\u00e9lai de livraison est de 7 \u00e0 10 jours ouvrables.<\/p>\n<p>La p\u00e9riode de garantie est de 2 ans.<\/p>\n<p>Nous vous offrons une assistance technique compl\u00e8te, des mises \u00e0 jour et un service du syst\u00e8me m\u00eame apr\u00e8s l&#8217;expiration de la p\u00e9riode de garantie.<\/p>\n<p>Veuillez noter que ce produit n&#8217;est pas un ensemble de communication complet, mais seulement un intercom suppl\u00e9mentaire!<\/p>\n<p>Caract\u00e9ristiques du syst\u00e8me AXIWI AT-350 :<br \/>\n\u2013 syst\u00e8me enti\u00e8rement sans fil sans station de base et installation<br \/>\n\u2013 communication bidirectionnelle en duplex int\u00e9gral pour jusqu&#8217;\u00e0 6 personnes<br \/>\n\u2013 r\u00e9ception audio de haute qualit\u00e9 en temps r\u00e9el sans d\u00e9calage (latence &lt; 1 ms)<br \/>\n\u2013 jusqu&#8217;\u00e0 250 appareils par canal peuvent se joindre \u00e0 la conversation en mode conf\u00e9rence<br \/>\n\u2013 8 canaux (8 groupes peuvent travailler ind\u00e9pendamment sans interf\u00e9rence dans la m\u00eame zone)<br \/>\n\u2013 port\u00e9e de 300 m\u00e8tres en ligne de mire<br \/>\n\u2013 petit et ultral\u00e9ger \u2013 78 x 38 x 19 mm \/ 70 g<br \/>\n\u2013 charge individuelle via prise Micro USB ou collectivement dans un chargeur de bureau d\u00e9di\u00e9<br \/>\n\u2013 prise casque 3,5 mm TRRS<br \/>\n\u2013 temps de fonctionnement \u2013 10 heures, temps de charge \u2013 3~4 heures<br \/>\n\u2013 classe de protection IP54<\/p>\n<p><a href=\"https:\/\/mguide.eu\/wp-content\/uploads\/2022\/08\/Porownanie-bezprzewodowych-systemow-komunikacji-AXIWI-Axiwi-PL.pdf\">Comparaison des syst\u00e8mes Axiwi AT-320 et AT-350.<\/a><\/p>\n<p><iframe loading=\"lazy\" title=\"Instruction video AXIWI AT-320 full duplex and wireless audio communication system\" width=\"1170\" height=\"658\" src=\"https:\/\/www.youtube.com\/embed\/0R6cRTS43eI?feature=oembed\" frameborder=\"0\" allow=\"accelerometer; autoplay; clipboard-write; encrypted-media; gyroscope; picture-in-picture; web-share\" allowfullscreen><\/iframe><\/p>\n","protected":false},"excerpt":{"rendered":"<p>Intercom suppl\u00e9mentaire d\u00e9di\u00e9 au syst\u00e8me de communication sans fil pour arbitres de football et d\u2019autres disciplines sportives.<\/p>\n","protected":false},"featured_media":37738,"template":"","meta":{"_acf_changed":false},"product_brand":[],"product_cat":[5638],"product_tag":[],"class_list":{"0":"post-34630","1":"product","2":"type-product","3":"status-publish","4":"has-post-thumbnail","6":"product_cat-interphones-pour-arbitres-sportifs","7":"pa_marka-axiwi-fr","9":"first","10":"instock","11":"taxable","12":"shipping-taxable","13":"purchasable","14":"product-type-simple"},"acf":[],"_links":{"self":[{"href":"https:\/\/mguide.eu\/fr\/wp-json\/wp\/v2\/product\/34630","targetHints":{"allow":["GET"]}}],"collection":[{"href":"https:\/\/mguide.eu\/fr\/wp-json\/wp\/v2\/product"}],"about":[{"href":"https:\/\/mguide.eu\/fr\/wp-json\/wp\/v2\/types\/product"}],"wp:featuredmedia":[{"embeddable":true,"href":"https:\/\/mguide.eu\/fr\/wp-json\/wp\/v2\/media\/37738"}],"wp:attachment":[{"href":"https:\/\/mguide.eu\/fr\/wp-json\/wp\/v2\/media?parent=34630"}],"wp:term":[{"taxonomy":"product_brand","embeddable":true,"href":"https:\/\/mguide.eu\/fr\/wp-json\/wp\/v2\/product_brand?post=34630"},{"taxonomy":"product_cat","embeddable":true,"href":"https:\/\/mguide.eu\/fr\/wp-json\/wp\/v2\/product_cat?post=34630"},{"taxonomy":"product_tag","embeddable":true,"href":"https:\/\/mguide.eu\/fr\/wp-json\/wp\/v2\/product_tag?post=34630"}],"curies":[{"name":"wp","href":"https:\/\/api.w.org\/{rel}","templated":true}]}}