{"id":34704,"date":"2022-10-04T14:23:25","date_gmt":"2022-10-04T12:23:25","guid":{"rendered":"https:\/\/mguide.eu\/produkt\/headset-bidirectionnel-pour-la-communication-intercom-sans-fil-pour-les-services-de-sante-systeme-hc-5-350\/"},"modified":"2026-02-23T11:01:25","modified_gmt":"2026-02-23T10:01:25","slug":"headset-bidirectionnel-pour-la-communication-intercom-sans-fil-pour-les-services-de-sante-systeme-hc-5-350","status":"publish","type":"product","link":"https:\/\/mguide.eu\/fr\/produkt\/headset-bidirectionnel-pour-la-communication-intercom-sans-fil-pour-les-services-de-sante-systeme-hc-5-350\/","title":{"rendered":"Headset bidirectionnel pour la communication \/ intercom sans fil pour les services de sant\u00e9: syst\u00e8me HC-5-350"},"content":{"rendered":"<div class=\"wpb-content-wrapper\"><p>[vc_row][vc_column][vc_column_text css=&#8221;&#8221;]<span lang=\"FR\">Le d\u00e9lai de livraison est de 7 \u00e0 10 jours ouvrables.<\/span><\/p>\n<p><strong>Comment la communication radio bidirectionnelle peut-elle b\u00e9n\u00e9ficier le secteur de sant\u00e9?<\/strong><br \/>\nPendant la crise, les headsets bidirectionnelles sont devenues un outil encore plus pr\u00e9cieux pour la communication, la coordination, la s\u00e9curit\u00e9 et la protection.<br \/>\nAvec une large gamme d&#8217;intercoms num\u00e9riques, sans fil et sans licence et de headsets, nous avons la solution pour r\u00e9pondre \u00e0 vos besoins et vous aider \u00e0 augmenter la productivit\u00e9.<br \/>\nDe plus, nous sommes en mesure de fournir des syst\u00e8mes de communication avec des r\u00e9p\u00e9teurs et une connectivit\u00e9 entre les sites pour augmenter la port\u00e9e et la force du signal.<\/p>\n<p>Nous avons con\u00e7u un ensemble sp\u00e9cial pour les h\u00f4pitaux, les blocs op\u00e9ratoires, les chambres d&#8217;isolement, ainsi que les \u00e9quipes soignantes:<\/p>\n<ul data-path-to-node=\"11\">\n<li>\n<p data-path-to-node=\"11,0,0\"><b data-path-to-node=\"11,0,0\" data-index-in-node=\"0\">Intercom sans fil AXIWI AT-350<\/b> \u2013 5 pcs.<\/p>\n<\/li>\n<li>\n<p data-path-to-node=\"11,1,0\"><b data-path-to-node=\"11,1,0\" data-index-in-node=\"0\">Micro-casque serre-t\u00eate HE-001<\/b> \u2013 5 pcs.<\/p>\n<\/li>\n<li>\n<p data-path-to-node=\"11,2,0\"><b data-path-to-node=\"11,2,0\" data-index-in-node=\"0\">Chargeur de bureau CR-011<\/b> \u2013 1 pc.<\/p>\n<\/li>\n<li>\n<p data-path-to-node=\"11,3,0\"><b data-path-to-node=\"11,3,0\" data-index-in-node=\"0\">Mallette de transport pour 5 unit\u00e9s AT-350<\/b> \u2013 1 pc.<\/p>\n<\/li>\n<\/ul>\n<blockquote data-path-to-node=\"12\">\n<p data-path-to-node=\"12,0\"><b data-path-to-node=\"12,0\" data-index-in-node=\"0\">D\u00e9lai de livraison prolong\u00e9 possible. Veuillez nous consulter pour v\u00e9rifier la disponibilit\u00e9 des composants du kit.<\/b><\/p>\n<\/blockquote>\n<p>Les accessoires d&#8217;hygi\u00e8ne se trouvent dans la section \u00ab<a href=\"https:\/\/mguide.eu\/fr\/categorie-de-produit\/hygiene-fr\/\">Hygi\u00e8ne<\/a>\u00bb.<\/p>\n<p>Chaque m\u00e9decin sait \u00e0 quel point il est important d&#8217;\u00eatre vigilant, concentr\u00e9 et de r\u00e9agir rapidement au bloc op\u00e9ratoire ou en cas d&#8217;urgence.<br \/>\nL&#8217;\u00e9change d&#8217;informations cl\u00e9s entre les membres de l&#8217;\u00e9quipe chirurgicale, avec pr\u00e9cision et clart\u00e9, est essentiel pendant toute proc\u00e9dure.<br \/>\nLorsque chaque membre de l&#8217;\u00e9quipe est \u00e9quip\u00e9 d&#8217;un \u00e9couteur sans fil AT-350, son efficacit\u00e9 augmente consid\u00e9rablement.<\/p>\n<p>https:\/\/www.youtube.com\/watch?v=_GHQNDcNrvQ[\/vc_column_text][\/vc_column][\/vc_row]<\/p>\n<\/div>","protected":false},"excerpt":{"rendered":"<p>Headset radio bidirectionnel en mode duplex int\u00e9gral pour la communication en \u00e9quipe, d\u00e9di\u00e9 au personnel clinique. Mini-radio bidirectionnelle de type intercom pour les services de sant\u00e9, les centres m\u00e9dicaux, les h\u00f4pitaux, les ambulanciers param\u00e9dicaux.<\/p>\n","protected":false},"featured_media":46292,"template":"","meta":{"_acf_changed":false},"product_brand":[],"product_cat":[5768],"product_tag":[],"class_list":{"0":"post-34704","1":"product","2":"type-product","3":"status-publish","4":"has-post-thumbnail","6":"product_cat-intercoms-pour-les-services-de-sante","7":"pa_marka-axiwi-fr","9":"first","10":"instock","11":"taxable","12":"shipping-taxable","13":"purchasable","14":"product-type-simple"},"acf":[],"_links":{"self":[{"href":"https:\/\/mguide.eu\/fr\/wp-json\/wp\/v2\/product\/34704","targetHints":{"allow":["GET"]}}],"collection":[{"href":"https:\/\/mguide.eu\/fr\/wp-json\/wp\/v2\/product"}],"about":[{"href":"https:\/\/mguide.eu\/fr\/wp-json\/wp\/v2\/types\/product"}],"wp:featuredmedia":[{"embeddable":true,"href":"https:\/\/mguide.eu\/fr\/wp-json\/wp\/v2\/media\/46292"}],"wp:attachment":[{"href":"https:\/\/mguide.eu\/fr\/wp-json\/wp\/v2\/media?parent=34704"}],"wp:term":[{"taxonomy":"product_brand","embeddable":true,"href":"https:\/\/mguide.eu\/fr\/wp-json\/wp\/v2\/product_brand?post=34704"},{"taxonomy":"product_cat","embeddable":true,"href":"https:\/\/mguide.eu\/fr\/wp-json\/wp\/v2\/product_cat?post=34704"},{"taxonomy":"product_tag","embeddable":true,"href":"https:\/\/mguide.eu\/fr\/wp-json\/wp\/v2\/product_tag?post=34704"}],"curies":[{"name":"wp","href":"https:\/\/api.w.org\/{rel}","templated":true}]}}