{"id":35015,"date":"2023-04-12T14:18:54","date_gmt":"2023-04-12T12:18:54","guid":{"rendered":"https:\/\/mguide.eu\/?post_type=product&#038;p=35015"},"modified":"2024-09-23T19:15:36","modified_gmt":"2024-09-23T17:15:36","slug":"okayo-wt-300-g2-dispositifs-sur-inscription","status":"publish","type":"product","link":"https:\/\/mguide.eu\/fr\/produkt\/okayo-wt-300-g2-dispositifs-sur-inscription\/","title":{"rendered":"Okayo WT-300 G2"},"content":{"rendered":"<p>La g\u00e9n\u00e9ration analogique pr\u00e9c\u00e9dente du WT-300, \u00e9quip\u00e9e par exemple d&#8217;un microphone int\u00e9gr\u00e9 dans l&#8217;\u00e9metteur, d&#8217;une alarme de perte de port\u00e9e dans les r\u00e9cepteurs, de la s\u00e9lection de l&#8217;heure d&#8217;extinction automatique des r\u00e9cepteurs ou du r\u00e9tro\u00e9clairage de l&#8217;\u00e9cran. Port\u00e9e (environ 130 m), dur\u00e9e de fonctionnement (plus de 25 heures) et nombre de canaux (40). Contrairement \u00e0 la nouvelle version num\u00e9rique, le WT-300G2 utilise une transmission analogique dans la bande 863-865 MHz, ce qui peut provoquer un chevauchement d&#8217;autres signaux dans les destinations touristiques populaires.<\/p>\n<p>Les mod\u00e8les WT-300 des deux g\u00e9n\u00e9rations peuvent \u00eatre utilis\u00e9s avec des piles jetables ou rechargeables AA. Dans ce dernier cas, nous recommandons l&#8217;achat du chargeur de valise collectif HDC-300, pouvant accueillir 24 appareils pour le chargement ou le transport en m\u00eame temps.<\/p>\n","protected":false},"excerpt":{"rendered":"<p>En raison de l&#8217;arr\u00eat de la production r\u00e9guli\u00e8re du mod\u00e8le analogique Okayo WT-300, de la diminution de la disponibilit\u00e9 des pi\u00e8ces d\u00e9tach\u00e9es et de l&#8217;augmentation de leurs prix, nous vous informons que le support technique pour ce mod\u00e8le sera progressivement interrompu \u00e0 partir de 2026. Cela signifie que certaines r\u00e9parations hors garantie pourraient ne pas \u00eatre effectu\u00e9es.<br \/>\nNous vous informons \u00e9galement qu&#8217;\u00e0 partir d&#8217;octobre 2024, une garantie de 2 ans s&#8217;appliquera aux appareils WT-300 (analogiques) achet\u00e9s.<\/p>\n","protected":false},"featured_media":24099,"template":"","meta":{"_acf_changed":false},"product_brand":[],"product_cat":[5816],"product_tag":[],"class_list":{"0":"post-35015","1":"product","2":"type-product","3":"status-publish","4":"has-post-thumbnail","6":"product_cat-dispositifs-sur-inscription","7":"pa_marka-mguide-fr","9":"first","10":"instock","11":"taxable","12":"shipping-taxable","13":"product-type-grouped"},"acf":[],"_links":{"self":[{"href":"https:\/\/mguide.eu\/fr\/wp-json\/wp\/v2\/product\/35015","targetHints":{"allow":["GET"]}}],"collection":[{"href":"https:\/\/mguide.eu\/fr\/wp-json\/wp\/v2\/product"}],"about":[{"href":"https:\/\/mguide.eu\/fr\/wp-json\/wp\/v2\/types\/product"}],"wp:featuredmedia":[{"embeddable":true,"href":"https:\/\/mguide.eu\/fr\/wp-json\/wp\/v2\/media\/24099"}],"wp:attachment":[{"href":"https:\/\/mguide.eu\/fr\/wp-json\/wp\/v2\/media?parent=35015"}],"wp:term":[{"taxonomy":"product_brand","embeddable":true,"href":"https:\/\/mguide.eu\/fr\/wp-json\/wp\/v2\/product_brand?post=35015"},{"taxonomy":"product_cat","embeddable":true,"href":"https:\/\/mguide.eu\/fr\/wp-json\/wp\/v2\/product_cat?post=35015"},{"taxonomy":"product_tag","embeddable":true,"href":"https:\/\/mguide.eu\/fr\/wp-json\/wp\/v2\/product_tag?post=35015"}],"curies":[{"name":"wp","href":"https:\/\/api.w.org\/{rel}","templated":true}]}}