{"id":35983,"date":"2021-10-06T21:12:45","date_gmt":"2021-10-06T19:12:45","guid":{"rendered":"https:\/\/mguide.eu\/produkt\/axiwi-at-350-bezprzewodowy-interkom-full-duplex-dla-sportu-biznesu-przemyslu\/"},"modified":"2024-10-07T15:58:54","modified_gmt":"2024-10-07T13:58:54","slug":"axiwi-at-350-intercom-sans-fil-en-duplex-integral-pour-le-sport-les-affaires-et","status":"publish","type":"product","link":"https:\/\/mguide.eu\/fr\/produkt\/axiwi-at-350-intercom-sans-fil-en-duplex-integral-pour-le-sport-les-affaires-et\/","title":{"rendered":"Axiwi AT-350: intercom sans fil en duplex int\u00e9gral pour le sport, les affaires et"},"content":{"rendered":"<div class=\"wpb-content-wrapper\"><p>[vc_row][vc_column][vc_video link=&#8221;https:\/\/www.youtube.com\/watch?v=noPTV-e9ddU&amp;t=1s&amp;ab_channel=AXIWI&#8221;][vc_column_text css=&#8221;&#8221;]<strong>Le d\u00e9lai de r\u00e9alisation de la commande est de 7 \u00e0 10 jours ouvrables.<\/strong><\/p>\n<p>L&#8217;intercom AXIWI AT-350 est un syst\u00e8me de communication sans fil bidirectionnel en mode full duplex (conf\u00e9rence).<\/p>\n<p>Les syst\u00e8mes de communication bidirectionnelle AXIWI figurent sur la liste des syst\u00e8mes de communication d&#8217;arbitrage de la FIFA (<a href=\"https:\/\/www.fifa.com\/en\/technical\/football-technology\/standards\/video-assistant-referee\/var-iaap-technology\" target=\"_blank\" rel=\"noopener\">F\u00e9d\u00e9ration Internationale de Football Association<\/a>). AXIWI est un syst\u00e8me professionnel pour les arbitres sportifs, utilis\u00e9 par <a href=\"https:\/\/www.axiwi.com\/references-axiwi-wireless-communication-system\/\" target=\"_blank\" rel=\"noopener\">des organisations de football et d&#8217;arbitrage \u00e0 travers le monde.<\/a><\/p>\n<p><strong>Applications :<\/strong><\/p>\n<ul>\n<li>Communication entre les arbitres assistants, l&#8217;arbitre principal et le VAR lors des matchs de football<\/li>\n<li>Communication arbitrale dans d&#8217;autres disciplines sportives<\/li>\n<li>Communication dans le sport \u2013 entre l&#8217;entra\u00eeneur et les joueurs<\/li>\n<li>Communication au sein de l&#8217;\u00e9quipe de tournage \u2013 \u00e9change libre d&#8217;informations entre l&#8217;op\u00e9rateur, le r\u00e9alisateur et le producteur sur le plateau de tournage<\/li>\n<li>Communication des \u00e9quipes de travail sur la ligne de production ou dans les entrep\u00f4ts, centres de tri ou autres environnements industriels<\/li>\n<li>Communication pendant les formations sur le lieu de travail ou sur le terrain<\/li>\n<li>Communication dans les restaurants entre la cuisine et les serveurs<\/li>\n<li>Communication lors de l&#8217;organisation d&#8217;\u00e9v\u00e9nements, de concerts ou de pr\u00e9sentations<\/li>\n<\/ul>\n<p><strong>Caract\u00e9ristiques de l&#8217;intercom sans fil AXIWI AT-350 :<\/strong><\/p>\n<ul>\n<li>Communication fluide en full duplex (comme un appel t\u00e9l\u00e9phonique, mais avec une meilleure qualit\u00e9)<\/li>\n<li>Taille et poids r\u00e9duits<\/li>\n<li>Grande port\u00e9e<\/li>\n<li>\u00c9tanch\u00e9it\u00e9<\/li>\n<li>Facilit\u00e9 d&#8217;utilisation<\/li>\n<li>Large choix d&#8217;accessoires<\/li>\n<\/ul>\n<p><strong>Sp\u00e9cifications techniques :<\/strong><\/p>\n<ul>\n<li>6 personnes peuvent communiquer simultan\u00e9ment en full duplex par canal, les autres en mode \u00e9coute<\/li>\n<li>Jusqu&#8217;\u00e0 250 utilisateurs par canal<\/li>\n<li>Libert\u00e9 de passer du full duplex au mode \u00e9coute<\/li>\n<li>Plage de fr\u00e9quences : 863-865 MHz (sans licence en Europe)<\/li>\n<li>Modulation num\u00e9rique GFSK<\/li>\n<li>8 canaux (8 groupes peuvent fonctionner ind\u00e9pendamment, sans interf\u00e9rence, dans la m\u00eame zone)<\/li>\n<li>Port\u00e9e de 300 m\u00e8tres en ligne de vue<\/li>\n<li>Dimensions : 78 x 38 x 19 mm<\/li>\n<li>Poids : 70 grammes (avec batterie)<\/li>\n<li>Prise casque\/micro TRRS de 3,5 mm<\/li>\n<li>Autonomie : 10 heures, temps de charge : 3~4 heures<\/li>\n<li>Indice de protection IP54<\/li>\n<\/ul>\n<p>[\/vc_column_text][vc_video link=&#8221;https:\/\/www.youtube.com\/watch?v=VaWrcxCCj4s&#8221;][\/vc_column][\/vc_row]<\/p>\n<\/div>","protected":false},"excerpt":{"rendered":"<p>Axiwi AT-350 est un intercom sans fil, miniature Et ultral\u00e9ger, utilis\u00e9 par les arbitres sportifs et les professionnels de la communication. Port\u00e9e 300 m\u00e8tres en ligne de mire.<\/p>\n","protected":false},"featured_media":26789,"template":"","meta":{"_acf_changed":false},"product_brand":[],"product_cat":[3247,2551],"product_tag":[],"class_list":{"0":"post-35983","1":"product","2":"type-product","3":"status-publish","4":"has-post-thumbnail","6":"product_cat-postes-dinterphone","7":"product_cat-systemes-dinterphone","8":"pa_marka-axiwi-fr","10":"first","11":"instock","12":"taxable","13":"shipping-taxable","14":"purchasable","15":"product-type-simple"},"acf":[],"_links":{"self":[{"href":"https:\/\/mguide.eu\/fr\/wp-json\/wp\/v2\/product\/35983","targetHints":{"allow":["GET"]}}],"collection":[{"href":"https:\/\/mguide.eu\/fr\/wp-json\/wp\/v2\/product"}],"about":[{"href":"https:\/\/mguide.eu\/fr\/wp-json\/wp\/v2\/types\/product"}],"wp:featuredmedia":[{"embeddable":true,"href":"https:\/\/mguide.eu\/fr\/wp-json\/wp\/v2\/media\/26789"}],"wp:attachment":[{"href":"https:\/\/mguide.eu\/fr\/wp-json\/wp\/v2\/media?parent=35983"}],"wp:term":[{"taxonomy":"product_brand","embeddable":true,"href":"https:\/\/mguide.eu\/fr\/wp-json\/wp\/v2\/product_brand?post=35983"},{"taxonomy":"product_cat","embeddable":true,"href":"https:\/\/mguide.eu\/fr\/wp-json\/wp\/v2\/product_cat?post=35983"},{"taxonomy":"product_tag","embeddable":true,"href":"https:\/\/mguide.eu\/fr\/wp-json\/wp\/v2\/product_tag?post=35983"}],"curies":[{"name":"wp","href":"https:\/\/api.w.org\/{rel}","templated":true}]}}