{"id":35992,"date":"2021-10-07T08:39:22","date_gmt":"2021-10-07T06:39:22","guid":{"rendered":"https:\/\/mguide.eu\/produkt\/axiwi-at-350-1-unite-plus-accessoires-intercom-numerique-sans-fil-en-duplex-integral-pour-le-bureau-lusine-le-sport\/"},"modified":"2026-02-23T08:54:33","modified_gmt":"2026-02-23T07:54:33","slug":"axiwi-at-350-1-unite-plus-accessoires-intercom-numerique-sans-fil-en-duplex-integral-pour-le-bureau-lusine-le-sport","status":"publish","type":"product","link":"https:\/\/mguide.eu\/fr\/produkt\/axiwi-at-350-1-unite-plus-accessoires-intercom-numerique-sans-fil-en-duplex-integral-pour-le-bureau-lusine-le-sport\/","title":{"rendered":"Axiwi AT-350 1 unit\u00e9 plus accessoires: intercom num\u00e9rique sans fil en duplex int\u00e9gral pour le bureau, l&#8217;usine, le sport"},"content":{"rendered":"<div class=\"wpb-content-wrapper\"><p>[vc_row][vc_column][vc_video link=&#8221;https:\/\/www.youtube.com\/watch?v=VaWrcxCCj4s&#8221;][vc_column_text css=&#8221;&#8221;]L\u2019ensemble contient:<\/p>\n<ul>\n<li>\n<p data-path-to-node=\"7,0,0\"><b data-path-to-node=\"7,0,0\" data-index-in-node=\"0\">Intercom sans fil AT-350<\/b> \u2013 1 pc.<\/p>\n<\/li>\n<li>\n<p data-path-to-node=\"7,1,0\"><b data-path-to-node=\"7,1,0\" data-index-in-node=\"0\">Micro-casque avec microphone HE-009<\/b> \u2013 1 pc.<\/p>\n<\/li>\n<li>\n<p data-path-to-node=\"7,2,0\"><b data-path-to-node=\"7,2,0\" data-index-in-node=\"0\">Bandouli\u00e8re AT-350 OSFA (ou SP-1)<\/b> \u2013 1 pc.<\/p>\n<\/li>\n<li>\n<p data-path-to-node=\"7,3,0\"><b data-path-to-node=\"7,3,0\" data-index-in-node=\"0\">Chargeur secteur SC-100<\/b> \u2013 1 pc.<\/p>\n<\/li>\n<li>\n<p data-path-to-node=\"7,4,0\"><b data-path-to-node=\"7,4,0\" data-index-in-node=\"0\">C\u00e2ble USB-C<\/b> \u2013 1 pc.<\/p>\n<\/li>\n<\/ul>\n<p>Les syst\u00e8mes de communication bidirectionnelle AXIWI sont r\u00e9pertori\u00e9s sur\u00a0<a href=\"https:\/\/www.fifa.com\/en\/technical\/football-technology\/standards\/video-assistant-referee\/var-iaap-technology\">la liste des syst\u00e8mes de communication des arbitres de la F\u00e9d\u00e9ration Internationale de Football Association.\u00a0<\/a>AXIWI sont des syst\u00e8mes professionnels pour les arbitres sportifs et sont utilis\u00e9s par les organisations de football et les arbitres du monde entier (ainsi que par d\u2019autres utilisateurs).<\/p>\n<p>Qu\u2019est-ce que le syst\u00e8me d\u2019intercom AXIWI ?<br \/>\nAXIWI est un syst\u00e8me de communication miniature, bidirectionnel, en mode full-duplex et mains libres. Six personnes peuvent communiquer entre elles simultan\u00e9ment en mode conf\u00e9rence, comme lors d\u2019un appel t\u00e9l\u00e9phonique. Le mod\u00e8le AT-320 dispose de 4 canaux radio pour la communication, jusqu\u2019\u00e0 250 personnes peuvent utiliser chaque canal. De plus, l\u2019intercom est \u00e9quip\u00e9 d\u2019un clip et d\u2019un support de cordon de cou.<br \/>\nAxiwi AT-320 est le plus petit et le plus l\u00e9ger intercom pour arbitres disponible sur le march\u00e9! L\u2019appareil mesure 32 x 65 x 22 mm et ne p\u00e8se que 39 g avec la batterie.<\/p>\n<p>Le syst\u00e8me de communication AXIWI a \u00e9t\u00e9 con\u00e7u pour les arbitres sportifs, les entra\u00eeneurs et les moniteurs dans la plupart des disciplines sportives, telles que:<br \/>\n\u2013 handball,<br \/>\n\u2013 korfball,<br \/>\n\u2013 basket-ball,<br \/>\n\u2013 football,<br \/>\n\u2013 hockey sur gazon,<br \/>\n\u2013 volley-ball,<br \/>\n\u2013 baseball,<br \/>\n\u2013 water-polo,<br \/>\n\u2013 rugby,<br \/>\n\u2013 floorball,<br \/>\n\u2013 sports de plage,<br \/>\n\u2013 football en salle,<br \/>\n\u2013 \u00e9quitation.<\/p>\n<p><a href=\"https:\/\/systemtourguide.com\/system-komunikacji-sedziowskiej\/\">Pour en savoir plus sur les avantages des syst\u00e8mes Axiwi pour le sport, consultez ce lien sur notre site Web.<\/a><\/p>\n<p>Le d\u00e9lai de livraison est de 7 \u00e0 10 jours ouvrables.<\/p>\n<p>La p\u00e9riode de garantie est de 2 ans.<\/p>\n<p>Nous vous offrons une assistance technique compl\u00e8te, des mises \u00e0 jour et un service du syst\u00e8me m\u00eame apr\u00e8s l\u2019expiration de la p\u00e9riode de garantie.<\/p>\n<p>Caract\u00e9ristiques du syst\u00e8me AXIWI AT-350 :<br \/>\n\u2013 syst\u00e8me enti\u00e8rement sans fil sans station de base et installation<br \/>\n\u2013 communication bidirectionnelle en duplex int\u00e9gral pour jusqu\u2019\u00e0 6 personnes<br \/>\n\u2013 r\u00e9ception audio de haute qualit\u00e9 en temps r\u00e9el sans d\u00e9calage (latence &lt; 1 ms)<br \/>\n\u2013 jusqu\u2019\u00e0 250 appareils par canal peuvent se joindre \u00e0 la conversation en mode conf\u00e9rence<br \/>\n\u2013 8 canaux (8 groupes peuvent travailler ind\u00e9pendamment sans interf\u00e9rence dans la m\u00eame zone)<br \/>\n\u2013 port\u00e9e de 300 m\u00e8tres en ligne de mire<br \/>\n\u2013 petit et ultral\u00e9ger \u2013 78 x 38 x 19 mm \/ 70 g<br \/>\n\u2013 charge individuelle via prise Micro USB ou collectivement dans un chargeur de bureau d\u00e9di\u00e9<br \/>\n\u2013 prise casque 3,5 mm TRRS<br \/>\n\u2013 temps de fonctionnement \u2013 10 heures, temps de charge \u2013 3~4 heures<br \/>\n\u2013 classe de protection IP54<\/p>\n<p><a href=\"https:\/\/mguide.eu\/wp-content\/uploads\/2022\/08\/Porownanie-bezprzewodowych-systemow-komunikacji-AXIWI-Axiwi-PL.pdf\">Comparaison des syst\u00e8mes Axiwi AT-320 et AT-350.<\/a>[\/vc_column_text][vc_video link=&#8221;https:\/\/www.youtube.com\/watch?v=noPTV-e9ddU&amp;t=1s&amp;ab_channel=AXIWI&#8221;][\/vc_column][\/vc_row]<\/p>\n<\/div>","protected":false},"excerpt":{"rendered":"<p>Axiwi AT-350 est un intercom sans fil, miniature et ultral\u00e9ger, utilis\u00e9 par les arbitres sportifs et les professionnels de la communication. Port\u00e9e 300 m\u00e8tres en ligne de mire.<\/p>\n","protected":false},"featured_media":27050,"template":"","meta":{"_acf_changed":false},"product_brand":[],"product_cat":[2958,2551],"product_tag":[],"class_list":{"0":"post-35992","1":"product","2":"type-product","3":"status-publish","4":"has-post-thumbnail","6":"product_cat-sets-dinterphone","7":"product_cat-systemes-dinterphone","8":"pa_marka-axiwi-fr","10":"first","11":"instock","12":"taxable","13":"shipping-taxable","14":"purchasable","15":"product-type-simple"},"acf":[],"_links":{"self":[{"href":"https:\/\/mguide.eu\/fr\/wp-json\/wp\/v2\/product\/35992","targetHints":{"allow":["GET"]}}],"collection":[{"href":"https:\/\/mguide.eu\/fr\/wp-json\/wp\/v2\/product"}],"about":[{"href":"https:\/\/mguide.eu\/fr\/wp-json\/wp\/v2\/types\/product"}],"wp:featuredmedia":[{"embeddable":true,"href":"https:\/\/mguide.eu\/fr\/wp-json\/wp\/v2\/media\/27050"}],"wp:attachment":[{"href":"https:\/\/mguide.eu\/fr\/wp-json\/wp\/v2\/media?parent=35992"}],"wp:term":[{"taxonomy":"product_brand","embeddable":true,"href":"https:\/\/mguide.eu\/fr\/wp-json\/wp\/v2\/product_brand?post=35992"},{"taxonomy":"product_cat","embeddable":true,"href":"https:\/\/mguide.eu\/fr\/wp-json\/wp\/v2\/product_cat?post=35992"},{"taxonomy":"product_tag","embeddable":true,"href":"https:\/\/mguide.eu\/fr\/wp-json\/wp\/v2\/product_tag?post=35992"}],"curies":[{"name":"wp","href":"https:\/\/api.w.org\/{rel}","templated":true}]}}