{"id":36020,"date":"2021-10-07T09:28:44","date_gmt":"2021-10-07T07:28:44","guid":{"rendered":"https:\/\/mguide.eu\/produkt\/systeme-de-communication-sans-fil-pour-arbitre-axiwi-at-350-plus-accessoires-2-unites-2\/"},"modified":"2026-02-20T14:19:08","modified_gmt":"2026-02-20T13:19:08","slug":"systeme-de-communication-sans-fil-pour-arbitre-axiwi-at-350-plus-accessoires-3-unites","status":"publish","type":"product","link":"https:\/\/mguide.eu\/fr\/produkt\/systeme-de-communication-sans-fil-pour-arbitre-axiwi-at-350-plus-accessoires-3-unites\/","title":{"rendered":"Syst\u00e8me de communication sans fil pour arbitre &#8211; Axiwi AT-350 plus accessoires &#8211; 3 unit\u00e9s"},"content":{"rendered":"","protected":false},"excerpt":{"rendered":"<p>Une communication claire et confortable est essentielle dans le travail d&#8217;un arbitre sportif. C&#8217;est d\u00e9sormais facile gr\u00e2ce aux intercoms Axiwi AT-350 pour la communication sans fil dans le sport. Syst\u00e8me de communication bidirectionnelle sans fil en mode full duplex (conf\u00e9rence).<\/p>\n","protected":false},"featured_media":26856,"template":"","meta":{"_acf_changed":false},"product_brand":[],"product_cat":[2958,2551],"product_tag":[],"class_list":{"0":"post-36020","1":"product","2":"type-product","3":"status-publish","4":"has-post-thumbnail","6":"product_cat-sets-dinterphone","7":"product_cat-systemes-dinterphone","8":"pa_marka-axiwi-fr","10":"first","11":"instock","12":"taxable","13":"shipping-taxable","14":"purchasable","15":"product-type-simple"},"acf":[],"_links":{"self":[{"href":"https:\/\/mguide.eu\/fr\/wp-json\/wp\/v2\/product\/36020","targetHints":{"allow":["GET"]}}],"collection":[{"href":"https:\/\/mguide.eu\/fr\/wp-json\/wp\/v2\/product"}],"about":[{"href":"https:\/\/mguide.eu\/fr\/wp-json\/wp\/v2\/types\/product"}],"wp:featuredmedia":[{"embeddable":true,"href":"https:\/\/mguide.eu\/fr\/wp-json\/wp\/v2\/media\/26856"}],"wp:attachment":[{"href":"https:\/\/mguide.eu\/fr\/wp-json\/wp\/v2\/media?parent=36020"}],"wp:term":[{"taxonomy":"product_brand","embeddable":true,"href":"https:\/\/mguide.eu\/fr\/wp-json\/wp\/v2\/product_brand?post=36020"},{"taxonomy":"product_cat","embeddable":true,"href":"https:\/\/mguide.eu\/fr\/wp-json\/wp\/v2\/product_cat?post=36020"},{"taxonomy":"product_tag","embeddable":true,"href":"https:\/\/mguide.eu\/fr\/wp-json\/wp\/v2\/product_tag?post=36020"}],"curies":[{"name":"wp","href":"https:\/\/api.w.org\/{rel}","templated":true}]}}