{"id":36030,"date":"2021-10-07T09:41:09","date_gmt":"2021-10-07T07:41:09","guid":{"rendered":"https:\/\/mguide.eu\/produkt\/systeme-de-communication-sans-fil-pour-arbitre-axiwi-at-350-plus-accessoires-4-unites\/"},"modified":"2026-02-20T13:54:05","modified_gmt":"2026-02-20T12:54:05","slug":"systeme-de-communication-sans-fil-pour-arbitre-axiwi-at-350-plus-accessoires-4-unites","status":"publish","type":"product","link":"https:\/\/mguide.eu\/fr\/produkt\/systeme-de-communication-sans-fil-pour-arbitre-axiwi-at-350-plus-accessoires-4-unites\/","title":{"rendered":"Syst\u00e8me de communication sans fil pour arbitre &#8211; Axiwi AT-350 plus accessoires &#8211; 4 unit\u00e9s"},"content":{"rendered":"","protected":false},"excerpt":{"rendered":"<p>Axiwi AT-350, un ensemble le plus popolaire pour arbitres compos\u00e9 de 4 intercoms. Port\u00e9e 300 m\u00e8tres en ligne de mire. Syst\u00e8me de communication bidirectionnelle en mode full duplex (conf\u00e9rence).<\/p>\n","protected":false},"featured_media":26871,"template":"","meta":{"_acf_changed":false},"product_brand":[],"product_cat":[2958,2551],"product_tag":[],"class_list":{"0":"post-36030","1":"product","2":"type-product","3":"status-publish","4":"has-post-thumbnail","6":"product_cat-sets-dinterphone","7":"product_cat-systemes-dinterphone","8":"pa_marka-axiwi-fr","10":"first","11":"instock","12":"taxable","13":"shipping-taxable","14":"purchasable","15":"product-type-simple"},"acf":[],"_links":{"self":[{"href":"https:\/\/mguide.eu\/fr\/wp-json\/wp\/v2\/product\/36030","targetHints":{"allow":["GET"]}}],"collection":[{"href":"https:\/\/mguide.eu\/fr\/wp-json\/wp\/v2\/product"}],"about":[{"href":"https:\/\/mguide.eu\/fr\/wp-json\/wp\/v2\/types\/product"}],"wp:featuredmedia":[{"embeddable":true,"href":"https:\/\/mguide.eu\/fr\/wp-json\/wp\/v2\/media\/26871"}],"wp:attachment":[{"href":"https:\/\/mguide.eu\/fr\/wp-json\/wp\/v2\/media?parent=36030"}],"wp:term":[{"taxonomy":"product_brand","embeddable":true,"href":"https:\/\/mguide.eu\/fr\/wp-json\/wp\/v2\/product_brand?post=36030"},{"taxonomy":"product_cat","embeddable":true,"href":"https:\/\/mguide.eu\/fr\/wp-json\/wp\/v2\/product_cat?post=36030"},{"taxonomy":"product_tag","embeddable":true,"href":"https:\/\/mguide.eu\/fr\/wp-json\/wp\/v2\/product_tag?post=36030"}],"curies":[{"name":"wp","href":"https:\/\/api.w.org\/{rel}","templated":true}]}}