{"id":40394,"date":"2024-02-06T11:25:34","date_gmt":"2024-02-06T10:25:34","guid":{"rendered":"https:\/\/mguide.eu\/produkt\/eqs-4-11-ensemble-semi-duplex-bidirectionnel-pour-la-communication-entre-le-cavalier-et-le-moniteur-dequitation\/"},"modified":"2024-02-06T13:35:00","modified_gmt":"2024-02-06T12:35:00","slug":"eqs-4-11-ensemble-semi-duplex-bidirectionnel-pour-la-communication-entre-le-cavalier-et-le-moniteur-dequitation","status":"publish","type":"product","link":"https:\/\/mguide.eu\/fr\/produkt\/eqs-4-11-ensemble-semi-duplex-bidirectionnel-pour-la-communication-entre-le-cavalier-et-le-moniteur-dequitation\/","title":{"rendered":"EQS-4 (1+1) &#8211; Ensemble semi-duplex bidirectionnel pour la communication entre le cavalier et le moniteur d&#8217;\u00e9quitation"},"content":{"rendered":"<p>Une communication efficace est essentielle \u00e0 la r\u00e9ussite de toute formation, y compris la formation \u00e9questre. Notre syst\u00e8me est bas\u00e9 sur l&#8217;intercom bidirectionnel semi-duplex GST-G2 qui permet \u00e0 un moniteur d&#8217;\u00e9quitation de parler \u00e0 un \u00e9l\u00e8ve sur la plus grande distance de tous nos syst\u00e8mes: jusqu&#8217;\u00e0 2 km en terrain d\u00e9couvert. La communication en mode PTT (push to talk, appuyez pour parler) facilitera les autres conversations tant pour l&#8217;instructeur que pour le cavalier, qui ne seront pas transmises lorsque le bouton n&#8217;est pas enfonc\u00e9. Contenu du set:<br \/>\n&#8211; 2 x Radio GST G2<br \/>\n&#8211; 2 x headset GST-E007 ou GST-FBI<br \/>\n&#8211; 2 x brassard SPORT universel<\/p>\n","protected":false},"excerpt":{"rendered":"<p>Jeu de 2 intercoms pour cours d\u00b4\u00e9quitation avec un headset et un \u00e9tui en forme de brassard confortable.<\/p>\n","protected":false},"featured_media":46002,"template":"","meta":{"_acf_changed":false},"product_brand":[],"product_cat":[5170,6484],"product_tag":[],"class_list":{"0":"post-40394","1":"product","2":"type-product","3":"status-publish","4":"has-post-thumbnail","6":"product_cat-interphones-pour-lequitation","7":"product_cat-mguide-gst-fr","9":"first","10":"instock","11":"taxable","12":"shipping-taxable","13":"purchasable","14":"product-type-simple"},"acf":[],"_links":{"self":[{"href":"https:\/\/mguide.eu\/fr\/wp-json\/wp\/v2\/product\/40394","targetHints":{"allow":["GET"]}}],"collection":[{"href":"https:\/\/mguide.eu\/fr\/wp-json\/wp\/v2\/product"}],"about":[{"href":"https:\/\/mguide.eu\/fr\/wp-json\/wp\/v2\/types\/product"}],"wp:featuredmedia":[{"embeddable":true,"href":"https:\/\/mguide.eu\/fr\/wp-json\/wp\/v2\/media\/46002"}],"wp:attachment":[{"href":"https:\/\/mguide.eu\/fr\/wp-json\/wp\/v2\/media?parent=40394"}],"wp:term":[{"taxonomy":"product_brand","embeddable":true,"href":"https:\/\/mguide.eu\/fr\/wp-json\/wp\/v2\/product_brand?post=40394"},{"taxonomy":"product_cat","embeddable":true,"href":"https:\/\/mguide.eu\/fr\/wp-json\/wp\/v2\/product_cat?post=40394"},{"taxonomy":"product_tag","embeddable":true,"href":"https:\/\/mguide.eu\/fr\/wp-json\/wp\/v2\/product_tag?post=40394"}],"curies":[{"name":"wp","href":"https:\/\/api.w.org\/{rel}","templated":true}]}}