{"id":40520,"date":"2024-02-07T11:46:54","date_gmt":"2024-02-07T10:46:54","guid":{"rendered":"https:\/\/mguide.eu\/?post_type=product&#038;p=40520"},"modified":"2024-07-24T13:25:21","modified_gmt":"2024-07-24T11:25:21","slug":"housses-dhygiene-eponge-pour-microphone-100-pc-2","status":"publish","type":"product","link":"https:\/\/mguide.eu\/fr\/produkt\/housses-dhygiene-eponge-pour-microphone-100-pc-2\/","title":{"rendered":"Housses d&#8217;hygi\u00e8ne \u00e9ponge pour microphone (100 pc.)"},"content":{"rendered":"<p>Fait d&#8217;\u00e9ponge \u00e9paisse. Disponible en noir. Ils s&#8217;adaptent \u00e0 un microphone \u00e0 main standard avec une taille de t\u00eate d&#8217;env. 4 x 5-6 cm.<\/p>\n","protected":false},"excerpt":{"rendered":"<p>Housses de microphone hygi\u00e9niques en \u00e9ponge \u00e9paisse. D\u00e9di\u00e9 \u00e0 une utilisation avec un microphone \u00e0 main standard, dimensions de la t\u00eate env.<\/p>\n","protected":false},"featured_media":40329,"template":"","meta":{"_acf_changed":false},"product_brand":[],"product_cat":[3250],"product_tag":[],"class_list":{"0":"post-40520","1":"product","2":"type-product","3":"status-publish","4":"has-post-thumbnail","6":"product_cat-hygiene-fr","8":"first","9":"instock","10":"taxable","11":"shipping-taxable","12":"purchasable","13":"product-type-simple"},"acf":[],"_links":{"self":[{"href":"https:\/\/mguide.eu\/fr\/wp-json\/wp\/v2\/product\/40520","targetHints":{"allow":["GET"]}}],"collection":[{"href":"https:\/\/mguide.eu\/fr\/wp-json\/wp\/v2\/product"}],"about":[{"href":"https:\/\/mguide.eu\/fr\/wp-json\/wp\/v2\/types\/product"}],"wp:featuredmedia":[{"embeddable":true,"href":"https:\/\/mguide.eu\/fr\/wp-json\/wp\/v2\/media\/40329"}],"wp:attachment":[{"href":"https:\/\/mguide.eu\/fr\/wp-json\/wp\/v2\/media?parent=40520"}],"wp:term":[{"taxonomy":"product_brand","embeddable":true,"href":"https:\/\/mguide.eu\/fr\/wp-json\/wp\/v2\/product_brand?post=40520"},{"taxonomy":"product_cat","embeddable":true,"href":"https:\/\/mguide.eu\/fr\/wp-json\/wp\/v2\/product_cat?post=40520"},{"taxonomy":"product_tag","embeddable":true,"href":"https:\/\/mguide.eu\/fr\/wp-json\/wp\/v2\/product_tag?post=40520"}],"curies":[{"name":"wp","href":"https:\/\/api.w.org\/{rel}","templated":true}]}}