{"id":41888,"date":"2024-05-06T13:30:37","date_gmt":"2024-05-06T11:30:37","guid":{"rendered":"https:\/\/mguide.eu\/?post_type=product&#038;p=41888"},"modified":"2025-01-29T11:13:25","modified_gmt":"2025-01-29T10:13:25","slug":"mguide-gst-g3-intercom-pour-horeca","status":"publish","type":"product","link":"https:\/\/mguide.eu\/fr\/produkt\/mguide-gst-g3-intercom-pour-horeca\/","title":{"rendered":"mGuide GST G3: intercom pour HoReCa | radio suppl\u00e9mentaire pour les ensembles EQS-4, SKI-1, VELO-1"},"content":{"rendered":"<p>Radio personnelle pour les employ\u00e9s HORECA : serveurs et aides de cuisine, membres de l&#8217;\u00e9quipe de nettoyage, s\u00e9curit\u00e9.<\/p>\n<p>mGuide GST est un syst\u00e8me de communication sans fil qui am\u00e9liore la communication et facilite l&#8217;organisation du travail dans l&#8217;industrie HORECA.<\/p>\n<p>mGuide GST sera utile, par exemple, pour la communication entre:<\/p>\n<ul>\n<li>le personnel de cuisine et les serveurs d&#8217;un restaurant,<\/li>\n<li>les serveurs et l&#8217;\u00e9quipe d&#8217;organisation lors des \u00e9v\u00e9nements,<\/li>\n<li>le chef de salle et le personnel lors de services de catering ou de r\u00e9ceptions,<\/li>\n<li>la r\u00e9ception de l&#8217;h\u00f4tel et le personnel de nettoyage ou de s\u00e9curit\u00e9.<\/li>\n<\/ul>\n","protected":false},"excerpt":{"rendered":"<p>Radio personnelle pour les professionnel de horeca: serveurs et aides de cuisine, membres de l&#8217;\u00e9quipe de nettoyage, s\u00e9curit\u00e9.<\/p>\n","protected":false},"featured_media":46173,"template":"","meta":{"_acf_changed":false},"product_brand":[],"product_cat":[5170,5808,6015,6016,6484],"product_tag":[],"class_list":{"0":"post-41888","1":"product","2":"type-product","3":"status-publish","4":"has-post-thumbnail","6":"product_cat-interphones-pour-lequitation","7":"product_cat-intercom-pour-la-gastronomie-horeca","8":"product_cat-intercoms-pour-le-ski","9":"product_cat-intercoms-pour-les-sports-cyclistes","10":"product_cat-mguide-gst-fr","12":"first","13":"instock","14":"taxable","15":"shipping-taxable","16":"purchasable","17":"product-type-simple"},"acf":[],"_links":{"self":[{"href":"https:\/\/mguide.eu\/fr\/wp-json\/wp\/v2\/product\/41888","targetHints":{"allow":["GET"]}}],"collection":[{"href":"https:\/\/mguide.eu\/fr\/wp-json\/wp\/v2\/product"}],"about":[{"href":"https:\/\/mguide.eu\/fr\/wp-json\/wp\/v2\/types\/product"}],"wp:featuredmedia":[{"embeddable":true,"href":"https:\/\/mguide.eu\/fr\/wp-json\/wp\/v2\/media\/46173"}],"wp:attachment":[{"href":"https:\/\/mguide.eu\/fr\/wp-json\/wp\/v2\/media?parent=41888"}],"wp:term":[{"taxonomy":"product_brand","embeddable":true,"href":"https:\/\/mguide.eu\/fr\/wp-json\/wp\/v2\/product_brand?post=41888"},{"taxonomy":"product_cat","embeddable":true,"href":"https:\/\/mguide.eu\/fr\/wp-json\/wp\/v2\/product_cat?post=41888"},{"taxonomy":"product_tag","embeddable":true,"href":"https:\/\/mguide.eu\/fr\/wp-json\/wp\/v2\/product_tag?post=41888"}],"curies":[{"name":"wp","href":"https:\/\/api.w.org\/{rel}","templated":true}]}}