{"id":44088,"date":"2024-07-29T15:37:18","date_gmt":"2024-07-29T13:37:18","guid":{"rendered":"https:\/\/mguide.eu\/?post_type=product&#038;p=44088"},"modified":"2025-04-01T11:36:48","modified_gmt":"2025-04-01T09:36:48","slug":"okayo-wt-350d","status":"publish","type":"product","link":"https:\/\/mguide.eu\/fr\/produkt\/okayo-wt-350d\/","title":{"rendered":"Okayo WT-350D"},"content":{"rendered":"<p>Okayo WT-350D City Jungle Edition est une continuation num\u00e9rique du mod\u00e8le analogique WT-350. Ce dernier syst\u00e8me sera parfait pour le secteur du tourisme, car il est \u00e9quip\u00e9 de toutes les fonctions n\u00e9cessaires pour guider les touristes. De plus, il surprend par ses nouvelles options auparavant indisponibles et un design moderne et urbain.<\/p>\n<p>C&#8217;est le premier mod\u00e8le 2 en 1! De mani\u00e8re simple, avec un seul interrupteur, vous pouvez donner la parole aux membres du groupe aux moments opportuns, ce qui en fait un syst\u00e8me de communication bidirectionnel. L&#8217;\u00e9metteur et le r\u00e9cepteur sont tous deux \u00e9quip\u00e9s d&#8217;un microphone int\u00e9gr\u00e9.<\/p>\n<p>Transmission num\u00e9rique: de nouvelles possibilit\u00e9s<br \/>\nEn utilisant la transmission num\u00e9rique au lieu de la transmission analogique, le dernier syst\u00e8me tourguide dispose non seulement d&#8217;un plus grand nombre de canaux, mais offre \u00e9galement de nouvelles possibilit\u00e9s aux utilisateurs. Depuis votre \u00e9metteur, vous pouvez changer de canal \u00e0 distance ou, si n\u00e9cessaire, augmenter la puissance de l&#8217;appareil pour obtenir une plus grande port\u00e9e.<\/p>\n<p>Facilit\u00e9 d&#8217;utilisation<br \/>\nLe syst\u00e8me de communication sans fil Okayo WT-350D City Jungle Edition est \u00e9quip\u00e9 d&#8217;un \u00e9cran facile \u00e0 lire avec un indicateur de niveau de batterie et des voyants LED. De plus, gr\u00e2ce aux grands boutons bien visibles, l&#8217;utilisation de ce nouveau syst\u00e8me tourguide est tr\u00e8s simple et pratique. Ce mod\u00e8le permet \u00e9galement de r\u00e9gler le volume du son, de sorte que vous pouvez \u00eatre s\u00fbr que chaque utilisateur vous entendra bien. <\/p>\n<p>Design moderne et universel<br \/>\nOkayo WT-350D City Jungle Edition poss\u00e8de un bo\u00eetier robuste et r\u00e9sistant aux dommages qui garantit \u00e0 la fois l&#8217;esth\u00e9tique et la durabilit\u00e9 et ne p\u00e8se que 65 g avec la batterie. Le mod\u00e8le est disponible dans des couleurs sobres: vert (\u00e9metteur) et jaune (r\u00e9cepteur), ce qui lui conf\u00e8re un caract\u00e8re urbain unique. Notre dernier syst\u00e8me tourguide est une combinaison parfaite de la modernit\u00e9 et de la fonctionnalit\u00e9.<br \/>\nDe plus, le syst\u00e8me Okayo WT-350D est \u00e9quip\u00e9 de la fonction HAC (Hearing Aid Compatibility), qui permet aux personnes portant des aides auditives de participer sans aucun probl\u00e8me aux visites guid\u00e9es. La fonction HAC permet de transmettre le son sans fil directement aux appareils auditifs des utilisateurs, en \u00e9liminant les bruits de fond et en garantissant un son clair et net. Gr\u00e2ce \u00e0 cette fonction, le syst\u00e8me tourguide devient plus accessible et adapt\u00e9 aux personnes malentendantes, ce qui am\u00e9liore leur exp\u00e9rience et leur confort lors des visites touristiques.<\/p>\n<p>Caract\u00e9ristiques du mod\u00e8le Okayo WT-350D:<\/p>\n<p>&#8211;\ttransmission num\u00e9rique<br \/>\n&#8211;\t44 canaux<br \/>\n&#8211;\tautonomie de la batterie : plus de 15 heures (\u00e9metteur), plus de 20 heures (r\u00e9cepteur)<br \/>\n&#8211;\tfonction HAC<br \/>\n&#8211;\tport\u00e9e optimale (jusqu&#8217;\u00e0 100 m en ligne de mire)<br \/>\n&#8211;\tsyst\u00e8me compact (63 x 132 x 70 mm) et l\u00e9ger (65 g avec la batterie)<br \/>\n&#8211;\tdesign moderne, bo\u00eetier r\u00e9sistant \u00e0 la salet\u00e9 et aux dommages<br \/>\n&#8211;\t\u00e9cran avec indication du niveau de charge de la batterie<br \/>\n&#8211;\tmicrophone int\u00e9gr\u00e9 dans l&#8217;\u00e9metteur et le r\u00e9cepteur<br \/>\n&#8211;\tsyst\u00e8me 2en1: la possibilit\u00e9 d&#8217;activer\/d\u00e9sactiver la fonction Talk-back (conversation bidirectionnelle) depuis l&#8217;\u00e9metteur<br \/>\n&#8211;\taliment\u00e9 par 1 pile AA ou 1 batterie rechargeable Ni-MH<\/p>\n","protected":false},"excerpt":{"rendered":"<p>Okayo WT-350D City Jungle Edition est une continuation num\u00e9rique du mod\u00e8le analogique WT-350. Ce dernier syst\u00e8me sera parfait pour le secteur du tourisme, car il est \u00e9quip\u00e9 de toutes les fonctions n\u00e9cessaires pour guider les touristes. De plus, il surprend par ses nouvelles options auparavant indisponibles et un design moderne et urbain.<\/p>\n","protected":false},"featured_media":44210,"template":"","meta":{"_acf_changed":false},"product_brand":[],"product_cat":[6218],"product_tag":[],"class_list":{"0":"post-44088","1":"product","2":"type-product","3":"status-publish","4":"has-post-thumbnail","6":"product_cat-modeles","7":"pa_marka-okayo-fr","9":"first","10":"instock","11":"taxable","12":"shipping-taxable","13":"product-type-grouped"},"acf":[],"_links":{"self":[{"href":"https:\/\/mguide.eu\/fr\/wp-json\/wp\/v2\/product\/44088","targetHints":{"allow":["GET"]}}],"collection":[{"href":"https:\/\/mguide.eu\/fr\/wp-json\/wp\/v2\/product"}],"about":[{"href":"https:\/\/mguide.eu\/fr\/wp-json\/wp\/v2\/types\/product"}],"wp:featuredmedia":[{"embeddable":true,"href":"https:\/\/mguide.eu\/fr\/wp-json\/wp\/v2\/media\/44210"}],"wp:attachment":[{"href":"https:\/\/mguide.eu\/fr\/wp-json\/wp\/v2\/media?parent=44088"}],"wp:term":[{"taxonomy":"product_brand","embeddable":true,"href":"https:\/\/mguide.eu\/fr\/wp-json\/wp\/v2\/product_brand?post=44088"},{"taxonomy":"product_cat","embeddable":true,"href":"https:\/\/mguide.eu\/fr\/wp-json\/wp\/v2\/product_cat?post=44088"},{"taxonomy":"product_tag","embeddable":true,"href":"https:\/\/mguide.eu\/fr\/wp-json\/wp\/v2\/product_tag?post=44088"}],"curies":[{"name":"wp","href":"https:\/\/api.w.org\/{rel}","templated":true}]}}