{"id":47786,"date":"2024-11-15T09:34:46","date_gmt":"2024-11-15T08:34:46","guid":{"rendered":"https:\/\/mguide.eu\/produkt\/sac-de-transport-tb-tk-12-avec-mousse\/"},"modified":"2025-01-29T11:03:17","modified_gmt":"2025-01-29T10:03:17","slug":"sac-de-transport-tb-tk-12-avec-mousse","status":"publish","type":"product","link":"https:\/\/mguide.eu\/fr\/produkt\/sac-de-transport-tb-tk-12-avec-mousse\/","title":{"rendered":"Sac de transport TB-TK-12 avec mousse"},"content":{"rendered":"<p>Sac de transport noir TB-TK-12 avec mousse, d\u00e9di\u00e9 \u00e0 Okayo WaveTalk (24 pcs.), Okayo EzTour (12 pcs.) et mGuide GST (12 pcs.). Equip\u00e9 d&#8217;une bandouli\u00e8re, ferm\u00e9e par une fermeture \u00e9clair. Il dispose d&#8217;une poche suppl\u00e9mentaire en filet \u00e0 l&#8217;int\u00e9rieur.<\/p>\n","protected":false},"excerpt":{"rendered":"<p>Sac TB-TK-12 avec mousse pour Okayo WaveTalk (24), Okayo EZtour (12) et mGuide GST (12).<\/p>\n","protected":false},"featured_media":47766,"template":"","meta":{"_acf_changed":false},"product_brand":[],"product_cat":[3410,5170,6475,804],"product_tag":[],"class_list":{"0":"post-47786","1":"product","2":"type-product","3":"status-publish","4":"has-post-thumbnail","6":"product_cat-accessoires-pour-systemes-dinterphone","7":"product_cat-interphones-pour-lequitation","8":"product_cat-okayo-c200-fr","9":"product_cat-sacoches-et-valises-de-transport","10":"pa_marka-okayo-fr","12":"first","13":"instock","14":"taxable","15":"shipping-taxable","16":"purchasable","17":"product-type-simple"},"acf":[],"_links":{"self":[{"href":"https:\/\/mguide.eu\/fr\/wp-json\/wp\/v2\/product\/47786","targetHints":{"allow":["GET"]}}],"collection":[{"href":"https:\/\/mguide.eu\/fr\/wp-json\/wp\/v2\/product"}],"about":[{"href":"https:\/\/mguide.eu\/fr\/wp-json\/wp\/v2\/types\/product"}],"wp:featuredmedia":[{"embeddable":true,"href":"https:\/\/mguide.eu\/fr\/wp-json\/wp\/v2\/media\/47766"}],"wp:attachment":[{"href":"https:\/\/mguide.eu\/fr\/wp-json\/wp\/v2\/media?parent=47786"}],"wp:term":[{"taxonomy":"product_brand","embeddable":true,"href":"https:\/\/mguide.eu\/fr\/wp-json\/wp\/v2\/product_brand?post=47786"},{"taxonomy":"product_cat","embeddable":true,"href":"https:\/\/mguide.eu\/fr\/wp-json\/wp\/v2\/product_cat?post=47786"},{"taxonomy":"product_tag","embeddable":true,"href":"https:\/\/mguide.eu\/fr\/wp-json\/wp\/v2\/product_tag?post=47786"}],"curies":[{"name":"wp","href":"https:\/\/api.w.org\/{rel}","templated":true}]}}