{"id":48003,"date":"2024-11-28T12:19:58","date_gmt":"2024-11-28T11:19:58","guid":{"rendered":"https:\/\/mguide.eu\/?post_type=product&#038;p=48003"},"modified":"2025-04-01T11:29:56","modified_gmt":"2025-04-01T09:29:56","slug":"eqs-c200-11-ensemble-numerique-unidirectionnel-pour-la-communication-entre-le-moniteur-dequitation-et-son-eleve","status":"publish","type":"product","link":"https:\/\/mguide.eu\/fr\/produkt\/eqs-c200-11-ensemble-numerique-unidirectionnel-pour-la-communication-entre-le-moniteur-dequitation-et-son-eleve\/","title":{"rendered":"EQS-C200 1+1 &#8211; Ensemble num\u00e9rique unidirectionnel pour la communication entre le moniteur d&#8217;\u00e9quitation et son \u00e9l\u00e8ve"},"content":{"rendered":"<p>L&#8217;ensemble contient:<br \/>\n\u2013 \u00e9metteur de poche<br \/>\n\u2013 r\u00e9cepteur pour le jockey<br \/>\n\u2013 micro-cravate LM<br \/>\n\u2013 \u00e9couteur SH (ou autre mod\u00e8le disponible)<br \/>\n\u2013 \u00e9tui de transport<br \/>\n\u2013 lani\u00e8re r\u00e9utilisable (2 pi\u00e8ces)<br \/>\n\u2013 piles (2 pi\u00e8ces)<br \/>\n\u2013 coupe-vent pour le micro<\/p>\n<p>La p\u00e9riode de garantie est de 3 ans.<\/p>\n<p>Nous vous offrons une assistance technique compl\u00e8te, des mises \u00e0 jour et un service du syst\u00e8me m\u00eame apr\u00e8s l&#8217;expiration de la p\u00e9riode de garantie.<\/p>\n<p>Syst\u00e8me professionnel de communication unidirectionnelle num\u00e9rique et sans fil pour un instructeur d&#8217;\u00e9quitation et deux jockeys.<\/p>\n<p>Si vous recherchez une solution professionnelle et abordable pour la communication \u00e0 distance entre un moniteur d&#8217;\u00e9quitation et un jockey d&#8217;un fabricant de syst\u00e8mes audio r\u00e9put\u00e9, mGuide EQS-C200 bas\u00e9 sur le mod\u00e8le Coaching-200 du c\u00e9l\u00e8bre fabricant Okayo Electronics, est ce qu&#8217;il vous faut.<\/p>\n<p>El QS-C200 est un intercom \u00e9questre l\u00e9ger et compact \u00e9quip\u00e9 d&#8217;une pince \u00e0 v\u00eatements. Il tient facilement dans une petite poche et son poids le rend imperceptible pour l&#8217;utilisateur. Cette caract\u00e9ristique accro\u00eet consid\u00e9rablement l&#8217;int\u00e9r\u00eat des centres \u00e9questres pour ce syst\u00e8me, tout en offrant un certain nombre d&#8217;avantages aux participants aux cours d&#8217;\u00e9quitation.<\/p>\n<p>Le mod\u00e8le mGuide EQS-C200 est une solution id\u00e9ale pour les centres \u00e9questres, les moniteurs d&#8217;\u00e9quitation et les entra\u00eeneurs pour lesquels les facteurs les plus importants sont les \u00e9conomies d&#8217;investissement (retour rapide sur investissement ), un long fonctionnement (faible consommation de batterie), la facilit\u00e9 d&#8217;utilisation (r\u00e9duction du poids et de la taille), la commodit\u00e9 et la simplicit\u00e9 d&#8217;utilisation. Combin\u00e9 \u00e0 la qualit\u00e9 de transmission num\u00e9rique id\u00e9ale qui distingue ce mod\u00e8le d&#8217;intercom \u00e9questre, il sera plus performant que les syst\u00e8mes chinois bon march\u00e9 disponibles sur le march\u00e9.<\/p>\n<p>Caract\u00e9ristiques de mGuide EQS-C200:<br \/>\n\u2013 prix comp\u00e9titif<br \/>\n\u2013 compact et tr\u00e8s l\u00e9ger\u2013 65 g<br \/>\n\u2013 son clair et net gr\u00e2ce \u00e0 la transmission num\u00e9rique UHF du son<br \/>\n\u2013 \u00e9cran LCD facile \u00e0 lire avec num\u00e9ro du canal et indicateur de batterie<\/p>\n<p>Sp\u00e9cification technique de Okayo Coaching-200:<br \/>\n\u2013 Bande de fr\u00e9quence: 863 MHz ~ 865 MHz<br \/>\n\u2013 Nombre de canaux: 16<br \/>\n\u2013 Modulation d&#8217;\u00e9mission: GFSK<br \/>\n\u2013 Port\u00e9e de transmission: plus de 100 m\u00e8tres en ligne de mire<br \/>\n\u2013 Autonomie de fonctionnement avec 1 pile alcaline AA: r\u00e9cepteur plus de 20 heures, \u00e9metteur plus de 15 heures<br \/>\n\u2013 Plage de temp\u00e9rature de fonctionnement: -10\u2103 ~ 50\u2103<br \/>\n\u2013 R\u00e9ponse en fr\u00e9quence: 200 &#8211; 3400 Hz<br \/>\n\u2013 Dimensions: 63 x 132 x 70 mm<br \/>\n\u2013 Poids: 65 g<\/p>\n","protected":false},"excerpt":{"rendered":"<p>Ensemble audio pour les cours d&#8217;\u00e9quitation pour l&#8217;instructeur et deux jockeys. L&#8217;ensemble permet la transmission sans fil de la voix de l&#8217;entra\u00eeneur d&#8217;\u00e9quitation dans un rayon de plus de 100 m\u00e8tres.<\/p>\n","protected":false},"featured_media":48008,"template":"","meta":{"_acf_changed":false},"product_brand":[],"product_cat":[5170,6475],"product_tag":[],"class_list":{"0":"post-48003","1":"product","2":"type-product","3":"status-publish","4":"has-post-thumbnail","6":"product_cat-interphones-pour-lequitation","7":"product_cat-okayo-c200-fr","8":"pa_marka-okayo-fr","10":"first","11":"instock","12":"taxable","13":"shipping-taxable","14":"purchasable","15":"product-type-simple"},"acf":[],"_links":{"self":[{"href":"https:\/\/mguide.eu\/fr\/wp-json\/wp\/v2\/product\/48003","targetHints":{"allow":["GET"]}}],"collection":[{"href":"https:\/\/mguide.eu\/fr\/wp-json\/wp\/v2\/product"}],"about":[{"href":"https:\/\/mguide.eu\/fr\/wp-json\/wp\/v2\/types\/product"}],"wp:featuredmedia":[{"embeddable":true,"href":"https:\/\/mguide.eu\/fr\/wp-json\/wp\/v2\/media\/48008"}],"wp:attachment":[{"href":"https:\/\/mguide.eu\/fr\/wp-json\/wp\/v2\/media?parent=48003"}],"wp:term":[{"taxonomy":"product_brand","embeddable":true,"href":"https:\/\/mguide.eu\/fr\/wp-json\/wp\/v2\/product_brand?post=48003"},{"taxonomy":"product_cat","embeddable":true,"href":"https:\/\/mguide.eu\/fr\/wp-json\/wp\/v2\/product_cat?post=48003"},{"taxonomy":"product_tag","embeddable":true,"href":"https:\/\/mguide.eu\/fr\/wp-json\/wp\/v2\/product_tag?post=48003"}],"curies":[{"name":"wp","href":"https:\/\/api.w.org\/{rel}","templated":true}]}}