{"id":48932,"date":"2025-01-17T10:38:57","date_gmt":"2025-01-17T09:38:57","guid":{"rendered":"https:\/\/mguide.eu\/?post_type=product&#038;p=48932"},"modified":"2025-01-29T10:56:07","modified_gmt":"2025-01-29T09:56:07","slug":"sacoche-de-transport-hb-c200","status":"publish","type":"product","link":"https:\/\/mguide.eu\/fr\/produkt\/sacoche-de-transport-hb-c200\/","title":{"rendered":"Sacoche de transport HB-C200"},"content":{"rendered":"<p>Sac de transport HB-C200 en couleur noir, d\u00e9di\u00e9 au mod\u00e8le Okayo C200. \u00c9quip\u00e9 D\u2019une poign\u00e9e de transport confortable et d\u2019une mousse de protection durable. Des compartiments sp\u00e9cialement con\u00e7us dans la mousse permettent de ranger et de transporter en toute s\u00e9curit\u00e9 5 appareils, 8 piles et les accessoires n\u00e9cessaires. De plus, il dispose d\u2019une poche int\u00e9rieure en filet, par exemple pour les mouchoirs ou autres petits objets. Dimensions: 24 x 17 x 13 cm.<\/p>\n","protected":false},"excerpt":{"rendered":"<p>Sac de transport HB-C200 noir d\u00e9di\u00e9 au modele Okayo C200. Equip\u00e9 d&#8217;une<br \/>\nmousse con\u00e7ue pour transporter 5 appareils.<\/p>\n","protected":false},"featured_media":48939,"template":"","meta":{"_acf_changed":false},"product_brand":[],"product_cat":[5170,6475],"product_tag":[],"class_list":{"0":"post-48932","1":"product","2":"type-product","3":"status-publish","4":"has-post-thumbnail","6":"product_cat-interphones-pour-lequitation","7":"product_cat-okayo-c200-fr","8":"pa_marka-okayo-fr","10":"first","11":"instock","12":"taxable","13":"shipping-taxable","14":"purchasable","15":"product-type-simple"},"acf":[],"_links":{"self":[{"href":"https:\/\/mguide.eu\/fr\/wp-json\/wp\/v2\/product\/48932","targetHints":{"allow":["GET"]}}],"collection":[{"href":"https:\/\/mguide.eu\/fr\/wp-json\/wp\/v2\/product"}],"about":[{"href":"https:\/\/mguide.eu\/fr\/wp-json\/wp\/v2\/types\/product"}],"wp:featuredmedia":[{"embeddable":true,"href":"https:\/\/mguide.eu\/fr\/wp-json\/wp\/v2\/media\/48939"}],"wp:attachment":[{"href":"https:\/\/mguide.eu\/fr\/wp-json\/wp\/v2\/media?parent=48932"}],"wp:term":[{"taxonomy":"product_brand","embeddable":true,"href":"https:\/\/mguide.eu\/fr\/wp-json\/wp\/v2\/product_brand?post=48932"},{"taxonomy":"product_cat","embeddable":true,"href":"https:\/\/mguide.eu\/fr\/wp-json\/wp\/v2\/product_cat?post=48932"},{"taxonomy":"product_tag","embeddable":true,"href":"https:\/\/mguide.eu\/fr\/wp-json\/wp\/v2\/product_tag?post=48932"}],"curies":[{"name":"wp","href":"https:\/\/api.w.org\/{rel}","templated":true}]}}