{"id":50385,"date":"2025-03-04T13:44:08","date_gmt":"2025-03-04T12:44:08","guid":{"rendered":"https:\/\/mguide.eu\/?post_type=product&#038;p=50385"},"modified":"2025-03-05T12:06:24","modified_gmt":"2025-03-05T11:06:24","slug":"systeme-de-visite-guidee-recepteur-okayo-earme-fit","status":"publish","type":"product","link":"https:\/\/mguide.eu\/fr\/produkt\/systeme-de-visite-guidee-recepteur-okayo-earme-fit\/","title":{"rendered":"Syst\u00e8me de visite guid\u00e9e \u2013 R\u00e9cepteur Okayo EarME FIT"},"content":{"rendered":"<p data-sourcepos=\"5:1-5:249\">L&#8217;Okayo EarME FIT est un r\u00e9cepteur de syst\u00e8me de guidage touristique moderne qui combine fonctionnalit\u00e9, confort et qualit\u00e9 sonore sup\u00e9rieure. Con\u00e7u pour les guides et les touristes, il \u00e9limine les probl\u00e8mes li\u00e9s \u00e0 la distance et \u00e0 la communication.<\/p>\n<p data-sourcepos=\"7:1-7:58\"><strong>Caract\u00e9ristiques et avantages du r\u00e9cepteur Okayo EarME FIT :<\/strong><\/p>\n<ul data-sourcepos=\"9:1-17:0\">\n<li data-sourcepos=\"9:1-9:136\"><strong>Conception ergonomique :<\/strong> R\u00e9cepteur l\u00e9ger et compact avec une boucle d&#8217;oreille confortable, adaptable \u00e0 l&#8217;oreille gauche ou droite.<\/li>\n<li data-sourcepos=\"10:1-10:126\"><strong>Qualit\u00e9 sonore haute fid\u00e9lit\u00e9 :<\/strong> La r\u00e9duction de bruit avanc\u00e9e assure un son clair et net, m\u00eame dans les endroits bond\u00e9s.<\/li>\n<li data-sourcepos=\"11:1-11:108\"><strong>Compatibilit\u00e9 :<\/strong> Le r\u00e9cepteur est r\u00e9trocompatible et compatible crois\u00e9e avec le syst\u00e8me EarME existant.<\/li>\n<li data-sourcepos=\"12:1-12:98\"><strong>Facilit\u00e9 d&#8217;utilisation :<\/strong> Fonctionnement intuitif et deux boutons facilement reconnaissables.<\/li>\n<li data-sourcepos=\"13:1-13:98\"><strong>Sans fil :<\/strong> \u00c9limine le probl\u00e8me des c\u00e2bles d&#8217;\u00e9couteurs emm\u00eal\u00e9s. Ne n\u00e9cessite pas d&#8217;\u00e9couteurs.<\/li>\n<li data-sourcepos=\"14:1-14:98\"><strong>Longue autonomie :<\/strong> La batterie au lithium int\u00e9gr\u00e9e offre une longue dur\u00e9e de fonctionnement.<\/li>\n<li data-sourcepos=\"15:1-15:89\"><strong>Charge rapide :<\/strong> Possibilit\u00e9 de charge rapide dans une station de charge compatible.<\/li>\n<li data-sourcepos=\"16:1-17:0\"><strong>Hygi\u00e8ne :<\/strong> Possibilit\u00e9 d&#8217;utiliser des embouts hygi\u00e9niques NHS-55.<\/li>\n<\/ul>\n<p data-sourcepos=\"18:1-18:202\">Le r\u00e9cepteur Okayo EarME FIT est la solution id\u00e9ale pour les guides touristiques professionnels, les mus\u00e9es, les galeries et tous ceux qui ont besoin d&#8217;un syst\u00e8me de guidage touristique fiable et confortable.<\/p>\n<p data-sourcepos=\"20:1-20:15\"><strong>Chargeurs :<\/strong><\/p>\n<ul data-sourcepos=\"22:1-26:0\">\n<li data-sourcepos=\"22:1-22:89\"><strong><a href=\"https:\/\/mguide.eu\/fr\/produkt\/chargeur-okayo-c111\/\">Okayo C111<\/a> :<\/strong> Chargeur \u00e0 insertion pour 11 r\u00e9cepteurs Okayo EarME FIT et 1 \u00e9metteur.<\/li>\n<li data-sourcepos=\"23:1-23:90\"><strong><a href=\"https:\/\/mguide.eu\/fr\/produkt\/chargeur-okayo-c222\/\">Okayo C222<\/a> :<\/strong> Chargeur \u00e0 insertion pour 22 r\u00e9cepteurs Okayo EarME FIT et 2 \u00e9metteurs.<\/li>\n<li data-sourcepos=\"24:1-24:101\"><strong><a href=\"https:\/\/mguide.eu\/fr\/produkt\/sac-chargeur-okayo-chg-111\/\">Okayo CHG-111<\/a> :<\/strong> Sac avec chargeur \u00e0 insertion pour 11 r\u00e9cepteurs Okayo EarME FIT et 1 \u00e9metteur.<\/li>\n<li data-sourcepos=\"25:1-26:0\"><strong><a href=\"https:\/\/mguide.eu\/fr\/produkt\/sac-chargeur-okayo-chg-222\/\">Okayo CHG-222<\/a> :<\/strong> Sac avec chargeur \u00e0 insertion pour 22 r\u00e9cepteurs Okayo EarME FIT et 2 \u00e9metteurs.<\/li>\n<\/ul>\n","protected":false},"excerpt":{"rendered":"<p>Le r\u00e9cepteur Okayo EarME FIT est un appareil r\u00e9volutionnaire qui red\u00e9finit le confort et la qualit\u00e9 sonore. Ce mod\u00e8le l\u00e9ger et ergonomique, con\u00e7u pour une utilisation tout au long de la journ\u00e9e, offre un son d&#8217;une clart\u00e9 irr\u00e9prochable sans n\u00e9cessiter de casque suppl\u00e9mentaire.<\/p>\n","protected":false},"featured_media":50393,"template":"","meta":{"_acf_changed":false},"product_brand":[],"product_cat":[807],"product_tag":[],"class_list":{"0":"post-50385","1":"product","2":"type-product","3":"status-publish","4":"has-post-thumbnail","6":"product_cat-emetteurs-et-recepteurs","7":"pa_marka-okayo-fr","9":"first","10":"instock","11":"taxable","12":"shipping-taxable","13":"purchasable","14":"product-type-simple"},"acf":[],"_links":{"self":[{"href":"https:\/\/mguide.eu\/fr\/wp-json\/wp\/v2\/product\/50385","targetHints":{"allow":["GET"]}}],"collection":[{"href":"https:\/\/mguide.eu\/fr\/wp-json\/wp\/v2\/product"}],"about":[{"href":"https:\/\/mguide.eu\/fr\/wp-json\/wp\/v2\/types\/product"}],"wp:featuredmedia":[{"embeddable":true,"href":"https:\/\/mguide.eu\/fr\/wp-json\/wp\/v2\/media\/50393"}],"wp:attachment":[{"href":"https:\/\/mguide.eu\/fr\/wp-json\/wp\/v2\/media?parent=50385"}],"wp:term":[{"taxonomy":"product_brand","embeddable":true,"href":"https:\/\/mguide.eu\/fr\/wp-json\/wp\/v2\/product_brand?post=50385"},{"taxonomy":"product_cat","embeddable":true,"href":"https:\/\/mguide.eu\/fr\/wp-json\/wp\/v2\/product_cat?post=50385"},{"taxonomy":"product_tag","embeddable":true,"href":"https:\/\/mguide.eu\/fr\/wp-json\/wp\/v2\/product_tag?post=50385"}],"curies":[{"name":"wp","href":"https:\/\/api.w.org\/{rel}","templated":true}]}}