{"id":51145,"date":"2025-03-26T15:32:33","date_gmt":"2025-03-26T14:32:33","guid":{"rendered":"https:\/\/mguide.eu\/produkt\/bandouliere-ap-2\/"},"modified":"2025-04-01T10:25:50","modified_gmt":"2025-04-01T08:25:50","slug":"bandouliere-ap-2","status":"publish","type":"product","link":"https:\/\/mguide.eu\/fr\/produkt\/bandouliere-ap-2\/","title":{"rendered":"Bandouli\u00e8re AP-2"},"content":{"rendered":"<p>Une housse d&#8217;\u00e9paule fonctionnelle et confortable d\u00e9di\u00e9e aux appareils Okayo C200 et Okayo WT-350D, offrant une protection contre la salet\u00e9 et l&#8217;humidit\u00e9. Fabriqu\u00e9 dans un mat\u00e9riau r\u00e9sistant, \u00e9quip\u00e9 d&#8217;une sangle \u00e9lastique qui s&#8217;adapte \u00e0 l&#8217;\u00e9paule, assurant un confort de port m\u00eame pendant une longue p\u00e9riode. La fen\u00eatre transparente vous permet de visualiser facilement l&#8217;\u00e9cran sans avoir \u00e0 retirer l&#8217;appareil du bo\u00eetier.<\/p>\n","protected":false},"excerpt":{"rendered":"<p>\u00c9tui bandouli\u00e8re noir avec sangle \u00e9lastique d\u00e9di\u00e9 aux appareils Okayo C200 et Okayo WT-350D. Prot\u00e8ge l&#8217;appareil de l&#8217;humidit\u00e9 et de la poussi\u00e8re.<\/p>\n","protected":false},"featured_media":51134,"template":"","meta":{"_acf_changed":false},"product_brand":[],"product_cat":[2385,5170,6475],"product_tag":[],"class_list":{"0":"post-51145","1":"product","2":"type-product","3":"status-publish","4":"has-post-thumbnail","6":"product_cat-autres-accessoires","7":"product_cat-interphones-pour-lequitation","8":"product_cat-okayo-c200-fr","10":"first","11":"instock","12":"taxable","13":"shipping-taxable","14":"purchasable","15":"product-type-simple"},"acf":[],"_links":{"self":[{"href":"https:\/\/mguide.eu\/fr\/wp-json\/wp\/v2\/product\/51145","targetHints":{"allow":["GET"]}}],"collection":[{"href":"https:\/\/mguide.eu\/fr\/wp-json\/wp\/v2\/product"}],"about":[{"href":"https:\/\/mguide.eu\/fr\/wp-json\/wp\/v2\/types\/product"}],"wp:featuredmedia":[{"embeddable":true,"href":"https:\/\/mguide.eu\/fr\/wp-json\/wp\/v2\/media\/51134"}],"wp:attachment":[{"href":"https:\/\/mguide.eu\/fr\/wp-json\/wp\/v2\/media?parent=51145"}],"wp:term":[{"taxonomy":"product_brand","embeddable":true,"href":"https:\/\/mguide.eu\/fr\/wp-json\/wp\/v2\/product_brand?post=51145"},{"taxonomy":"product_cat","embeddable":true,"href":"https:\/\/mguide.eu\/fr\/wp-json\/wp\/v2\/product_cat?post=51145"},{"taxonomy":"product_tag","embeddable":true,"href":"https:\/\/mguide.eu\/fr\/wp-json\/wp\/v2\/product_tag?post=51145"}],"curies":[{"name":"wp","href":"https:\/\/api.w.org\/{rel}","templated":true}]}}