{"id":51251,"date":"2025-04-01T13:22:53","date_gmt":"2025-04-01T11:22:53","guid":{"rendered":"https:\/\/mguide.eu\/produkt\/alimentation-zs2-pour-chargeurs\/"},"modified":"2025-04-04T08:31:45","modified_gmt":"2025-04-04T06:31:45","slug":"alimentation-zs2-pour-chargeurs","status":"publish","type":"product","link":"https:\/\/mguide.eu\/fr\/produkt\/alimentation-zs2-pour-chargeurs\/","title":{"rendered":"Alimentation ZS2 pour chargeurs"},"content":{"rendered":"<p>Alimentation avec c\u00e2ble adapt\u00e9e aux mod\u00e8les de chargeurs suivants :<\/p>\n<ul>\n<li>EZTour C6\/C12,<\/li>\n<li>EarMe C111\/C222,<\/li>\n<li>OTGC5.<\/li>\n<\/ul>\n","protected":false},"excerpt":{"rendered":"<p>Alimentation ZS2 avec c\u00e2ble pour chargeurs : EZTour C6\/C12, EarMe C111\/C222, OTG C5.<\/p>\n","protected":false},"featured_media":51246,"template":"","meta":{"_acf_changed":false},"product_brand":[],"product_cat":[1965],"product_tag":[],"class_list":{"0":"post-51251","1":"product","2":"type-product","3":"status-publish","4":"has-post-thumbnail","6":"product_cat-chargeurs","8":"first","9":"instock","10":"taxable","11":"shipping-taxable","12":"purchasable","13":"product-type-simple"},"acf":[],"_links":{"self":[{"href":"https:\/\/mguide.eu\/fr\/wp-json\/wp\/v2\/product\/51251","targetHints":{"allow":["GET"]}}],"collection":[{"href":"https:\/\/mguide.eu\/fr\/wp-json\/wp\/v2\/product"}],"about":[{"href":"https:\/\/mguide.eu\/fr\/wp-json\/wp\/v2\/types\/product"}],"wp:featuredmedia":[{"embeddable":true,"href":"https:\/\/mguide.eu\/fr\/wp-json\/wp\/v2\/media\/51246"}],"wp:attachment":[{"href":"https:\/\/mguide.eu\/fr\/wp-json\/wp\/v2\/media?parent=51251"}],"wp:term":[{"taxonomy":"product_brand","embeddable":true,"href":"https:\/\/mguide.eu\/fr\/wp-json\/wp\/v2\/product_brand?post=51251"},{"taxonomy":"product_cat","embeddable":true,"href":"https:\/\/mguide.eu\/fr\/wp-json\/wp\/v2\/product_cat?post=51251"},{"taxonomy":"product_tag","embeddable":true,"href":"https:\/\/mguide.eu\/fr\/wp-json\/wp\/v2\/product_tag?post=51251"}],"curies":[{"name":"wp","href":"https:\/\/api.w.org\/{rel}","templated":true}]}}