{"id":70344,"date":"2025-08-28T13:53:48","date_gmt":"2025-08-28T11:53:48","guid":{"rendered":"https:\/\/mguide.eu\/?post_type=product&#038;p=70344"},"modified":"2025-08-29T09:24:48","modified_gmt":"2025-08-29T07:24:48","slug":"sac-avec-chargeur-tc-54sg","status":"publish","type":"product","link":"https:\/\/mguide.eu\/fr\/produkt\/sac-avec-chargeur-tc-54sg\/","title":{"rendered":"Sac avec chargeur TC-54SG"},"content":{"rendered":"<p>Chargeur collectif dans un sac de transport noir avec une longue bandouli\u00e8re. \u00c9quip\u00e9e d&#8217;une poche int\u00e9rieure en maille zipp\u00e9e et de poches ext\u00e9rieures. D\u00e9di\u00e9 \u00e0 54 appareils mGuide Pellegrino Easy. Fourni avec le c\u00e2ble et l&#8217;adaptateur secteur.<\/p>\n","protected":false},"excerpt":{"rendered":"<p>Chargeur collectif dans un sac de transport pour 54 appareils mGuide Pellegrino Easy. Fourni avec le c\u00e2ble et l&#8217;adaptateur secteur.<\/p>\n","protected":false},"featured_media":68272,"template":"","meta":{"_acf_changed":false},"product_brand":[],"product_cat":[1965],"product_tag":[],"class_list":{"0":"post-70344","1":"product","2":"type-product","3":"status-publish","4":"has-post-thumbnail","6":"product_cat-chargeurs","8":"first","9":"instock","10":"taxable","11":"shipping-taxable","12":"purchasable","13":"product-type-simple"},"acf":[],"_links":{"self":[{"href":"https:\/\/mguide.eu\/fr\/wp-json\/wp\/v2\/product\/70344","targetHints":{"allow":["GET"]}}],"collection":[{"href":"https:\/\/mguide.eu\/fr\/wp-json\/wp\/v2\/product"}],"about":[{"href":"https:\/\/mguide.eu\/fr\/wp-json\/wp\/v2\/types\/product"}],"wp:featuredmedia":[{"embeddable":true,"href":"https:\/\/mguide.eu\/fr\/wp-json\/wp\/v2\/media\/68272"}],"wp:attachment":[{"href":"https:\/\/mguide.eu\/fr\/wp-json\/wp\/v2\/media?parent=70344"}],"wp:term":[{"taxonomy":"product_brand","embeddable":true,"href":"https:\/\/mguide.eu\/fr\/wp-json\/wp\/v2\/product_brand?post=70344"},{"taxonomy":"product_cat","embeddable":true,"href":"https:\/\/mguide.eu\/fr\/wp-json\/wp\/v2\/product_cat?post=70344"},{"taxonomy":"product_tag","embeddable":true,"href":"https:\/\/mguide.eu\/fr\/wp-json\/wp\/v2\/product_tag?post=70344"}],"curies":[{"name":"wp","href":"https:\/\/api.w.org\/{rel}","templated":true}]}}