{"id":70433,"date":"2025-08-28T13:53:57","date_gmt":"2025-08-28T11:53:57","guid":{"rendered":"https:\/\/mguide.eu\/?post_type=product&#038;p=70433"},"modified":"2025-09-09T10:10:55","modified_gmt":"2025-09-09T08:10:55","slug":"coffret-de-guides-touristiques-faciles-mguide-pellegrino-m-342","status":"publish","type":"product","link":"https:\/\/mguide.eu\/fr\/produkt\/coffret-de-guides-touristiques-faciles-mguide-pellegrino-m-342\/","title":{"rendered":"Coffret de guides touristiques faciles mGuide Pellegrino | M (34+2)"},"content":{"rendered":"<div class=\"wpb-content-wrapper\"><p>[vc_row][vc_column][vc_column_text css=&#8221;&#8221;]<br \/>\nContenu du coffret\u00a0:<\/p>\n<ul>\n<li>2 \u00e9metteurs mGuide Pellegrino Easy<\/li>\n<li>34 r\u00e9cepteurs mGuide Pellegrino Easy<\/li>\n<li>1 \u00e9tui de chargement TC-36SG<\/li>\n<li>2 microphones s\u00e9rie LM<\/li>\n<li>34 \u00e9couteurs s\u00e9rie SH<\/li>\n<li>Cordons sanitaires<br \/>\nLes images des accessoires sont fournies \u00e0 titre d&#8217;illustration uniquement\u00a0; les \u00e9couteurs et microphones peuvent varier selon la disponibilit\u00e9.<\/li>\n<\/ul>\n<p>Le syst\u00e8me mGuide Pellegrino Easy est un syst\u00e8me de communication num\u00e9rique unidirectionnel compact et l\u00e9ger (45 g), id\u00e9al pour une utilisation longue dur\u00e9e, notamment en voyage. Sa principale caract\u00e9ristique est le balayage et le r\u00e9glage automatiques des fr\u00e9quences en temps r\u00e9el, garantissant une transmission stable et sans interf\u00e9rences, \u00e9liminant ainsi toute configuration manuelle. L&#8217;appareil offre une port\u00e9e en visibilit\u00e9 directe allant jusqu&#8217;\u00e0 110 m, une technologie antibruit et un clip de fixation pratique.<\/p>\n<p>Caract\u00e9ristiques principales\u00a0:<\/p>\n<p>Appairage group\u00e9 rapide des r\u00e9cepteurs.<\/p>\n<p>Autonomie\u00a0: 16 \u00e0 23\u00a0heures, charge compl\u00e8te via USB-C en 2 \u00e0 4,5\u00a0heures.<\/p>\n<p>Fonction d&#8217;\u00e9conomie d&#8217;\u00e9nergie automatique\u00a0: s&#8217;\u00e9teint apr\u00e8s 20\u00a0minutes d&#8217;absence de signal.<\/p>\n<p>\u00c9metteur avec microphone int\u00e9gr\u00e9 et possibilit\u00e9 de connecter un microphone externe.<br \/>\n[\/vc_column_text][\/vc_column][\/vc_row]<\/p>\n<\/div>","protected":false},"excerpt":{"rendered":"<p>Le mGuide Pellegrino Easy M (34+2) est un kit de guide touristique complet et \u00e9tendu, pr\u00eat \u00e0 l&#8217;emploi. Il comprend\u00a0: 2 \u00e9metteurs, 34 r\u00e9cepteurs, un bo\u00eetier de charge, des \u00e9couteurs s\u00e9rie SH, des microphones s\u00e9rie LM et des cordons hygi\u00e9niques pour les appareils.<\/p>\n","protected":false},"featured_media":70512,"template":"","meta":{"_acf_changed":false},"product_brand":[],"product_cat":[803],"product_tag":[],"class_list":{"0":"post-70433","1":"product","2":"type-product","3":"status-publish","4":"has-post-thumbnail","6":"product_cat-sets-tour-guide","7":"pa_marka-mguide-fr","9":"first","10":"instock","11":"taxable","12":"shipping-taxable","13":"purchasable","14":"product-type-simple"},"acf":[],"_links":{"self":[{"href":"https:\/\/mguide.eu\/fr\/wp-json\/wp\/v2\/product\/70433","targetHints":{"allow":["GET"]}}],"collection":[{"href":"https:\/\/mguide.eu\/fr\/wp-json\/wp\/v2\/product"}],"about":[{"href":"https:\/\/mguide.eu\/fr\/wp-json\/wp\/v2\/types\/product"}],"wp:featuredmedia":[{"embeddable":true,"href":"https:\/\/mguide.eu\/fr\/wp-json\/wp\/v2\/media\/70512"}],"wp:attachment":[{"href":"https:\/\/mguide.eu\/fr\/wp-json\/wp\/v2\/media?parent=70433"}],"wp:term":[{"taxonomy":"product_brand","embeddable":true,"href":"https:\/\/mguide.eu\/fr\/wp-json\/wp\/v2\/product_brand?post=70433"},{"taxonomy":"product_cat","embeddable":true,"href":"https:\/\/mguide.eu\/fr\/wp-json\/wp\/v2\/product_cat?post=70433"},{"taxonomy":"product_tag","embeddable":true,"href":"https:\/\/mguide.eu\/fr\/wp-json\/wp\/v2\/product_tag?post=70433"}],"curies":[{"name":"wp","href":"https:\/\/api.w.org\/{rel}","templated":true}]}}