{"id":72002,"date":"2025-10-09T12:25:36","date_gmt":"2025-10-09T10:25:36","guid":{"rendered":"https:\/\/mguide.eu\/?post_type=product&#038;p=72002"},"modified":"2026-02-19T15:19:04","modified_gmt":"2026-02-19T14:19:04","slug":"recepteur-okayo-earme-go","status":"publish","type":"product","link":"https:\/\/mguide.eu\/fr\/produkt\/recepteur-okayo-earme-go\/","title":{"rendered":"R\u00e9cepteur Okayo EarME GO"},"content":{"rendered":"","protected":false},"excerpt":{"rendered":"<p>Le r\u00e9cepteur est un <b>casque l\u00e9ger et sans fil<\/b> d\u00e9di\u00e9 au syst\u00e8me unidirectionnel <b>Okayo EarME GO<\/b>. Dot\u00e9 d&#8217;un <b>crochet d&#8217;oreille caoutchout\u00e9<\/b> adaptable \u00e0 l&#8217;oreille droite ou gauche, le casque tient <b>fermement<\/b> et assure un <b>confort d&#8217;utilisation optimal<\/b>.<\/p>\n","protected":false},"featured_media":71973,"template":"","meta":{"_acf_changed":false},"product_brand":[],"product_cat":[807],"product_tag":[],"class_list":{"0":"post-72002","1":"product","2":"type-product","3":"status-publish","4":"has-post-thumbnail","6":"product_cat-emetteurs-et-recepteurs","7":"pa_marka-okayo-fr","9":"first","10":"instock","11":"taxable","12":"shipping-taxable","13":"purchasable","14":"product-type-simple"},"acf":[],"_links":{"self":[{"href":"https:\/\/mguide.eu\/fr\/wp-json\/wp\/v2\/product\/72002","targetHints":{"allow":["GET"]}}],"collection":[{"href":"https:\/\/mguide.eu\/fr\/wp-json\/wp\/v2\/product"}],"about":[{"href":"https:\/\/mguide.eu\/fr\/wp-json\/wp\/v2\/types\/product"}],"wp:featuredmedia":[{"embeddable":true,"href":"https:\/\/mguide.eu\/fr\/wp-json\/wp\/v2\/media\/71973"}],"wp:attachment":[{"href":"https:\/\/mguide.eu\/fr\/wp-json\/wp\/v2\/media?parent=72002"}],"wp:term":[{"taxonomy":"product_brand","embeddable":true,"href":"https:\/\/mguide.eu\/fr\/wp-json\/wp\/v2\/product_brand?post=72002"},{"taxonomy":"product_cat","embeddable":true,"href":"https:\/\/mguide.eu\/fr\/wp-json\/wp\/v2\/product_cat?post=72002"},{"taxonomy":"product_tag","embeddable":true,"href":"https:\/\/mguide.eu\/fr\/wp-json\/wp\/v2\/product_tag?post=72002"}],"curies":[{"name":"wp","href":"https:\/\/api.w.org\/{rel}","templated":true}]}}