{"id":72075,"date":"2025-10-10T14:59:02","date_gmt":"2025-10-10T12:59:02","guid":{"rendered":"https:\/\/mguide.eu\/?post_type=product&#038;p=72075"},"modified":"2026-02-19T15:23:23","modified_gmt":"2026-02-19T14:23:23","slug":"emetteur-okayo-earme-go","status":"publish","type":"product","link":"https:\/\/mguide.eu\/fr\/produkt\/emetteur-okayo-earme-go\/","title":{"rendered":"\u00c9metteur Okayo EarME GO"},"content":{"rendered":"","protected":false},"excerpt":{"rendered":"<p>L&#8217;\u00e9metteur d\u00e9di\u00e9 au syst\u00e8me unidirectionnel <b>Okayo EarME GO<\/b>. Il fonctionne sur la <b>bande mondiale 2,4 GHz<\/b>, permettant une utilisation dans le monde entier. <b>Ultra-l\u00e9ger<\/b>, il est \u00e9quip\u00e9 d&#8217;un <b>\u00e9cran LCD clair<\/b> et de <b>boutons intuitifs<\/b>.<\/p>\n","protected":false},"featured_media":71997,"template":"","meta":{"_acf_changed":false},"product_brand":[],"product_cat":[807],"product_tag":[],"class_list":{"0":"post-72075","1":"product","2":"type-product","3":"status-publish","4":"has-post-thumbnail","6":"product_cat-emetteurs-et-recepteurs","7":"pa_marka-okayo-fr","9":"first","10":"instock","11":"taxable","12":"shipping-taxable","13":"purchasable","14":"product-type-simple"},"acf":[],"_links":{"self":[{"href":"https:\/\/mguide.eu\/fr\/wp-json\/wp\/v2\/product\/72075","targetHints":{"allow":["GET"]}}],"collection":[{"href":"https:\/\/mguide.eu\/fr\/wp-json\/wp\/v2\/product"}],"about":[{"href":"https:\/\/mguide.eu\/fr\/wp-json\/wp\/v2\/types\/product"}],"wp:featuredmedia":[{"embeddable":true,"href":"https:\/\/mguide.eu\/fr\/wp-json\/wp\/v2\/media\/71997"}],"wp:attachment":[{"href":"https:\/\/mguide.eu\/fr\/wp-json\/wp\/v2\/media?parent=72075"}],"wp:term":[{"taxonomy":"product_brand","embeddable":true,"href":"https:\/\/mguide.eu\/fr\/wp-json\/wp\/v2\/product_brand?post=72075"},{"taxonomy":"product_cat","embeddable":true,"href":"https:\/\/mguide.eu\/fr\/wp-json\/wp\/v2\/product_cat?post=72075"},{"taxonomy":"product_tag","embeddable":true,"href":"https:\/\/mguide.eu\/fr\/wp-json\/wp\/v2\/product_tag?post=72075"}],"curies":[{"name":"wp","href":"https:\/\/api.w.org\/{rel}","templated":true}]}}