{"id":74499,"date":"2026-03-10T10:28:39","date_gmt":"2026-03-10T09:28:39","guid":{"rendered":"https:\/\/mguide.eu\/produkt\/systeme-de-visite-guidee-okayo-wt-300d-avec-valise-de-transport-m-452-ac-658\/"},"modified":"2026-04-13T10:22:48","modified_gmt":"2026-04-13T08:22:48","slug":"systeme-de-visite-guidee-okayo-wt-300d-avec-valise-de-transport-m-452-ac-658","status":"publish","type":"product","link":"https:\/\/mguide.eu\/fr\/produkt\/systeme-de-visite-guidee-okayo-wt-300d-avec-valise-de-transport-m-452-ac-658\/","title":{"rendered":"Syst\u00e8me de visite guid\u00e9e Okayo WT-300D avec valise de transport | M (45+2) + AC-658"},"content":{"rendered":"<div class=\"wpb-content-wrapper\"><p>[vc_row][vc_column][vc_column_text css=&#8221;&#8221;]<\/p>\n<p data-path-to-node=\"13\"><b data-path-to-node=\"13\" data-index-in-node=\"0\">Le kit comprend :<\/b><br \/>\n\u2013 45 r\u00e9cepteurs<br \/>\n\u2013 2 \u00e9metteurs<br \/>\n\u2013 50 pi\u00e8ces d&#8217;\u00e9couteurs SH-2<br \/>\n\u2013 2 pi\u00e8ces de micro LM-20A<br \/>\n\u2013 attache pour tour de cou<br \/>\n\u2013 50 tours de cou hygi\u00e9niques<br \/>\n\u2013 valise AC-658 avec mousse<\/p>\n<p><strong>Le kit ne comprend pas d&#8217;alimentation. Il est possible d&#8217;acheter s\u00e9par\u00e9ment des piles ou des batteries rechargeables ainsi que le chargeur HDC-300.<\/strong><\/p>\n<p data-path-to-node=\"14\">Le mod\u00e8le Okayo WT-300 ne peut \u00eatre qualifi\u00e9 autrement que de culte. Les r\u00e9cepteurs rouges accompagnent les guides et les touristes dans toute l&#8217;Europe depuis plus de 10 ans. Ils ont conquis une foule de sympathisants d\u00e9vou\u00e9s gr\u00e2ce \u00e0 d&#8217;excellents param\u00e8tres tels que la port\u00e9e, l&#8217;autonomie, le bo\u00eetier r\u00e9sistant et la simplicit\u00e9 d&#8217;utilisation.<\/p>\n<p data-path-to-node=\"14\"><strong>Toute bonne chose a une fin\u2026 pour faire place \u00e0 une meilleure ! La nouvelle g\u00e9n\u00e9ration num\u00e9rique \u2013 le mod\u00e8le Okayo WT-300D (Digital).<\/strong><\/p>\n<p data-path-to-node=\"14\">Gr\u00e2ce au passage \u00e0 la transmission num\u00e9rique, nous pouvons non seulement proposer un prix plus avantageux que les anciennes versions analogiques (les pi\u00e8ces pour syst\u00e8mes analogiques ne sont plus produites, et par cons\u00e9quent leurs prix augmentent), mais surtout une nouvelle fonction, jusque-l\u00e0 inaccessible : le changement de canal \u00e0 distance sur les r\u00e9cepteurs. De plus, les r\u00e9cepteurs Okayo WT-300D sont \u00e9quip\u00e9s du syst\u00e8me HAC (Hearing Aid Compatible), ce qui les rend adapt\u00e9s aux personnes utilisant des appareils auditifs. Le mod\u00e8le num\u00e9rique WT-300D (r\u00e9cepteurs violets, \u00e9metteurs turquoise) n&#8217;est pas compatible avec les anciennes g\u00e9n\u00e9rations analogiques de ce mod\u00e8le (r\u00e9cepteurs rouges, \u00e9metteurs bleus). L&#8217;absence de compatibilit\u00e9 n&#8217;est pas un motif de r\u00e9clamation ou de retour de marchandise.<\/p>\n<p data-path-to-node=\"14\"><strong>Moins, c&#8217;est plus<\/strong>.<\/p>\n<p data-path-to-node=\"14\">L&#8217;Okayo WT-300D poss\u00e8de 25 canaux\u2026 Cependant, ce n&#8217;est qu&#8217;apparemment moins que dans l&#8217;ancienne g\u00e9n\u00e9ration. Le nouvel Okayo WT-300 num\u00e9rique poss\u00e8de plus de canaux utilisables simultan\u00e9ment que son pr\u00e9d\u00e9cesseur analogique. Jusqu&#8217;\u00e0 25 groupes peuvent \u00eatre guid\u00e9s simultan\u00e9ment sur des canaux s\u00e9par\u00e9s au m\u00eame endroit (jusqu&#8217;\u00e0 10 pour le mod\u00e8le analogique). Cela signifie que la probabilit\u00e9 d&#8217;interf\u00e9rences caus\u00e9es par d&#8217;autres groupes utilisant le m\u00eame mod\u00e8le dans les lieux touristiques populaires est encore plus faible. <strong>Nouveau mod\u00e8le \u2013 avantages connus.<\/strong><\/p>\n<p data-path-to-node=\"14\">L&#8217;Okayo WT-300D poss\u00e8de la port\u00e9e d\u00e9j\u00e0 connue \u2013 tr\u00e8s bonne \u2013 et une autonomie encore plus longue que son grand fr\u00e8re analogique. Avec une seule charge\/changement de pile, le r\u00e9cepteur fonctionnera plus de 35 heures, soit 10 heures de plus. Le bo\u00eetier du WT-300D n&#8217;a pas chang\u00e9, sauf\u2026 la couleur. Il s&#8217;agit toujours du mat\u00e9riau ABS \u00e9prouv\u00e9, r\u00e9sistant non seulement aux fissures, mais m\u00eame aux petites rayures, mais cette fois-ci, il se distingue par une teinte inhabituelle et originale. L&#8217;\u00e9metteur poss\u00e8de un microphone int\u00e9gr\u00e9, au cas o\u00f9 le microphone externe serait \u00e9gar\u00e9.<\/p>\n<ul data-path-to-node=\"15\">\n<li>\n<p data-path-to-node=\"15,0,0\">La photo du kit ne repr\u00e9sente pas les quantit\u00e9s r\u00e9elles de produits.<\/p>\n<\/li>\n<\/ul>\n<p>[\/vc_column_text][\/vc_column][\/vc_row]<\/p>\n<\/div>","protected":false},"excerpt":{"rendered":"<p>Syst\u00e8me de visite guid\u00e9e bas\u00e9 sur le mod\u00e8le num\u00e9rique WT-300D, d\u00e9di\u00e9 \u00e0 un groupe de 45 personnes. Enrichi d&#8217;une valise pratique avec mousse, con\u00e7ue pour le stockage et le transport des appareils et de leurs accessoires.<\/p>\n","protected":false},"featured_media":74458,"template":"","meta":{"_acf_changed":false},"product_brand":[],"product_cat":[802,803],"product_tag":[],"class_list":{"0":"post-74499","1":"product","2":"type-product","3":"status-publish","4":"has-post-thumbnail","6":"product_cat-systemes-tour-guide","7":"product_cat-sets-tour-guide","8":"pa_marka-okayo-fr","10":"first","11":"instock","12":"taxable","13":"shipping-taxable","14":"purchasable","15":"product-type-simple"},"acf":[],"_links":{"self":[{"href":"https:\/\/mguide.eu\/fr\/wp-json\/wp\/v2\/product\/74499","targetHints":{"allow":["GET"]}}],"collection":[{"href":"https:\/\/mguide.eu\/fr\/wp-json\/wp\/v2\/product"}],"about":[{"href":"https:\/\/mguide.eu\/fr\/wp-json\/wp\/v2\/types\/product"}],"wp:featuredmedia":[{"embeddable":true,"href":"https:\/\/mguide.eu\/fr\/wp-json\/wp\/v2\/media\/74458"}],"wp:attachment":[{"href":"https:\/\/mguide.eu\/fr\/wp-json\/wp\/v2\/media?parent=74499"}],"wp:term":[{"taxonomy":"product_brand","embeddable":true,"href":"https:\/\/mguide.eu\/fr\/wp-json\/wp\/v2\/product_brand?post=74499"},{"taxonomy":"product_cat","embeddable":true,"href":"https:\/\/mguide.eu\/fr\/wp-json\/wp\/v2\/product_cat?post=74499"},{"taxonomy":"product_tag","embeddable":true,"href":"https:\/\/mguide.eu\/fr\/wp-json\/wp\/v2\/product_tag?post=74499"}],"curies":[{"name":"wp","href":"https:\/\/api.w.org\/{rel}","templated":true}]}}