{"id":74774,"date":"2026-04-10T13:11:52","date_gmt":"2026-04-10T11:11:52","guid":{"rendered":"https:\/\/mguide.eu\/?post_type=product&#038;p=74774"},"modified":"2026-04-10T13:53:39","modified_gmt":"2026-04-10T11:53:39","slug":"pack-pro99-50","status":"publish","type":"product","link":"https:\/\/mguide.eu\/fr\/produkt\/pack-pro99-50\/","title":{"rendered":"Pack de r\u00e9cepteurs tourguide Okayo WT-300D PRO99 (50 unit\u00e9s)"},"content":{"rendered":"<p data-path-to-node=\"24\"><b data-path-to-node=\"24\" data-index-in-node=\"0\">Qu&#8217;est-ce qui distingue la version PRO99 ?<\/b> Alors que la version classique de l&#8217;Okayo WT-300D offre 25 canaux simultan\u00e9s, la version PRO99 en g\u00e8re jusqu&#8217;\u00e0 <b data-path-to-node=\"24\" data-index-in-node=\"154\">99<\/b>. Avec 99 canaux, vous n&#8217;avez plus \u00e0 vous soucier des autres guides ou des appareils \u00e0 proximit\u00e9. M\u00eame si un autre guide utilise le m\u00eame syst\u00e8me, la r\u00e9serve de canaux libres sur la version PRO99 est telle que le risque de chevauchement des ondes et de gr\u00e9sillements d\u00e9sagr\u00e9ables dans les casques des touristes dispara\u00eet pratiquement.<\/p>\n<p data-path-to-node=\"25\"><b data-path-to-node=\"25\" data-index-in-node=\"0\">O\u00f9 est-il le plus efficace ?<\/b><\/p>\n<ul data-path-to-node=\"26\">\n<li>\n<p data-path-to-node=\"26,0,0\"><b data-path-to-node=\"26,0,0\" data-index-in-node=\"0\">Gestion de groupes touristiques g\u00e9ants :<\/b> Id\u00e9al pour la logistique des grands navires de croisi\u00e8re, o\u00f9 des dizaines de groupes r\u00e9cup\u00e8rent leur \u00e9quipement et partent en visite simultan\u00e9ment dans un m\u00eame port.<\/p>\n<\/li>\n<li>\n<p data-path-to-node=\"26,1,0\"><b data-path-to-node=\"26,1,0\" data-index-in-node=\"0\">\u00c9v\u00e9nements de masse et congr\u00e8s :<\/b> Parfait pour l&#8217;interpr\u00e9tation simultan\u00e9e en plusieurs langues (jusqu&#8217;\u00e0 99 canaux linguistiques diff\u00e9rents en m\u00eame temps).<\/p>\n<\/li>\n<li>\n<p data-path-to-node=\"26,2,0\"><b data-path-to-node=\"26,2,0\" data-index-in-node=\"0\">Attractions touristiques majeures :<\/b> Dans des lieux comme le Louvre, Prague ou le Vatican, o\u00f9 des centaines de guides utilisent des syst\u00e8mes de visite guid\u00e9e, le PRO99 garantit un canal clair sans interf\u00e9rences.<\/p>\n<\/li>\n<\/ul>\n<p data-path-to-node=\"27\"><b data-path-to-node=\"27\" data-index-in-node=\"0\">Principaux avantages du syst\u00e8me Okayo WT-300D PRO99 :<\/b><\/p>\n<ul data-path-to-node=\"28\">\n<li>\n<p data-path-to-node=\"28,0,0\"><b data-path-to-node=\"28,0,0\" data-index-in-node=\"0\">Changement de canal \u00e0 distance :<\/b> Permet \u00e0 l&#8217;\u00e9metteur de modifier automatiquement le canal sur tous les r\u00e9cepteurs appair\u00e9s. Fini le r\u00e9glage manuel de chaque appareil au sein d&#8217;un grand groupe !<\/p>\n<\/li>\n<li>\n<p data-path-to-node=\"28,1,0\"><b data-path-to-node=\"28,1,0\" data-index-in-node=\"0\">Autonomie extr\u00eame :<\/b> Le r\u00e9cepteur fonctionne plus de 35 heures sur une seule charge.<\/p>\n<\/li>\n<li>\n<p data-path-to-node=\"28,2,0\"><b data-path-to-node=\"28,2,0\" data-index-in-node=\"0\">Compatibilit\u00e9 avec les appareils auditifs (HAC) :<\/b> Le syst\u00e8me est enti\u00e8rement accessible aux personnes malentendantes.<\/p>\n<\/li>\n<li>\n<p data-path-to-node=\"28,3,0\"><b data-path-to-node=\"28,3,0\" data-index-in-node=\"0\">Bo\u00eetier blind\u00e9 :<\/b> Fabriqu\u00e9 en mat\u00e9riau ABS r\u00e9sistant aux rayures et aux chocs, avec un nouveau design de couleurs unique (r\u00e9cepteurs violets, \u00e9metteurs noirs).<\/p>\n<\/li>\n<li>\n<p data-path-to-node=\"28,4,0\"><b data-path-to-node=\"28,4,0\" data-index-in-node=\"0\">Microphone int\u00e9gr\u00e9 :<\/b> L&#8217;\u00e9metteur poss\u00e8de un micro int\u00e9gr\u00e9, tr\u00e8s utile en cas de perte de l&#8217;accessoire externe.<\/p>\n<\/li>\n<\/ul>\n<p data-path-to-node=\"29\"><i data-path-to-node=\"29\" data-index-in-node=\"0\">Le mod\u00e8le Okayo WT-300D PRO99 est un syst\u00e8me num\u00e9rique et n&#8217;est <b data-path-to-node=\"29\" data-index-in-node=\"64\">pas compatible<\/b> avec les anciennes g\u00e9n\u00e9rations analogiques (r\u00e9cepteurs rouges\/\u00e9metteurs bleus).<\/i><\/p>\n","protected":false},"excerpt":{"rendered":"<p><b data-path-to-node=\"30\" data-index-in-node=\"0\">Pack de 50 r\u00e9cepteurs Okayo WT-300D PRO99.<\/b> Le syst\u00e8me offre jusqu&#8217;\u00e0 <b data-path-to-node=\"30\" data-index-in-node=\"68\">99 canaux simultan\u00e9s<\/b>, \u00e9liminant tout risque d&#8217;interf\u00e9rence, m\u00eame dans les zones \u00e0 tr\u00e8s forte affluence touristique.<\/p>\n","protected":false},"featured_media":74762,"template":"","meta":{"_acf_changed":false},"product_brand":[],"product_cat":[802,803],"product_tag":[],"class_list":{"0":"post-74774","1":"product","2":"type-product","3":"status-publish","4":"has-post-thumbnail","6":"product_cat-systemes-tour-guide","7":"product_cat-sets-tour-guide","8":"pa_marka-okayo-fr","10":"first","11":"instock","12":"sale","13":"taxable","14":"shipping-taxable","15":"purchasable","16":"product-type-simple"},"acf":[],"_links":{"self":[{"href":"https:\/\/mguide.eu\/fr\/wp-json\/wp\/v2\/product\/74774","targetHints":{"allow":["GET"]}}],"collection":[{"href":"https:\/\/mguide.eu\/fr\/wp-json\/wp\/v2\/product"}],"about":[{"href":"https:\/\/mguide.eu\/fr\/wp-json\/wp\/v2\/types\/product"}],"wp:featuredmedia":[{"embeddable":true,"href":"https:\/\/mguide.eu\/fr\/wp-json\/wp\/v2\/media\/74762"}],"wp:attachment":[{"href":"https:\/\/mguide.eu\/fr\/wp-json\/wp\/v2\/media?parent=74774"}],"wp:term":[{"taxonomy":"product_brand","embeddable":true,"href":"https:\/\/mguide.eu\/fr\/wp-json\/wp\/v2\/product_brand?post=74774"},{"taxonomy":"product_cat","embeddable":true,"href":"https:\/\/mguide.eu\/fr\/wp-json\/wp\/v2\/product_cat?post=74774"},{"taxonomy":"product_tag","embeddable":true,"href":"https:\/\/mguide.eu\/fr\/wp-json\/wp\/v2\/product_tag?post=74774"}],"curies":[{"name":"wp","href":"https:\/\/api.w.org\/{rel}","templated":true}]}}