{"id":74794,"date":"2026-04-10T13:18:46","date_gmt":"2026-04-10T11:18:46","guid":{"rendered":"https:\/\/mguide.eu\/?post_type=product&#038;p=74794"},"modified":"2026-04-10T13:52:51","modified_gmt":"2026-04-10T11:52:51","slug":"systeme-de-visite-guidee-emetteur-okayo-wt-300d-pro99","status":"publish","type":"product","link":"https:\/\/mguide.eu\/fr\/produkt\/systeme-de-visite-guidee-emetteur-okayo-wt-300d-pro99\/","title":{"rendered":"Syst\u00e8me de visite guid\u00e9e &#8211; \u00c9metteur Okayo WT-300D PRO99"},"content":{"rendered":"","protected":false},"excerpt":{"rendered":"<p>L&#8217;\u00e9metteur <b data-path-to-node=\"21\" data-index-in-node=\"11\">Okayo WT-300D PRO99<\/b> prend en charge jusqu&#8217;\u00e0 99 canaux simultan\u00e9s, ce qui garantit une transmission stable et sans interf\u00e9rences, m\u00eame en cas de tr\u00e8s forte concentration de groupes. Le syst\u00e8me Okayo WT-300D PRO99 est la nouvelle version \u00e9tendue du mod\u00e8le num\u00e9rique Okayo WT-300D.<\/p>\n","protected":false},"featured_media":74798,"template":"","meta":{"_acf_changed":false},"product_brand":[],"product_cat":[807],"product_tag":[],"class_list":{"0":"post-74794","1":"product","2":"type-product","3":"status-publish","4":"has-post-thumbnail","6":"product_cat-emetteurs-et-recepteurs","7":"pa_marka-okayo-fr","9":"first","10":"instock","11":"taxable","12":"shipping-taxable","13":"purchasable","14":"product-type-simple"},"acf":[],"_links":{"self":[{"href":"https:\/\/mguide.eu\/fr\/wp-json\/wp\/v2\/product\/74794","targetHints":{"allow":["GET"]}}],"collection":[{"href":"https:\/\/mguide.eu\/fr\/wp-json\/wp\/v2\/product"}],"about":[{"href":"https:\/\/mguide.eu\/fr\/wp-json\/wp\/v2\/types\/product"}],"wp:featuredmedia":[{"embeddable":true,"href":"https:\/\/mguide.eu\/fr\/wp-json\/wp\/v2\/media\/74798"}],"wp:attachment":[{"href":"https:\/\/mguide.eu\/fr\/wp-json\/wp\/v2\/media?parent=74794"}],"wp:term":[{"taxonomy":"product_brand","embeddable":true,"href":"https:\/\/mguide.eu\/fr\/wp-json\/wp\/v2\/product_brand?post=74794"},{"taxonomy":"product_cat","embeddable":true,"href":"https:\/\/mguide.eu\/fr\/wp-json\/wp\/v2\/product_cat?post=74794"},{"taxonomy":"product_tag","embeddable":true,"href":"https:\/\/mguide.eu\/fr\/wp-json\/wp\/v2\/product_tag?post=74794"}],"curies":[{"name":"wp","href":"https:\/\/api.w.org\/{rel}","templated":true}]}}