{"id":74817,"date":"2026-04-13T09:43:22","date_gmt":"2026-04-13T07:43:22","guid":{"rendered":"https:\/\/mguide.eu\/?post_type=product&#038;p=74817"},"modified":"2026-04-13T12:58:13","modified_gmt":"2026-04-13T10:58:13","slug":"wt300d-pro99","status":"publish","type":"product","link":"https:\/\/mguide.eu\/fr\/produkt\/wt300d-pro99\/","title":{"rendered":"Okayo WT-300D PRO99"},"content":{"rendered":"","protected":false},"excerpt":{"rendered":"<p><b data-path-to-node=\"21\" data-index-in-node=\"0\">Okayo WT-300D PRO99<\/b> \u2013 un syst\u00e8me de visite guid\u00e9e num\u00e9rique d&#8217;Okayo Electronics en version \u00e9tendue offrant jusqu&#8217;\u00e0 99 canaux simultan\u00e9s. La version PRO99 \u00e9limine tout risque d&#8217;interf\u00e9rence, m\u00eame dans les zones \u00e0 tr\u00e8s forte concentration de touristes.<\/p>\n","protected":false},"featured_media":74823,"template":"","meta":{"_acf_changed":false},"product_brand":[],"product_cat":[6218],"product_tag":[],"class_list":{"0":"post-74817","1":"product","2":"type-product","3":"status-publish","4":"has-post-thumbnail","6":"product_cat-modeles","7":"pa_marka-mguide-fr","9":"first","10":"instock","11":"sale","12":"taxable","13":"shipping-taxable","14":"product-type-grouped"},"acf":[],"_links":{"self":[{"href":"https:\/\/mguide.eu\/fr\/wp-json\/wp\/v2\/product\/74817","targetHints":{"allow":["GET"]}}],"collection":[{"href":"https:\/\/mguide.eu\/fr\/wp-json\/wp\/v2\/product"}],"about":[{"href":"https:\/\/mguide.eu\/fr\/wp-json\/wp\/v2\/types\/product"}],"wp:featuredmedia":[{"embeddable":true,"href":"https:\/\/mguide.eu\/fr\/wp-json\/wp\/v2\/media\/74823"}],"wp:attachment":[{"href":"https:\/\/mguide.eu\/fr\/wp-json\/wp\/v2\/media?parent=74817"}],"wp:term":[{"taxonomy":"product_brand","embeddable":true,"href":"https:\/\/mguide.eu\/fr\/wp-json\/wp\/v2\/product_brand?post=74817"},{"taxonomy":"product_cat","embeddable":true,"href":"https:\/\/mguide.eu\/fr\/wp-json\/wp\/v2\/product_cat?post=74817"},{"taxonomy":"product_tag","embeddable":true,"href":"https:\/\/mguide.eu\/fr\/wp-json\/wp\/v2\/product_tag?post=74817"}],"curies":[{"name":"wp","href":"https:\/\/api.w.org\/{rel}","templated":true}]}}