{"id":15542,"date":"2018-08-30T17:01:05","date_gmt":"2018-08-30T15:01:05","guid":{"rendered":"https:\/\/mguide.eu\/?page_id=15542"},"modified":"2024-07-19T09:58:42","modified_gmt":"2024-07-19T07:58:42","slug":"comunicazione-relativa-allintroduzione-del-regolamento-rgpd","status":"publish","type":"page","link":"https:\/\/mguide.eu\/it\/comunicazione-relativa-allintroduzione-del-regolamento-rgpd\/","title":{"rendered":"Comunicazione relativa all\u2019introduzione del regolamento RGPD"},"content":{"rendered":"<div class=\"wpb-content-wrapper\"><p>[vc_row][vc_column][vc_column_text css=&#8221;&#8221;]Al fine di mantenere la conformit\u00e0 con le norme del regolamento RGPD, abbiamo creato un nuovo <a href=\"https:\/\/it.mguide.eu\/regolamento\/\">Regolamento<\/a> e la <a href=\"https:\/\/it.mguide.eu\/politica-della-privacy\/\">Politica della privacy<\/a> a esso correlata. La Politica della privacy \u00e8 stata introdotta per consentirti di conoscere tutte le informazioni e per darti il massimo comfort di fruizione del Negozio Online mguide.eu. Per trasmetterti, in modo chiaro e trasparente, le informazioni relative al modo in cui trattiamo i tuoi Dati Personali, abbiamo diviso la Politica della privacy in pi\u00f9 capitoli. Nei vari capitoli descriviamo nel dettaglio quali dei tuoi dati personali possono essere in nostro possesso e in che modo li utilizziamo. Troverai anche informazioni relative ai diritti che ti spettano (ad es. in che modo puoi ottenere l&#8217;accesso ai dati e richiedere l&#8217;interruzione del loro utilizzo).<\/p>\n<p>Consigliamo di prendere conoscenza del <a href=\"https:\/\/it.mguide.eu\/regolamento\/\">Regolamento<\/a> e della <a href=\"https:\/\/it.mguide.eu\/politica-della-privacy\/\">Politica della privacy<\/a>. In questi documenti, infatti, viene descritto il metodo adottato per la raccolta, l&#8217;uso e la messa a disposizione dei dati personali degli utenti del Negozio Online. Raccomandiamo anche di leggere le informazioni riportate a seguire prima di passare al Negozio online. Cliccando il tasto \u201caccetto\u201d, dichiari di accettare le disposizioni riportate a seguire e di essere a conoscenza del fatto che la fruizione del Negozio online mguide.eu comporta il salvataggio automatico, sul terminale da te utilizzato, dei cosiddetti file cookie. Allo stesso tempo, esprimi il tuo consenso al trattamento dei dati personali che avrai lasciato nel corso della fruizione del Negozio online e degli altri parametri salvati nei file cookie (ad. es numero IP sui nostri dispositivi) ai fini della missione educativa e con finalit\u00e0 di marketing, compresa l\u2019aggregazione tramite profilazione, nonch\u00e9 con finalit\u00e0 analitiche, da parte del Titolare del trattamento, ossia Mexpo Sp. z o.o. e da parte dei Partner Fidati.<\/p>\n<p>Se utilizzi il nostro Negozio online mguide.eu senza modificare autonomamente le impostazioni del tuo browser web in materia di file cookie (ad es. mancata attivazione del blocco dei cookie), ci\u00f2 comporter\u00e0 il loro salvataggio automatico nella memoria del terminale utilizzato per la fruizione del nostro Servizio. <a href=\"https:\/\/it.mguide.eu\/politica-dei-cookie\/\">Clicca per ottenere pi\u00f9 informazioni<\/a> su come gestire i file cookie e su come bloccarli. In caso di mancato consenso al trattamento dei cookie da parte nostra o dei nostri Partner Fidati, i tuoi dati personali saranno salvati sui file cookie.<\/p>\n<p>In caso di domande o dubbi, contatta il nostro Responsabile per la Protezione dei Dati.<\/p>\n<p><strong>Chi \u00e8 il Titolare del Trattamento dei tuoi dati?<\/strong><\/p>\n<p>Il Titolare del trattamento dei tuoi dati \u00e8 il Venditore, ossia Mexpo Sp. z o.o., ul. Pu\u0142askiego 8, 81-368 Gda\u0144sk, NIP: 5862383378, REGON: 522801670, KRS: 0000984479. Per il trattamento professionale, la tutela e l\u2019efficienza del Negozio online mguide.eu, ci serviamo di fornitori fidati. Tutti i tuoi dati sono protetti e conservati sui server del nostro Partner Fidato, ossia Mserwis.<\/p>\n<p><strong>Responsabile per la Protezione dei Dati<\/strong><\/p>\n<p>Per garantire la sicurezza del trattamento dei Tuoi dati personali, che deve svolgersi in modo trasparente e conforme alle norme di legge, abbiamo designato un Responsabile per la Protezione dei Dati. Il Responsabile per la Protezione dei Dati potr\u00e0 essere contattato per tutte le questioni relative al trattamento dei dati personali e all&#8217;esercizio dei diritti legati al trattamento dei dati. Qualora desideri contattare il Responsabile per la Protezione dei Dati, utilizza i dati per la corrispondenza indicati a seguire:<br \/>\nE-mail: ido@mguide.eu<br \/>\nIndirizzo per la corrispondenza: Mexpo Sp. z o.o.,ul. Pu\u0142askiego 8, 81-368 Gdynia.<\/p>\n<p><strong>Quali informazioni che ti riguardano (dati personali) trattiamo?<\/strong><\/p>\n<p>Trattiamo i dati da te forniti o lasciati nell\u2019ambito della fruizione delle possibilit\u00e0 offerte dal Negozio Online mguide.eu, compresi i dati salvati sui file cookie, installati sulle pagine del Negozio Online mguide.eu.<\/p>\n<p>Queste informazioni, in particolare, sono dati indispensabili per consentirti di fruire di tutte le possibilit\u00e0 del Negozio Online mguide.eu, compresi i dati indispensabili ai fini della realizzazione del contratto di vendita o dei servizi prestati nell&#8217;ambito del Negozio Online, nonch\u00e9 ai fini della realizzazione degli ordini nell&#8217;ambito del Negozio Online mguide.eu: nome e cognome, paese di provenienza, indirizzo per le consegna, dati necessari per il rilascio della fattura, indirizzo di posta elettronica, numero di telefono, indirizzo IP. Riepilogando, i dati menzionati sono quelli forniti nei moduli e nelle finestre disponibili presso il nostro Negozio Online nel corso del processo di ordinazione e fruizione dei Servizi disponibili nel Negozio Online, nonch\u00e9 i dati da te lasciati durante la visita del nostro Negozio Online, ossia quelli contenuti nei file cookie (ad es. tuo indirizzo IP, informazioni in merito al numero di accessi al sito del Negozio Onlime mguide.eu, contenuti del Negozio Online da te consultati e momento della consultazione).<\/p>\n<p><strong>Base giuridica e obiettivo del trattamento dei tuoi dati personali<\/strong><\/p>\n<p>Il trattamento, da parte nostra, dei tuoi dati personali, richiede sempre una chiara normativa di riferimento. Il regolamento RGPD prevede alcuni tipi di basi giuridiche per il trattamento dei dati. Nel caso della fruizione del Negozio online mguide.eu (compresa la stipula del Contratto di Vendita) e dell&#8217;uso degli altri Servizi da noi offerti sussistono tre basi giuridiche principali.<\/p>\n<p>La prima di esse consiste nel trattamento dei dati personali al fine di eseguire i contratti di vendita stipulati con te e i Servizi prestati, anche affinch\u00e9 tu possa fruire della nostra offerta e dei nostri Servizi, nonch\u00e9 al fine di consentirci la prestazione dell&#8217;oggetto del contratto in modo conforme al contratto stipulato. La base giuridica di questa forma di trattamento dei dati corrisponde all&#8217;art. 6 paragrafo 1 lett. b) RGPD, secondo cui il trattamento \u00e8 necessario all&#8217;esecuzione di un contratto di cui l&#8217;interessato \u00e8 Cliente\/Fruitore del servizio (ossia tu). Il trattamento realizzato su questa base giuridica si riferisce all&#8217;esecuzione dei contratti di vendita e prestazione di Servizi da te stipulati durante la fruizione del Negozio Online mguide.eu in modo completo, nonch\u00e9 la fruizione, da parte tua, dei contenuti disponibili nel Negozio online mguide.eu senza fornire alcuni dati personali, ossia i dati personali non necessari ai fini della stipula del contratto (la fruizione del Negozio Online consiste nella stipula di un contratto il cui testo \u00e8 definito dal Regolamento), compreso l&#8217;esame dei reclami, l&#8217;adeguamento dei Servizi e dei prodotti da noi offerti alle tue necessit\u00e0, l&#8217;analisi e il perfezionamento dei Prodotti e l&#8217;adeguamento dei Servizi disponibili presso il Negozio Online, nonch\u00e9 la garanzia della sicurezza della possibilit\u00e0 di stipula del contratto di vendita offerta presso il Negozio Online e della prestazione dei Servizi a tuo vantaggio.<\/p>\n<p>In secondo luogo, trattiamo i tuoi dati personali con l&#8217;obiettivo di raccogliere ed elaborare i dati aggregati con finalit\u00e0 statistiche, al fine di perfezionare la qualit\u00e0 e i contenuti dei Servizi offerti nell&#8217;ambito del Negozio online mguide.eu (compresa l\u2019analisi e la profilazione dei dati a fini di studio e marketing). La base giuridica di questa forma di trattamento dei dati corrisponde all&#8217;art. 6 paragrafo 1 lett. f) RGPD, ossia: il trattamento \u00e8 necessario per il perseguimento del legittimo interesse del titolare del trattamento (venditore), ossia il nostro. Il nostro legittimo interesse consiste nella necessit\u00e0 di adeguare il contenuto del Negozio Online alle preferenze dei Clienti\/Fruitori dei Servizi e nell\u2019ottimizzazione della fruizione delle pagine web, nonch\u00e9 nella necessit\u00e0 di creare statistiche utilizzabili per l&#8217;analisi del modo in cui tu e gli altri Clienti\/Fruitori del Servizio utilizzate il Negozio Online, in maniera tale da consentirci di preparare i contenuti nel modo che riscuote il maggiore interesse e che \u00e8 ritenuto maggiormente necessario.<\/p>\n<p>In terzo luogo, utilizziamo i tuoi dati personali aggregandoli in modo adeguato, al fine di realizzare un&#8217;attivit\u00e0 educativa costituita dal marketing dei prodotti e dei servizi offerti da noi e dai nostri Partner Fidati (compresa l&#8217;analisi e la profilazione dei dati dei gruppi di utenti, con finalit\u00e0 educative e di marketing). La base giuridica di questa forma di trattamento dei dati corrisponde all&#8217;art. 6 paragrafo 1 lett. a) RGPD, ossia: l&#8217;interessato ha espresso il consenso al trattamento dei propri dati personali per una o pi\u00f9 specifiche finalit\u00e0<\/p>\n<p><strong>Periodo di trattamento dei dati personali<\/strong><\/p>\n<p>I vostri dati personali saranno conservati per la durata del Contratto di vendita o del Contratto di prestazione dei servizi, nonch\u00e9 dopo la scadenza di tali contratti, al fine di garantire il totale regolamento delle prestazioni e degli obblighi tra le parti da essi risultanti, fino alla scadenza del termine di archiviazione (indicato nelle norme vigenti) delle rivendicazioni a titolo di tali contratti, spettanti sia al Venditore (Titolare del Trattamento) che al Cliente\/Fruitore del servizio, nonch\u00e9 il regolamento degli obblighi fiscali, fino all&#8217;archiviazione di tali obblighi, per il periodo imposto dalle norme di legge attualmente vigenti (attualmente, il periodo di archiviazione degli obblighi fiscali \u00e8 pari a 5 anni dalla fine dell\u2019anno fiscale di comparsa dell\u2019obbligo di versare l\u2019imposta a titolo della Vendita o dei Servizi a voi prestati).<\/p>\n<p>I dati trattati per il nostro legittimo interesse saranno trattati finch\u00e9 non eserciterai efficacemente il diritto di opposizione.<\/p>\n<p>I dati trattati in base al tuo consenso saranno trattati fino all&#8217;eventuale ritiro del consenso da parte tua o fino alla rescissione del contratto.<\/p>\n<p>Anche la fruizione, da parte tua, del diritto all&#8217;oblio, comporter\u00e0 la cancellazione dei tuoi dati su tua espressa richiesta.<\/p>\n<p><strong>Chi ha accesso ai tuoi dati?<\/strong><\/p>\n<p>Non trasmetteremo mai i tuoi dati , non li venderemo, n\u00e9 procederemo allo scambio dei dati (con qualsivoglia finalit\u00e0, compresi gli obiettivi di marketing) con altri soggetti. I tuoi dati saranno trasmessi unicamente ai Partner Fidati, ossia ad aziende esterne che agiscono su nostra commissione (ad es. intermediari dei venditori, fornitori dei servizi IT). I dati trasmessi ai soggetti esterni (&#8220;Partner Fidati&#8221;) saranno usati sono ai fini della realizzazione del Contratto di Vendita stipulato con te, nonch\u00e9 con l&#8217;obiettivo di prestarti i nostri servizi o di eseguire i contratti stipulati con te (ad es. presa in consegna di attrezzature o gestione dei pagamenti). I Partner Fidati trattano i dati in base al contratto stipulato con la nostra azienda e soltanto in conformit\u00e0 con le nostre disposizioni, con la nostra Politica della Privacy e con gli standard di sicurezza delle informazioni.<\/p>\n<p>Inoltre, i tuoi dati potranno essere trasmessi ai soggetti autorizzati al loro ottenimento in base alle norme di legge vigenti, agli uffici e agli organi autorizzati al trattamento dei dati in base a norme di legge particolari (ad es. agli organi di polizia, qualora tale organo presenti una richiesta basata su una valida normativa di riferimento).<\/p>\n<p><strong>Che diritti ti spettano nei confronti dei tuoi dati?<\/strong><\/p>\n<p>Ti spetta, tra le altre cose, il diritto di accesso ai dati, di rettifica, di cancellazione (diritto all&#8217;oblio), di limitazione del trattamento, di portabilit\u00e0 dei dati. Puoi anche opporti al trattamento dei dati e ritirare il consenso concesso ai fini del trattamento. Hai anche il diritto di sporgere reclamo all\u2019organo di sorveglianza (Presidente dell\u2019Ufficio per la Tutela dei Dati Personali), qualora tu ritenga che i tuoi dati personali siano utilizzati in modo non conforme. Per sapere come esercitare i tuoi diritti, consulta la <a href=\"https:\/\/it.mguide.eu\/politica-della-privacy\/\">Politica della privacy<\/a>.[\/vc_column_text][\/vc_column][\/vc_row]<\/p>\n<\/div>","protected":false},"excerpt":{"rendered":"<p>[vc_row][vc_column][vc_column_text css=&#8221;&#8221;]Al fine di mantenere la conformit\u00e0 con le norme del regolamento RGPD, abbiamo creato un nuovo Regolamento e la Politica della privacy a esso correlata. La Politica della privacy<\/p>\n","protected":false},"author":1,"featured_media":0,"parent":0,"menu_order":0,"comment_status":"closed","ping_status":"closed","template":"","meta":{"_acf_changed":false,"footnotes":""},"class_list":["post-15542","page","type-page","status-publish","hentry"],"acf":[],"_links":{"self":[{"href":"https:\/\/mguide.eu\/it\/wp-json\/wp\/v2\/pages\/15542","targetHints":{"allow":["GET"]}}],"collection":[{"href":"https:\/\/mguide.eu\/it\/wp-json\/wp\/v2\/pages"}],"about":[{"href":"https:\/\/mguide.eu\/it\/wp-json\/wp\/v2\/types\/page"}],"author":[{"embeddable":true,"href":"https:\/\/mguide.eu\/it\/wp-json\/wp\/v2\/users\/1"}],"replies":[{"embeddable":true,"href":"https:\/\/mguide.eu\/it\/wp-json\/wp\/v2\/comments?post=15542"}],"version-history":[{"count":0,"href":"https:\/\/mguide.eu\/it\/wp-json\/wp\/v2\/pages\/15542\/revisions"}],"wp:attachment":[{"href":"https:\/\/mguide.eu\/it\/wp-json\/wp\/v2\/media?parent=15542"}],"curies":[{"name":"wp","href":"https:\/\/api.w.org\/{rel}","templated":true}]}}