{"id":14340,"date":"2018-11-13T10:49:44","date_gmt":"2018-11-13T09:49:44","guid":{"rendered":"https:\/\/mguide.eu\/produkt\/mguide-dlr-01-s-182\/"},"modified":"2024-10-07T13:42:11","modified_gmt":"2024-10-07T11:42:11","slug":"mguide-dlr-01-s-182","status":"publish","type":"product","link":"https:\/\/mguide.eu\/it\/produkt\/mguide-dlr-01-s-182\/","title":{"rendered":"Sistema per visite guidate &#8211; mGuide DLR-01 | S (18+2)"},"content":{"rendered":"<p>Il kit comprende:<br \/>\n18 x DLR-01R + lacci<br \/>\n2 x DLR-01T + lacci<br \/>\n2 x EHR-01 (o EHR-03S)<br \/>\n1 x CB-20x<\/p>\n<p>Kit SENZA AURICOLARI \u2013 scegli qualsiasi tipo di auricolari dalla nostra offerta!<\/p>\n<p>Vi presentiamo il sistema radiomicrofonico tourguide pi\u00f9 recente (2018)\u2013 mGuide DLR.<\/p>\n<p>Continuando la tradizione che vede mGuide\u2122 (marchio proprio MEXPO) collaborare con gli ingegneri delle nazioni asiatiche pi\u00f9 avanzate tecnologicamente (Giappone, Taiwan, Corea), abbiamo creato il primo sistema radiomicrofonico tourguide per il turismo, funzionante nella banda ISM 2.4GHz \u2013 frequenza mondiale priva di licenze, il cui raggio di azione supera i 150 m di campo visivo (valore oltre 3 volte superiore al raggio di azione massimo dei modelli delle altre aziende disponibili sul mercato.<\/p>\n<p>Grazie alla modulazione digitale basata sul protocollo di accesso temporale multiplo (TDMA), la potenza massima del trasmettitore non supera i 10 mW ammissibili 10mW.<\/p>\n<p>Caratteristiche di mGuide DLR<\/p>\n<p>possibilit\u00e0 di trasmissione da 2 trasmettitori nello stesso tempo, sul medesimo canale<br \/>\nraggio di azione fino a 170 metri di campo visivo<br \/>\n80 canali<br \/>\npossibilit\u00e0 di comunicazione duplex tra i trasmettitori (ad es. comunicazione dell\u2019accompagnatore della gita con la guida a una distanza fino a 150 metri)<br \/>\npossibilit\u00e0 di collegamento di una fonte audio al trasmettitore (ad es. riproduttore mp3) e di trasmissione contemporanea della voce e di uno sfondo musicale\/messaggi registrati (facilitazione del lavoro della guida)<br \/>\npossibilit\u00e0 di ricarica con un normale caricabatteria per telefoni cellulari (ingresso micro USB)<br \/>\npossibilit\u00e0 di ricarica nella valigia caricabatterie (contatti)<br \/>\nregolazione della sensibilit\u00e0 del microfono nel trasmettitore<br \/>\nfunzione di tacitazione del microfono (mute)<\/p>\n<p>Applicazione<\/p>\n<p>Sistema consigliato alle aziende turistiche che inviano i propri clienti in tutti i continenti.<br \/>\nAltri parametri del sistema digitale mGuide DLR-01:<\/p>\n<p>Frequenza 2403-2480 MHz<br \/>\nTipo di trasmissione \u2013 modulazione GFSK con salto di frequenza<br \/>\nAutonomia del ricevitore \u2013 15h (in condizioni normali)<br \/>\nAutonomia del trasmettitore \u2013 10h (in condizioni normali)<br \/>\nBatteria agli ioni di litio 3.7V 800mA<br \/>\nDimensioni 50x88x15 mm<br \/>\nPeso 60 g<\/p>\n","protected":false},"excerpt":{"rendered":"<p>Sistema tour-guide &#8211; modello mGuide DLR-01 per un gruppo di 18 persone con 1 o 2 accompagnatori.  Questo sistema per guide turistiche pu\u00f2 essere utilizzato senza problemi in tutti i continenti, poich\u00e9 utilizza la frequenza mondiale 2.4GHz ISM. Il sistema tourguide mGuide DLR \u00e8 un&#8217;attrezzatura digitale con possibilit\u00e0 di funzionamento simultaneo di 2 trasmettitori tourguide su 1 canale. Garanzia \u2013 3 anni.<\/p>\n","protected":false},"featured_media":15139,"template":"","meta":{"_acf_changed":false},"product_brand":[],"product_cat":[1035],"product_tag":[],"class_list":{"0":"post-14340","1":"product","2":"type-product","3":"status-publish","4":"has-post-thumbnail","6":"product_cat-kit-tour-guide","7":"pa_marka-mguide-it","9":"first","10":"instock","11":"taxable","12":"shipping-taxable","13":"purchasable","14":"product-type-simple"},"acf":[],"_links":{"self":[{"href":"https:\/\/mguide.eu\/it\/wp-json\/wp\/v2\/product\/14340","targetHints":{"allow":["GET"]}}],"collection":[{"href":"https:\/\/mguide.eu\/it\/wp-json\/wp\/v2\/product"}],"about":[{"href":"https:\/\/mguide.eu\/it\/wp-json\/wp\/v2\/types\/product"}],"wp:featuredmedia":[{"embeddable":true,"href":"https:\/\/mguide.eu\/it\/wp-json\/wp\/v2\/media\/15139"}],"wp:attachment":[{"href":"https:\/\/mguide.eu\/it\/wp-json\/wp\/v2\/media?parent=14340"}],"wp:term":[{"taxonomy":"product_brand","embeddable":true,"href":"https:\/\/mguide.eu\/it\/wp-json\/wp\/v2\/product_brand?post=14340"},{"taxonomy":"product_cat","embeddable":true,"href":"https:\/\/mguide.eu\/it\/wp-json\/wp\/v2\/product_cat?post=14340"},{"taxonomy":"product_tag","embeddable":true,"href":"https:\/\/mguide.eu\/it\/wp-json\/wp\/v2\/product_tag?post=14340"}],"curies":[{"name":"wp","href":"https:\/\/api.w.org\/{rel}","templated":true}]}}