{"id":14398,"date":"2018-10-25T15:57:51","date_gmt":"2018-10-25T13:57:51","guid":{"rendered":"https:\/\/mguide.eu\/produkt\/pile-aa-r6-usa-e-getta-everactive-pro-alkaline-480-pezzi\/"},"modified":"2024-07-25T11:38:12","modified_gmt":"2024-07-25T09:38:12","slug":"pile-aa-r6-usa-e-getta-everactive-pro-alkaline-500-pezzi","status":"publish","type":"product","link":"https:\/\/mguide.eu\/it\/produkt\/pile-aa-r6-usa-e-getta-everactive-pro-alkaline-500-pezzi\/","title":{"rendered":"Pile AA (R6) usa e getta everActive Pro Alkaline (500 pezzi)"},"content":{"rendered":"<p>Le nuove batterie perfezionate offrono un funzionamento prolungato del 60% rispetto alla prima generazione Industrial Alkaline, destinate all&#8217;uso in dispositivi a elevato assorbimento energetico<br \/>\nBatterie di produzione recente &#8211; fornite direttamente dal noto produttore everActive, con un lungo periodo di validit\u00e0 (fino a 10 anni dalla data di produzione).<\/p>\n<p>Affidabilit\u00e0 accertata.<br \/>\nLa serie Pro Alkaline \u00e8 la pi\u00f9 potente &#8211; garantisce il massimo rendimento ed \u00e8 adatta anche ai dispositivi pi\u00f9 esigenti.<\/p>\n<p>Caratteristiche delle batterie everActive:<br \/>\n&#8211; struttura resistente e impermeabile &#8211; elevata resistenza alle fuoriuscite, lungo periodo di idoneit\u00e0 all&#8217;uso con mantenimento dei parametri di esercizio,<br \/>\n&#8211; alto rendimento sia in dispositivi a basso assorbimento (telecomandi, orologi) che in dispositivi ad assorbimento elevato (attrezzature mediche, macchine fotografiche digitali),<br \/>\n&#8211; particolarmente consigliate per usi industriali e professionali,<br \/>\n&#8211; elevata affidabilit\u00e0 e ripetibilit\u00e0 dei parametri.<\/p>\n","protected":false},"excerpt":{"rendered":"<p>La serie pi\u00f9 potente di batterie Pro Alkaline: garantisce il massimo livello di prestazioni. Struttura rinforzata e sigillata: elevata resistenza al versamento, lunga durata di conservazione pur mantenendo elevati valori di utilit\u00e0.<\/p>\n","protected":false},"featured_media":14399,"template":"","meta":{"_acf_changed":false},"product_brand":[],"product_cat":[2378,5500],"product_tag":[],"class_list":{"0":"post-14398","1":"product","2":"type-product","3":"status-publish","4":"has-post-thumbnail","6":"product_cat-pile-monouso-e-pile-ricaricabili","7":"product_cat-pile-monouso-e-pile-ricaricabili-it","8":"product_shipping_class-baterie-it","10":"first","11":"instock","12":"taxable","13":"shipping-taxable","14":"purchasable","15":"product-type-simple"},"acf":[],"_links":{"self":[{"href":"https:\/\/mguide.eu\/it\/wp-json\/wp\/v2\/product\/14398","targetHints":{"allow":["GET"]}}],"collection":[{"href":"https:\/\/mguide.eu\/it\/wp-json\/wp\/v2\/product"}],"about":[{"href":"https:\/\/mguide.eu\/it\/wp-json\/wp\/v2\/types\/product"}],"wp:featuredmedia":[{"embeddable":true,"href":"https:\/\/mguide.eu\/it\/wp-json\/wp\/v2\/media\/14399"}],"wp:attachment":[{"href":"https:\/\/mguide.eu\/it\/wp-json\/wp\/v2\/media?parent=14398"}],"wp:term":[{"taxonomy":"product_brand","embeddable":true,"href":"https:\/\/mguide.eu\/it\/wp-json\/wp\/v2\/product_brand?post=14398"},{"taxonomy":"product_cat","embeddable":true,"href":"https:\/\/mguide.eu\/it\/wp-json\/wp\/v2\/product_cat?post=14398"},{"taxonomy":"product_tag","embeddable":true,"href":"https:\/\/mguide.eu\/it\/wp-json\/wp\/v2\/product_tag?post=14398"}],"curies":[{"name":"wp","href":"https:\/\/api.w.org\/{rel}","templated":true}]}}