{"id":27941,"date":"2021-12-15T12:02:50","date_gmt":"2021-12-15T11:02:50","guid":{"rendered":"https:\/\/mguide.eu\/?post_type=product&#038;p=27941"},"modified":"2024-07-25T11:27:32","modified_gmt":"2024-07-25T09:27:32","slug":"headset-kit-auricolari-microfono-he-003","status":"publish","type":"product","link":"https:\/\/mguide.eu\/it\/produkt\/headset-kit-auricolari-microfono-he-003\/","title":{"rendered":"Headset (kit auricolari-microfono) HE-003"},"content":{"rendered":"<p>Combinazione di auricolare e microfono a sfera. Le cuffie sono comode da usare grazie alla forma della lettera D sopra l&#8217;orecchio. Grazie alla vestibilit\u00e0 comoda, \u00e8 adatto per un uso a lungo termine. L&#8217;auricolare pu\u00f2 essere indossato sul lato sinistro o destro.<\/p>\n","protected":false},"excerpt":{"rendered":"<p>Cuffie HE-003, combinazione di auricolare e microfono a sfera. Comodo da usare, per un uso a lungo termine. Per l&#8217;orecchio destro e sinistro.<\/p>\n","protected":false},"featured_media":27946,"template":"","meta":{"_acf_changed":false},"product_brand":[],"product_cat":[4465],"product_tag":[],"class_list":{"0":"post-27941","1":"product","2":"type-product","3":"status-publish","4":"has-post-thumbnail","6":"product_cat-headsets-it","7":"pa_marka-axiwi-it","9":"first","10":"instock","11":"taxable","12":"shipping-taxable","13":"purchasable","14":"product-type-simple"},"acf":[],"_links":{"self":[{"href":"https:\/\/mguide.eu\/it\/wp-json\/wp\/v2\/product\/27941","targetHints":{"allow":["GET"]}}],"collection":[{"href":"https:\/\/mguide.eu\/it\/wp-json\/wp\/v2\/product"}],"about":[{"href":"https:\/\/mguide.eu\/it\/wp-json\/wp\/v2\/types\/product"}],"wp:featuredmedia":[{"embeddable":true,"href":"https:\/\/mguide.eu\/it\/wp-json\/wp\/v2\/media\/27946"}],"wp:attachment":[{"href":"https:\/\/mguide.eu\/it\/wp-json\/wp\/v2\/media?parent=27941"}],"wp:term":[{"taxonomy":"product_brand","embeddable":true,"href":"https:\/\/mguide.eu\/it\/wp-json\/wp\/v2\/product_brand?post=27941"},{"taxonomy":"product_cat","embeddable":true,"href":"https:\/\/mguide.eu\/it\/wp-json\/wp\/v2\/product_cat?post=27941"},{"taxonomy":"product_tag","embeddable":true,"href":"https:\/\/mguide.eu\/it\/wp-json\/wp\/v2\/product_tag?post=27941"}],"curies":[{"name":"wp","href":"https:\/\/api.w.org\/{rel}","templated":true}]}}