{"id":30488,"date":"2022-06-27T13:33:18","date_gmt":"2022-06-27T11:33:18","guid":{"rendered":"https:\/\/mguide.eu\/?post_type=product&#038;p=30488"},"modified":"2022-06-27T13:56:29","modified_gmt":"2022-06-27T11:56:29","slug":"okayo-dl-8t-trasmettitore-bodypack-beltpack-microport-ultra-leggero","status":"publish","type":"product","link":"https:\/\/mguide.eu\/it\/produkt\/okayo-dl-8t-trasmettitore-bodypack-beltpack-microport-ultra-leggero\/","title":{"rendered":"Okayo DL-8T trasmettitore bodypack \/ beltpack \/ microport ultra leggero"},"content":{"rendered":"<p>Il periodo di garanzia \u00e8 di 3 anni.<br \/>\nOffriamo assistenza tecnica completa, aggiornamenti e manutenzione del sistema anche dopo la scadenza della garanzia.<\/p>\n<p>Nota: questo prodotto non \u00e8 un set audio completo, ma solo un trasmettitore aggiuntivo!<\/p>\n<p>Okayo DL-8T \u00e8 probabilmente il pi\u00f9 leggero e piccolo trasmettitore microport \/ bodypack disponibile sul mercato. Le sue dimensioni senza antenna sono 44 x 81 x 15 mm e il peso \u00e8 di soli 55 g!<\/p>\n<p>Trasmettitore tascabile multifrequenza UHF in modulazione digitale 4 GFSK dell&#8217;azienda taiwanese Okayo Electronics. Adatto per microfoni ad archetto o da cravatta con connettore mini jack mono universale da 3,5 mm. 42 canali selezionabili in due frequenze della banda 800 MHz.<\/p>\n<p>Il bodypack DL-8T \u00e8 compatibile con il ricevitore Okayo SRX-800 (\u00e8 possibile collegare 2 trasmettitori a 1 ricevitore).<\/p>\n<p>Il sistema Okayo DL-8T \u00e8 un ottimo ingresso nel mondo della trasmissione sonora wireless.<br \/>\nPerch\u00e9 scegliere questo sistema?<br \/>\nPerch\u00e9 DL-8T trasmette nella banda digitale 823 MHz &#8211; 832 MHz e 863 MHz &#8211; 865 MHz, che \u00e8 ben lontana dalle bande utilizzate dai sistemi microfonici pi\u00f9 diffusi e dal Wi-Fi. In questo modo si ottiene un sistema microfonico sicuro, privo delle interferenze e dei crepitii che sono soliti affliggere i sistemi wireless UHF standard.<\/p>\n<p>Composizione del kit:<br \/>\n&#8211; trasmettitore wireless DL-8T<br \/>\n&#8211; Microfono da cravatta LM-50A<br \/>\n&#8211; cavo di ricarica USB-C<br \/>\n&#8211; cordino<\/p>\n<p>Caratteristiche del trasmettitore Okayo DL-8T:<br \/>\n&#8211; Piccolo e molto leggero: pesa solo 55 g!<br \/>\n&#8211; due bande di frequenza UHF combinate 823 MHz ~ 832 MHz e 863 MHz ~ 865 MHz &#8211; 42 canali radio tra cui scegliere<br \/>\n&#8211; Batteria ricaricabile integrata per una trasmissione stabile del segnale<br \/>\n&#8211; oltre 20 ore di funzionamento continuo<br \/>\n&#8211; 2 &#8211; 4 ore di ricarica tramite porta USB-C<br \/>\n&#8211; connettore mini jack universale da 3,5 mm<\/p>\n<p>Specifica tecnica Okayo DL-8T:<br \/>\nBanda di frequenza: 823 ~ 832 MHz &amp; 863~ 865 MHz<br \/>\nNumero di canali 42<br \/>\nModulazione dell&#8217;emissione: 4 GFSK<br \/>\nT.H.D. per 1 kHz (rapporto di contenuto armonico): &lt;1,5 % Campionamento audio: 24 kHz Gamma dinamica: &gt;80 dB<br \/>\nLarghezza di banda: 100 ~ 10000 Hz<br \/>\nLatenza &lt;11 ms<br \/>\nPotenza di uscita del segnale: 10 mW \/ 20 mW<br \/>\nDisplay LCD: 0,66\u201d TN<br \/>\nPresa per microfono: jack 3,5 mm mono<br \/>\nTipo di connettore di ricarica: USB-C \/ 800 mA<br \/>\nAlimentazione: batteria Li-Poly 3,7 V \/ 1300 mAh<br \/>\nTempo di funzionamento: fino a 25 ore<br \/>\nPortata di trasmissione: Hi: 70+ metri \/ Lo: 50+ metri<br \/>\nIntervallo di temperatura di esercizio: -10\u00b0C ~ 60\u00b0C<br \/>\nDimensioni (L x P x A): 44 x 81 x 15 mm (senza antenna)<br \/>\nPeso: 55 g<\/p>\n","protected":false},"excerpt":{"rendered":"<p>Trasmettitore bodypack per i set di microfoni wireless Okayo SRX-800. Il prodotto \u00e8 un trasmettitore aggiuntivo e richiede un ricevitore fisso SRX-800 per funzionare.<\/p>\n","protected":false},"featured_media":38153,"template":"","meta":{"_acf_changed":false},"product_brand":[],"product_cat":[5184],"product_tag":[],"class_list":{"0":"post-30488","1":"product","2":"type-product","3":"status-publish","4":"has-post-thumbnail","6":"product_cat-set-microfonici-wireless","7":"pa_marka-okayo-it","9":"first","10":"instock","11":"taxable","12":"shipping-taxable","13":"purchasable","14":"product-type-simple"},"acf":[],"_links":{"self":[{"href":"https:\/\/mguide.eu\/it\/wp-json\/wp\/v2\/product\/30488","targetHints":{"allow":["GET"]}}],"collection":[{"href":"https:\/\/mguide.eu\/it\/wp-json\/wp\/v2\/product"}],"about":[{"href":"https:\/\/mguide.eu\/it\/wp-json\/wp\/v2\/types\/product"}],"wp:featuredmedia":[{"embeddable":true,"href":"https:\/\/mguide.eu\/it\/wp-json\/wp\/v2\/media\/38153"}],"wp:attachment":[{"href":"https:\/\/mguide.eu\/it\/wp-json\/wp\/v2\/media?parent=30488"}],"wp:term":[{"taxonomy":"product_brand","embeddable":true,"href":"https:\/\/mguide.eu\/it\/wp-json\/wp\/v2\/product_brand?post=30488"},{"taxonomy":"product_cat","embeddable":true,"href":"https:\/\/mguide.eu\/it\/wp-json\/wp\/v2\/product_cat?post=30488"},{"taxonomy":"product_tag","embeddable":true,"href":"https:\/\/mguide.eu\/it\/wp-json\/wp\/v2\/product_tag?post=30488"}],"curies":[{"name":"wp","href":"https:\/\/api.w.org\/{rel}","templated":true}]}}