{"id":30511,"date":"2022-06-27T14:37:03","date_gmt":"2022-06-27T12:37:03","guid":{"rendered":"https:\/\/mguide.eu\/?post_type=product&#038;p=30511"},"modified":"2022-06-27T14:59:20","modified_gmt":"2022-06-27T12:59:20","slug":"set-per-trasmissione-audio-wireless-microfono-a-condensatore-wireless-okayo-dl-8h-ricevitore-multifrequenza-okayo-srx-800","status":"publish","type":"product","link":"https:\/\/mguide.eu\/it\/produkt\/set-per-trasmissione-audio-wireless-microfono-a-condensatore-wireless-okayo-dl-8h-ricevitore-multifrequenza-okayo-srx-800\/","title":{"rendered":"Set per trasmissione audio wireless \/ Microfono a condensatore wireless Okayo DL-8H + Ricevitore multifrequenza Okayo SRX-800"},"content":{"rendered":"<p>Il periodo di garanzia \u00e8 di 3 anni.<br \/>\nOffriamo assistenza tecnica completa, aggiornamenti e manutenzione del sistema anche dopo la scadenza della garanzia.<\/p>\n<p>Il set \u00e8 composto da un piccolo ricevitore fisso a due canali e da un microfono a condensatore wireless.<\/p>\n<p>Okayo SRX-800 con il trasmettitore wireless DL-8 \u00e8 un ottimo ingresso nel mondo della trasmissione sonora wireless.<br \/>\nPerch\u00e9 scegliere questo sistema?<br \/>\nPerch\u00e9 SRX-800 trasmette nella banda digitale 823 MHz &#8211; 832 MHz e 863 MHz &#8211; 865 MHz, che \u00e8 ben lontana dalle bande utilizzate dai sistemi microfonici pi\u00f9 diffusi e dal Wi-Fi. In questo modo si ottiene un sistema microfonico sicuro, privo delle interferenze e dei crepitii che sono soliti affliggere i sistemi wireless UHF standard.<\/p>\n<p>Okayo offre la pi\u00f9 recente banda wireless UHF con tecnologia digitale e fornisce un suono di alta qualit\u00e0 combinato con una funzione di bassa latenza e distorsione. Allo stesso tempo, il dispositivo \u00e8 dotato di un display LCD molto chiaro con le informazioni chiave per l&#8217;utente e la funzione SYNC aiuta a selezionare facilmente un canale privo di interferenze e a sincronizzare i microfoni. Inoltre, le dimensioni ridotte delle unit\u00e0 non creano problemi nel trovare una collocazione.<\/p>\n<p>Questo sistema offre un funzionamento estremamente semplice e una selezione immediata dei canali. \u00c8 possibile utilizzare contemporaneamente fino a due set di microfoni senza dover impostare la frequenza o il canale del gruppo. Non devi preoccuparti che i microfoni interferiscano l&#8217;uno con l&#8217;altro. Inoltre, \u00e8 possibile utilizzare fino a 20 microfoni wireless (10 ricevitori) nella stessa area senza preoccuparsi di interferenze reciproche nella trasmissione del suono!<\/p>\n<p>Composizione del kit:<br \/>\n&#8211; ricevitore fisso a due canali SRX-800 con jack da 6,3 mm &#8211; cavo audio con jack da 6,3 mm e accessori per il montaggio a rack<br \/>\n&#8211; Microfono wireless DL-8H<br \/>\n&#8211; set di batterie alcaline<\/p>\n<p>Caratteristiche del ricevitore Okayo SRX-800:<br \/>\n&#8211; Modalit\u00e0 di scansione automatica e sincronizzazione del canale del ricevitore con il trasmettitore<br \/>\n&#8211; Un ricevitore supporta due microfoni<br \/>\n&#8211; due bande di frequenza UHF combinate UHF 823 MHz ~ 832 MHz i 863 MHz ~ 865 MHz &#8211; 42 canali tra cui scegliere<br \/>\n&#8211; 2 prese di uscita audio &#8211; XLR verso l&#8217;amplificatore \/ jack da 6,3 mm verso il mixer<br \/>\n&#8211; Alloggiamento in metallo da 1\/4 con due antenne<br \/>\n&#8211; display LCD retroilluminato per una facile lettura delle informazioni necessarie<br \/>\n&#8211; Indicatore di potenza del segnale<br \/>\n&#8211; indicazione dello stato della batteria dei trasmettitori<br \/>\n&#8211; ricevitore stand-alone con possibilit\u00e0 di montaggio a rack<\/p>\n<p>Caratteristiche del microfono wireless DL-8H:<br \/>\n42 canali radio in una larghezza di banda combinata di 823 MHz ~ 832 MHz + 863 MHz ~ 865 MHz<br \/>\nCapsula a condensatore integrata con protezione a rete mesh<br \/>\ndisplay LCD retroilluminato<br \/>\nsincronizzazione automatica con il ricevitore<br \/>\nalimentato da batterie alcaline AA o batterie ricaricabili AA Ni-MH (\u00e8 disponibile il caricatore da tavolo dedicato HDC-502)<br \/>\n2 modalit\u00e0 di microfono disponibili (Push-To-Bolt e Push-To-Talk)<br \/>\nestremamente leggero e confortevole<br \/>\ndesign professionale<\/p>\n<p>Specifica tecnica Okayo SRX-800:<br \/>\nBanda di frequenza: 823 ~ 832 MHz &amp; 863~ 865 MHz<br \/>\nNumero di canali 42<br \/>\nModulazione dell&#8217;emissione: 4 GFSK<br \/>\nT.H.D. (rapporto di contenuto armonico): &lt;3 % SNR (rapporto segnale\/rumore) &gt;75 dB<br \/>\nLarghezza di banda: 100 ~ 8000 Hz<br \/>\nLatenza &lt;10 ms<br \/>\nUscita non bilanciata 6,3 mm: Hi (High): 1250\u00b1100 mV \/ Low: 50\u00b1100 mV<br \/>\nUscita XLR bilanciata: 650\u00b150 mV<br \/>\nPortata di trasmissione: Hi: 70+ metr\u00f3w \/ Lo: 50+ metri<br \/>\nIntervallo di temperatura di esercizio: -10\u00b0C ~ 60\u00b0C<br \/>\nDimensioni: (L x P x A): 117 x 190 x 50 mm (senza antenne)<br \/>\nPeso: 640\u00b130 g<\/p>\n<p>Specifica tecnica Okayo DL-8H:<br \/>\nTipo di microfono: capacitivo<br \/>\nTipo di capsula: cardioide<br \/>\nCaratteristica direzionale: unidirezionale<br \/>\nBanda di frequenza: 823 ~ 832 MHz &amp; 863~ 865 MHz<br \/>\nNumero di canali 42<br \/>\nModulazione dell&#8217;emissione: 4 GFSK<br \/>\nT.H.D. per 1 kHz (rapporto di contenuto armonico): &lt;1,5 % Rapporto segnale\/rumore di fondo: &gt;75 dB<br \/>\nLarghezza di banda: 130 ~ 7000 Hz<br \/>\nPotenza di uscita del segnale: 10 mW \/ 20 mW<br \/>\nAlimentazione: 2 x AA<br \/>\nTempo di funzionamento: oltre 13 ore<br \/>\nPortata di trasmissione: Hi: 70+ metri \/ Lo: 50+ metri<br \/>\nIntervallo di temperatura di esercizio: -10\u00b0C ~ 60\u00b0C<br \/>\nDimensioni (L x A): 37 x 200 mm<br \/>\nPeso (senza batteria): 90\u00b15 g<\/p>\n","protected":false},"excerpt":{"rendered":"<p>Set con 1 microfono wireless e ricevitore per produzioni teatrali e teatrali.<\/p>\n","protected":false},"featured_media":38167,"template":"","meta":{"_acf_changed":false},"product_brand":[],"product_cat":[5184],"product_tag":[],"class_list":{"0":"post-30511","1":"product","2":"type-product","3":"status-publish","4":"has-post-thumbnail","6":"product_cat-set-microfonici-wireless","7":"pa_marka-okayo-it","9":"first","10":"instock","11":"taxable","12":"shipping-taxable","13":"purchasable","14":"product-type-simple"},"acf":[],"_links":{"self":[{"href":"https:\/\/mguide.eu\/it\/wp-json\/wp\/v2\/product\/30511","targetHints":{"allow":["GET"]}}],"collection":[{"href":"https:\/\/mguide.eu\/it\/wp-json\/wp\/v2\/product"}],"about":[{"href":"https:\/\/mguide.eu\/it\/wp-json\/wp\/v2\/types\/product"}],"wp:featuredmedia":[{"embeddable":true,"href":"https:\/\/mguide.eu\/it\/wp-json\/wp\/v2\/media\/38167"}],"wp:attachment":[{"href":"https:\/\/mguide.eu\/it\/wp-json\/wp\/v2\/media?parent=30511"}],"wp:term":[{"taxonomy":"product_brand","embeddable":true,"href":"https:\/\/mguide.eu\/it\/wp-json\/wp\/v2\/product_brand?post=30511"},{"taxonomy":"product_cat","embeddable":true,"href":"https:\/\/mguide.eu\/it\/wp-json\/wp\/v2\/product_cat?post=30511"},{"taxonomy":"product_tag","embeddable":true,"href":"https:\/\/mguide.eu\/it\/wp-json\/wp\/v2\/product_tag?post=30511"}],"curies":[{"name":"wp","href":"https:\/\/api.w.org\/{rel}","templated":true}]}}